{"id":133,"date":"2016-09-19T15:26:06","date_gmt":"2016-09-19T14:26:06","guid":{"rendered":"https:\/\/lhivernu.wordpress.com\/?page_id=133"},"modified":"2026-04-16T14:08:32","modified_gmt":"2026-04-16T12:08:32","slug":"le-viala","status":"publish","type":"page","link":"https:\/\/lhivernu.com\/index.php\/le-viala\/","title":{"rendered":"La Fabrique du Viala"},"content":{"rendered":"\t\t<div data-elementor-type=\"wp-page\" data-elementor-id=\"133\" class=\"elementor elementor-133\">\n\t\t\t\t\t\t<section class=\"elementor-section elementor-top-section elementor-element elementor-element-2e32b490 elementor-section-boxed elementor-section-height-default elementor-section-height-default\" data-id=\"2e32b490\" data-element_type=\"section\" data-e-type=\"section\">\n\t\t\t\t\t\t<div class=\"elementor-container elementor-column-gap-default\">\n\t\t\t\t\t<div class=\"elementor-column elementor-col-100 elementor-top-column elementor-element elementor-element-1e841381\" data-id=\"1e841381\" data-element_type=\"column\" data-e-type=\"column\">\n\t\t\t<div class=\"elementor-widget-wrap elementor-element-populated\">\n\t\t\t\t\t\t<div class=\"elementor-element elementor-element-482ebbc7 elementor-widget elementor-widget-text-editor\" data-id=\"482ebbc7\" data-element_type=\"widget\" data-e-type=\"widget\" data-widget_type=\"text-editor.default\">\n\t\t\t\t<div class=\"elementor-widget-container\">\n\t\t\t\t\t\t\t\t\t<p><span style=\"color: #008080;\"><strong>La Fabrique th\u00e9\u00e2trale<\/strong><\/span><br \/><span style=\"color: #000000;\">Depuis l\u2019automne 2011, l\u2019ancienne colonie de vacances du Viala s\u2019est m\u00e9tamorphos\u00e9e en espace d\u00e9di\u00e9 au\u00a0<\/span><span style=\"color: #000000;\">th\u00e9\u00e2tre et au spectacle vivant.<\/span><br \/><span style=\"color: #000000;\">Deux salles de travail sont consacr\u00e9es \u00e0 la recherche et aux r\u00e9p\u00e9titions, reli\u00e9es par un foyer am\u00e9nag\u00e9 en bar.<\/span><\/p><p><span style=\"color: #000000;\">Pour que ce lieu vive artistiquement et chaleureusement, nous le partageons chaque saison avec d\u2019autres<\/span><br \/><span style=\"color: #000000;\">artistes (compagnies de th\u00e9\u00e2tre, musiciens, danseurs\u2026).<\/span><\/p><p><span style=\"color: #000000;\">Depuis l\u2019automne 2016, nous tentons d\u2019en faire un lieu du commun avec tous ceux, artistes, associations ou\u00a0<\/span><span style=\"color: #000000;\">spectateurs, qui souhaitent accompagner un projet o\u00f9 l\u2019art et la vie quotidienne ne seraient plus s\u00e9par\u00e9s en\u00a0<\/span><span style=\"color: #000000;\">temps de travail et temps de loisirs, et rythm\u00e9s uniquement par des codes marchands.<\/span><\/p><p><span style=\"color: #000000;\">Ainsi, la Fabrique du Viala est un lieu qui permet aux artistes d\u2019\u00eatre constamment en recherche tout en<\/span><br \/><span style=\"color: #000000;\">partageant r\u00e9guli\u00e8rement leurs questionnements artistiques avec un public de plus en plus nombreux.<\/span><\/p>\t\t\t\t\t\t\t\t<\/div>\n\t\t\t\t<\/div>\n\t\t\t\t\t<\/div>\n\t\t<\/div>\n\t\t\t\t\t<\/div>\n\t\t<\/section>\n\t\t\t\t<section class=\"elementor-section elementor-top-section elementor-element elementor-element-174494d elementor-section-boxed elementor-section-height-default elementor-section-height-default\" data-id=\"174494d\" data-element_type=\"section\" data-e-type=\"section\">\n\t\t\t\t\t\t<div class=\"elementor-container elementor-column-gap-default\">\n\t\t\t\t\t<div class=\"elementor-column elementor-col-50 elementor-top-column elementor-element elementor-element-13a2eef\" data-id=\"13a2eef\" data-element_type=\"column\" data-e-type=\"column\">\n\t\t\t<div class=\"elementor-widget-wrap elementor-element-populated\">\n\t\t\t\t\t\t<div class=\"elementor-element elementor-element-1b10cae elementor-widget elementor-widget-text-editor\" data-id=\"1b10cae\" data-element_type=\"widget\" data-e-type=\"widget\" data-widget_type=\"text-editor.default\">\n\t\t\t\t<div class=\"elementor-widget-container\">\n\t\t\t\t\t\t\t\t\t<p><span style=\"color: #008080;\"><span style=\"font-weight: 600;\">Partager et se rencontrer : Banquets d\u2019hiver<\/span><\/span><\/p><p><span style=\"color: #000000;\">Une fois par mois, nous proposons des banquets aupr\u00e8s du po\u00eale : grandes tables, prises de paroles, toasts\u2026<\/span><br \/><span style=\"color: #000000;\">Ce moment convivial, qui rassemble chaque mois 40 \u00e0 70 personnes, est pr\u00e9c\u00e9d\u00e9 d\u2019une performance propos\u00e9e\u00a0<\/span><span style=\"color: #000000;\">par les artistes proches de la compagnie ou accueillis en r\u00e9sidence tout au long de l\u2019ann\u00e9e.<\/span><br \/><span style=\"color: #000000;\">Depuis l\u2019automne 2018, un collectif d\u2019habitants des alentours s\u2019est constitu\u00e9 et participe \u00e0 l\u2019ensemble de\u00a0<\/span><span style=\"color: #000000;\">l\u2019organisation des banquets.<\/span><\/p><p><span style=\"color: #000000;\">Ainsi, chaque banquet \u00e9volue dans sa forme m\u00eame, en fonction des d\u00e9sirs et de\u00a0<\/span><span style=\"color: #000000;\">l\u2019inventivit\u00e9 de ceux qui y participent\u00a0<\/span><\/p>\t\t\t\t\t\t\t\t<\/div>\n\t\t\t\t<\/div>\n\t\t\t\t\t<\/div>\n\t\t<\/div>\n\t\t\t\t<div class=\"elementor-column elementor-col-50 elementor-top-column elementor-element elementor-element-9655972\" data-id=\"9655972\" data-element_type=\"column\" data-e-type=\"column\">\n\t\t\t<div class=\"elementor-widget-wrap elementor-element-populated\">\n\t\t\t\t\t\t<div class=\"elementor-element elementor-element-1390cc3 elementor-widget elementor-widget-text-editor\" data-id=\"1390cc3\" data-element_type=\"widget\" data-e-type=\"widget\" data-widget_type=\"text-editor.default\">\n\t\t\t\t<div class=\"elementor-widget-container\">\n\t\t\t\t\t\t\t\t\t<p><span style=\"color: #008080;\"><span style=\"font-weight: 600;\">D\u00e9couvrir de nouveaux artistes<\/span><\/span><\/p><p><span style=\"color: #000000;\"><span style=\"font-weight: 600;\">Acc\u00e8s libre<\/span>\u00a0: Durant une semaine, une dizaine d\u2019artistes est convi\u00e9e \u00e0 pr\u00e9parer une carte blanche de trois\u00a0<\/span><span style=\"color: #000000;\">jours. C\u2019est l\u2019occasion pour chacun de pr\u00e9senter des travaux en cours, de faire \u00e9tat d\u2019une recherche, de\u00a0<\/span><span style=\"color: #000000;\">proposer des lectures, des \u00e9coutes\u2026<\/span><\/p><p><span style=\"color: #000000;\"><span style=\"font-weight: 600;\">R\u00e9sidences \u00ab ici et ailleurs \u00bb<\/span>\u00a0: Des artistes d\u2019horizons diff\u00e9rents, aussi bien artistiquement que<\/span><br \/><span style=\"color: #000000;\">g\u00e9ographiquement, investissent la fabrique pour y d\u00e9velopper leur recherche artistique, pendant quelques jours\u00a0<\/span><span style=\"color: #000000;\">ou plusieurs semaines. Ces artistes sont accueillis par la compagnie L\u2019hiver nu, mais aussi en lien avec les autres\u00a0<\/span><span style=\"color: #000000;\">structures d\u00e9partementales comme les Sc\u00e8nes Crois\u00e9es de Loz\u00e8re<\/span><\/p>\t\t\t\t\t\t\t\t<\/div>\n\t\t\t\t<\/div>\n\t\t\t\t\t<\/div>\n\t\t<\/div>\n\t\t\t\t\t<\/div>\n\t\t<\/section>\n\t\t\t\t<section class=\"elementor-section elementor-top-section elementor-element elementor-element-2c255b1 elementor-section-boxed elementor-section-height-default elementor-section-height-default\" data-id=\"2c255b1\" data-element_type=\"section\" data-e-type=\"section\">\n\t\t\t\t\t\t<div class=\"elementor-container elementor-column-gap-default\">\n\t\t\t\t\t<div class=\"elementor-column elementor-col-50 elementor-top-column elementor-element elementor-element-c3166a8\" data-id=\"c3166a8\" data-element_type=\"column\" data-e-type=\"column\">\n\t\t\t<div class=\"elementor-widget-wrap elementor-element-populated\">\n\t\t\t\t\t\t<div class=\"elementor-element elementor-element-10fb686 elementor-widget elementor-widget-text-editor\" data-id=\"10fb686\" data-element_type=\"widget\" data-e-type=\"widget\" data-widget_type=\"text-editor.default\">\n\t\t\t\t<div class=\"elementor-widget-container\">\n\t\t\t\t\t\t\t\t\t<p><span style=\"color: #008080;\"><span style=\"font-weight: 600;\">Proposer du th\u00e9\u00e2tre aux plus jeunes<\/span><\/span><\/p>\n<p><span style=\"color: #000000;\"><span style=\"font-weight: 600;\">Mon p\u2019tit doigt m\u2019a dit<\/span>\u00a0: 3 jours de rencontres en juin, du th\u00e9\u00e2tre fait par les enfants pour tous publics.<\/span><br \/><span style=\"color: #000000;\"><span style=\"font-weight: 600;\">Une apr\u00e8s-midi au th\u00e9\u00e2tre<\/span>\u00a0: Un samedi par mois au Viala, d\u00e9couverte du th\u00e9\u00e2tre contemporain pour la<\/span><br \/><span style=\"color: #000000;\">jeunesse : lectures, go\u00fbters, ateliers<\/span><br \/><span style=\"color: #000000;\"><span style=\"font-weight: 600;\">Ateliers amateurs, interventions scolaires\u2026<\/span><\/span><\/p>\n<div><span style=\"color: #000000;\"><span style=\"font-weight: 600;\">\u00a0<\/span><\/span><\/div>\t\t\t\t\t\t\t\t<\/div>\n\t\t\t\t<\/div>\n\t\t\t\t\t<\/div>\n\t\t<\/div>\n\t\t\t\t<div class=\"elementor-column elementor-col-50 elementor-top-column elementor-element elementor-element-25f93f7\" data-id=\"25f93f7\" data-element_type=\"column\" data-e-type=\"column\">\n\t\t\t<div class=\"elementor-widget-wrap elementor-element-populated\">\n\t\t\t\t\t\t<div class=\"elementor-element elementor-element-9082893 elementor-widget elementor-widget-text-editor\" data-id=\"9082893\" data-element_type=\"widget\" data-e-type=\"widget\" data-widget_type=\"text-editor.default\">\n\t\t\t\t<div class=\"elementor-widget-container\">\n\t\t\t\t\t\t\t\t\t<p><span style=\"font-weight: 600;\"><span style=\"color: #008080;\">\u00c9quipement<\/span><\/span><\/p><p><span style=\"color: #000000; font-family: var( --e-global-typography-text-font-family ), Sans-serif; font-weight: var( --e-global-typography-text-font-weight );\">Le lieu offre\u00a0<\/span><span style=\"color: #000000; font-family: var( --e-global-typography-text-font-family ), Sans-serif; font-weight: 600;\">deux salles de r\u00e9p\u00e9tition<\/span><span style=\"color: #000000; font-family: var( --e-global-typography-text-font-family ), Sans-serif; font-weight: var( --e-global-typography-text-font-weight );\">\u00a0(une de 6 m par 15 de long et l&rsquo;autre 5 m par 10 de long) dont une \u00e9quip\u00e9e en mat\u00e9riel sc\u00e9nique (lumi\u00e8re, son, tapis de danse etc&#8230;),\u00a0<\/span><span style=\"color: #000000; font-family: var( --e-global-typography-text-font-family ), Sans-serif; font-weight: 600;\">un foyer<\/span><span style=\"color: #000000; font-family: var( --e-global-typography-text-font-family ), Sans-serif; font-weight: var( --e-global-typography-text-font-weight );\">\u00a0avec une biblioth\u00e8que, un bar et une cuisine (90 M2),\u00a0<\/span><span style=\"color: #000000; font-family: var( --e-global-typography-text-font-family ), Sans-serif; font-weight: 600;\">un atelier de construction<\/span><span style=\"color: #000000; font-family: var( --e-global-typography-text-font-family ), Sans-serif; font-weight: var( --e-global-typography-text-font-weight );\">,\u00a0<\/span><span style=\"color: #000000; font-family: var( --e-global-typography-text-font-family ), Sans-serif; font-weight: 600;\">une loge chambre et un bureau chambre<\/span><span style=\"color: #000000; font-family: var( --e-global-typography-text-font-family ), Sans-serif; font-weight: var( --e-global-typography-text-font-weight );\">.<\/span><\/p>\t\t\t\t\t\t\t\t<\/div>\n\t\t\t\t<\/div>\n\t\t\t\t\t<\/div>\n\t\t<\/div>\n\t\t\t\t\t<\/div>\n\t\t<\/section>\n\t\t\t\t<section class=\"elementor-section elementor-top-section elementor-element elementor-element-14588c5 elementor-section-boxed elementor-section-height-default elementor-section-height-default\" data-id=\"14588c5\" data-element_type=\"section\" data-e-type=\"section\">\n\t\t\t\t\t\t<div class=\"elementor-container elementor-column-gap-default\">\n\t\t\t\t\t<div class=\"elementor-column elementor-col-100 elementor-top-column elementor-element elementor-element-09e4cb7\" data-id=\"09e4cb7\" data-element_type=\"column\" data-e-type=\"column\">\n\t\t\t<div class=\"elementor-widget-wrap elementor-element-populated\">\n\t\t\t\t\t\t<section class=\"elementor-section elementor-inner-section elementor-element elementor-element-f686c1a elementor-section-boxed elementor-section-height-default elementor-section-height-default\" data-id=\"f686c1a\" data-element_type=\"section\" data-e-type=\"section\">\n\t\t\t\t\t\t<div class=\"elementor-container elementor-column-gap-default\">\n\t\t\t\t\t<div class=\"elementor-column elementor-col-50 elementor-inner-column elementor-element elementor-element-6c5a073\" data-id=\"6c5a073\" data-element_type=\"column\" data-e-type=\"column\">\n\t\t\t<div class=\"elementor-widget-wrap elementor-element-populated\">\n\t\t\t\t\t\t<div class=\"elementor-element elementor-element-212ed18 elementor-widget elementor-widget-image\" data-id=\"212ed18\" data-element_type=\"widget\" data-e-type=\"widget\" data-widget_type=\"image.default\">\n\t\t\t\t<div class=\"elementor-widget-container\">\n\t\t\t\t\t\t\t\t\t\t\t\t\t\t\t\t<a href=\"https:\/\/lhivernu.com\/wp-content\/uploads\/2023\/11\/WhatsApp-Image-2023-11-02-at-16.34.01-1.jpeg\" data-elementor-open-lightbox=\"yes\" data-elementor-lightbox-title=\"WhatsApp Image 2023-11-02 at 16.34.01 (1)\" data-e-action-hash=\"#elementor-action%3Aaction%3Dlightbox%26settings%3DeyJpZCI6Mzc1OCwidXJsIjoiaHR0cHM6XC9cL2xoaXZlcm51LmNvbVwvd3AtY29udGVudFwvdXBsb2Fkc1wvMjAyM1wvMTFcL1doYXRzQXBwLUltYWdlLTIwMjMtMTEtMDItYXQtMTYuMzQuMDEtMS5qcGVnIn0%3D\">\n\t\t\t\t\t\t\t<img fetchpriority=\"high\" decoding=\"async\" width=\"768\" height=\"1024\" src=\"https:\/\/lhivernu.com\/wp-content\/uploads\/2023\/11\/WhatsApp-Image-2023-11-02-at-16.34.01-1-768x1024.jpeg\" class=\"attachment-large size-large wp-image-3758\" alt=\"\" srcset=\"https:\/\/lhivernu.com\/wp-content\/uploads\/2023\/11\/WhatsApp-Image-2023-11-02-at-16.34.01-1-768x1024.jpeg 768w, https:\/\/lhivernu.com\/wp-content\/uploads\/2023\/11\/WhatsApp-Image-2023-11-02-at-16.34.01-1-225x300.jpeg 225w, https:\/\/lhivernu.com\/wp-content\/uploads\/2023\/11\/WhatsApp-Image-2023-11-02-at-16.34.01-1-300x400.jpeg 300w, https:\/\/lhivernu.com\/wp-content\/uploads\/2023\/11\/WhatsApp-Image-2023-11-02-at-16.34.01-1-1152x1536.jpeg 1152w, https:\/\/lhivernu.com\/wp-content\/uploads\/2023\/11\/WhatsApp-Image-2023-11-02-at-16.34.01-1-830x1107.jpeg 830w, https:\/\/lhivernu.com\/wp-content\/uploads\/2023\/11\/WhatsApp-Image-2023-11-02-at-16.34.01-1-230x307.jpeg 230w, https:\/\/lhivernu.com\/wp-content\/uploads\/2023\/11\/WhatsApp-Image-2023-11-02-at-16.34.01-1-350x467.jpeg 350w, https:\/\/lhivernu.com\/wp-content\/uploads\/2023\/11\/WhatsApp-Image-2023-11-02-at-16.34.01-1-480x640.jpeg 480w, https:\/\/lhivernu.com\/wp-content\/uploads\/2023\/11\/WhatsApp-Image-2023-11-02-at-16.34.01-1.jpeg 1200w\" sizes=\"(max-width: 768px) 100vw, 768px\" \/>\t\t\t\t\t\t\t\t<\/a>\n\t\t\t\t\t\t\t\t\t\t\t\t\t\t\t<\/div>\n\t\t\t\t<\/div>\n\t\t\t\t\t<\/div>\n\t\t<\/div>\n\t\t\t\t<div class=\"elementor-column elementor-col-50 elementor-inner-column elementor-element elementor-element-430c0db\" data-id=\"430c0db\" data-element_type=\"column\" data-e-type=\"column\">\n\t\t\t<div class=\"elementor-widget-wrap elementor-element-populated\">\n\t\t\t\t\t\t<div class=\"elementor-element elementor-element-adbe73e elementor-widget elementor-widget-image\" data-id=\"adbe73e\" data-element_type=\"widget\" data-e-type=\"widget\" data-widget_type=\"image.default\">\n\t\t\t\t<div class=\"elementor-widget-container\">\n\t\t\t\t\t\t\t\t\t\t\t\t\t\t\t\t<a href=\"https:\/\/lhivernu.com\/wp-content\/uploads\/2023\/11\/WhatsApp-Image-2023-11-02-at-16.34.01.jpeg\" data-elementor-open-lightbox=\"yes\" data-elementor-lightbox-title=\"WhatsApp Image 2023-11-02 at 16.34.01\" data-e-action-hash=\"#elementor-action%3Aaction%3Dlightbox%26settings%3DeyJpZCI6Mzc2MCwidXJsIjoiaHR0cHM6XC9cL2xoaXZlcm51LmNvbVwvd3AtY29udGVudFwvdXBsb2Fkc1wvMjAyM1wvMTFcL1doYXRzQXBwLUltYWdlLTIwMjMtMTEtMDItYXQtMTYuMzQuMDEuanBlZyJ9\">\n\t\t\t\t\t\t\t<img decoding=\"async\" width=\"768\" height=\"1024\" src=\"https:\/\/lhivernu.com\/wp-content\/uploads\/2023\/11\/WhatsApp-Image-2023-11-02-at-16.34.01-768x1024.jpeg\" class=\"attachment-large size-large wp-image-3760\" alt=\"\" srcset=\"https:\/\/lhivernu.com\/wp-content\/uploads\/2023\/11\/WhatsApp-Image-2023-11-02-at-16.34.01-768x1024.jpeg 768w, https:\/\/lhivernu.com\/wp-content\/uploads\/2023\/11\/WhatsApp-Image-2023-11-02-at-16.34.01-225x300.jpeg 225w, https:\/\/lhivernu.com\/wp-content\/uploads\/2023\/11\/WhatsApp-Image-2023-11-02-at-16.34.01-300x400.jpeg 300w, https:\/\/lhivernu.com\/wp-content\/uploads\/2023\/11\/WhatsApp-Image-2023-11-02-at-16.34.01-1152x1536.jpeg 1152w, https:\/\/lhivernu.com\/wp-content\/uploads\/2023\/11\/WhatsApp-Image-2023-11-02-at-16.34.01-830x1107.jpeg 830w, https:\/\/lhivernu.com\/wp-content\/uploads\/2023\/11\/WhatsApp-Image-2023-11-02-at-16.34.01-230x307.jpeg 230w, https:\/\/lhivernu.com\/wp-content\/uploads\/2023\/11\/WhatsApp-Image-2023-11-02-at-16.34.01-350x467.jpeg 350w, https:\/\/lhivernu.com\/wp-content\/uploads\/2023\/11\/WhatsApp-Image-2023-11-02-at-16.34.01-480x640.jpeg 480w, https:\/\/lhivernu.com\/wp-content\/uploads\/2023\/11\/WhatsApp-Image-2023-11-02-at-16.34.01.jpeg 1200w\" sizes=\"(max-width: 768px) 100vw, 768px\" \/>\t\t\t\t\t\t\t\t<\/a>\n\t\t\t\t\t\t\t\t\t\t\t\t\t\t\t<\/div>\n\t\t\t\t<\/div>\n\t\t\t\t\t<\/div>\n\t\t<\/div>\n\t\t\t\t\t<\/div>\n\t\t<\/section>\n\t\t\t\t\t<\/div>\n\t\t<\/div>\n\t\t\t\t\t<\/div>\n\t\t<\/section>\n\t\t\t\t<section class=\"elementor-section elementor-top-section elementor-element elementor-element-a8f17dc elementor-section-boxed elementor-section-height-default elementor-section-height-default\" data-id=\"a8f17dc\" data-element_type=\"section\" data-e-type=\"section\">\n\t\t\t\t\t\t<div class=\"elementor-container elementor-column-gap-default\">\n\t\t\t\t\t<div class=\"elementor-column elementor-col-100 elementor-top-column elementor-element elementor-element-487bede\" data-id=\"487bede\" data-element_type=\"column\" data-e-type=\"column\">\n\t\t\t<div class=\"elementor-widget-wrap elementor-element-populated\">\n\t\t\t\t\t\t<div class=\"elementor-element elementor-element-ec01d61 elementor-widget elementor-widget-text-editor\" data-id=\"ec01d61\" data-element_type=\"widget\" data-e-type=\"widget\" data-widget_type=\"text-editor.default\">\n\t\t\t\t<div class=\"elementor-widget-container\">\n\t\t\t\t\t\t\t\t\t<p><span style=\"color: rgb(0, 0, 0);\">Ils sont pass\u00e9s au Viala:<\/span><span style=\"color: rgb(0, 0, 0); font-weight: 600;\">&nbsp;Rome, Sylvain Levey, Philippe Malone, Perrine Griselin Cie la&nbsp;poudri\u00e8re,&nbsp;Alexis Forestier, les Endimanch\u00e9s, Marie Bout Cie Zusvex, Jean Luc Vincent, Laetitia Angot, Collectif le Grand R\u00e9servoir,<\/span><span style=\"color: rgb(0, 0, 0);\">&nbsp;<\/span><span style=\"color: rgb(0, 0, 0); font-weight: 600;\">Cie Moebius, Cie la Zampa, Thomas Gu\u00e9rineau, Annabelle Playe, Cie \/\/Interstices<\/span><span style=\"color: rgb(0, 0, 0);\">,&nbsp;<\/span><span style=\"color: rgb(0, 0, 0); font-weight: 600;\">Sylvain Creuzevault, \u00e9l\u00e8ves du conservatoire de Li\u00e8ge, \u00e9l\u00e8ves du conservatoire de Montpellier, le Primesautier th\u00e9\u00e2tre, Cie la Trou\u00e9e, Cie In Extenso 93,&nbsp; Cie l&rsquo;\u00e9lan, Lucile Dupla&#8230;<\/span><br><\/p>\t\t\t\t\t\t\t\t<\/div>\n\t\t\t\t<\/div>\n\t\t\t\t\t<\/div>\n\t\t<\/div>\n\t\t\t\t\t<\/div>\n\t\t<\/section>\n\t\t\t\t<\/div>\n\t\t","protected":false},"excerpt":{"rendered":"<p>La Fabrique th\u00e9\u00e2traleDepuis l\u2019automne 2011, l\u2019ancienne colonie de vacances du Viala s\u2019est m\u00e9tamorphos\u00e9e en espace d\u00e9di\u00e9 au\u00a0th\u00e9\u00e2tre et au spectacle vivant.Deux salles de travail sont consacr\u00e9es \u00e0 la recherche et aux r\u00e9p\u00e9titions, reli\u00e9es par un foyer am\u00e9nag\u00e9 en bar. Pour que ce lieu vive artistiquement et chaleureusement, nous le partageons chaque saison avec d\u2019autresartistes (compagnies de th\u00e9\u00e2tre, musiciens, danseurs\u2026). Depuis l\u2019automne 2016, nous tentons d\u2019en faire un lieu du commun avec tous ceux, artistes, associations ou\u00a0spectateurs, qui souhaitent accompagner un projet o\u00f9 l\u2019art et la vie quotidienne ne seraient plus s\u00e9par\u00e9s en\u00a0temps de travail et temps de loisirs, et rythm\u00e9s uniquement par des codes marchands. Ainsi, la Fabrique du Viala est un lieu qui permet aux artistes d\u2019\u00eatre constamment en recherche tout enpartageant r\u00e9guli\u00e8rement leurs questionnements artistiques avec un public de plus en plus nombreux. Partager et se rencontrer : Banquets d\u2019hiver Une fois par mois, nous proposons des banquets aupr\u00e8s du po\u00eale : grandes tables, prises de paroles, toasts\u2026Ce moment convivial, qui rassemble chaque mois 40 \u00e0 70 personnes, est pr\u00e9c\u00e9d\u00e9 d\u2019une performance propos\u00e9e\u00a0par les artistes proches de la compagnie ou accueillis en r\u00e9sidence tout au long de l\u2019ann\u00e9e.Depuis l\u2019automne 2018, un collectif d\u2019habitants des alentours s\u2019est constitu\u00e9 et [&hellip;]<\/p>\n","protected":false},"author":1,"featured_media":3759,"parent":0,"menu_order":2,"comment_status":"closed","ping_status":"closed","template":"","meta":{"_themeisle_gutenberg_block_has_review":false,"footnotes":""},"class_list":["post-133","page","type-page","status-publish","has-post-thumbnail","hentry"],"_links":{"self":[{"href":"https:\/\/lhivernu.com\/index.php\/wp-json\/wp\/v2\/pages\/133","targetHints":{"allow":["GET"]}}],"collection":[{"href":"https:\/\/lhivernu.com\/index.php\/wp-json\/wp\/v2\/pages"}],"about":[{"href":"https:\/\/lhivernu.com\/index.php\/wp-json\/wp\/v2\/types\/page"}],"author":[{"embeddable":true,"href":"https:\/\/lhivernu.com\/index.php\/wp-json\/wp\/v2\/users\/1"}],"replies":[{"embeddable":true,"href":"https:\/\/lhivernu.com\/index.php\/wp-json\/wp\/v2\/comments?post=133"}],"version-history":[{"count":51,"href":"https:\/\/lhivernu.com\/index.php\/wp-json\/wp\/v2\/pages\/133\/revisions"}],"predecessor-version":[{"id":5465,"href":"https:\/\/lhivernu.com\/index.php\/wp-json\/wp\/v2\/pages\/133\/revisions\/5465"}],"wp:featuredmedia":[{"embeddable":true,"href":"https:\/\/lhivernu.com\/index.php\/wp-json\/wp\/v2\/media\/3759"}],"wp:attachment":[{"href":"https:\/\/lhivernu.com\/index.php\/wp-json\/wp\/v2\/media?parent=133"}],"curies":[{"name":"wp","href":"https:\/\/api.w.org\/{rel}","templated":true}]}}