{"id":150,"date":"2016-09-19T16:10:07","date_gmt":"2016-09-19T14:10:07","guid":{"rendered":"https:\/\/lhivernu.wordpress.com\/antigone\/"},"modified":"2024-05-21T11:38:48","modified_gmt":"2024-05-21T09:38:48","slug":"antigone","status":"publish","type":"page","link":"https:\/\/lhivernu.com\/index.php\/creations\/antigone\/","title":{"rendered":"Antigone"},"content":{"rendered":"<h2><span style=\"color:#800000;\">Cr\u00e9ation 2011<\/span><\/h2>\n<p>Th\u00e9\u00e2tre<\/p>\n<p>\u00c0 partir des romans \u00e9ponymes d\u2019<span style=\"color:#800000;\">Henry Bauchau<\/span><\/p>\n<p>Mise en sc\u00e8ne\u00a0: <span style=\"color:#800000;\">Baptiste Etard<\/span> \/ Jeu\u00a0: <span style=\"color:#800000;\">Claire Perraudeau et Jean-Luc Vincent<\/span> \/ Construction\u00a0: <span style=\"color:#800000;\">Pascale Blaison<\/span> \/ Peintures anim\u00e9es\u00a0: <span style=\"color:#800000;\">Rome<\/span> \/ Univers sonore\u00a0: <span style=\"color:#800000;\">Fran\u00e7ois Tarot<\/span> \/ R\u00e9gie\u00a0: <span style=\"color:#800000;\">Herv\u00e9 Chapelon<\/span><\/p>\n<p>Dans le roman <em>Antigone <\/em>de Henry Bauchau, la fille d\u2019\u0152dipe nous raconte son histoire, son retour \u00e0 Th\u00e8bes apr\u00e8s la mort de son p\u00e8re \u00e0 Colone, sa lutte pour emp\u00eacher la guerre entre ses fr\u00e8res, son \u00e9chec et sa mort.<\/p>\n<p><img fetchpriority=\"high\" decoding=\"async\" class=\"alignnone size-full wp-image-817\" src=\"https:\/\/lhivernu.com\/wp-content\/uploads\/2017\/03\/img_1520.jpg\" alt=\"IMG_1520\" width=\"4416\" height=\"3312\" srcset=\"https:\/\/lhivernu.com\/wp-content\/uploads\/2017\/03\/img_1520.jpg 4416w, https:\/\/lhivernu.com\/wp-content\/uploads\/2017\/03\/img_1520-300x225.jpg 300w, https:\/\/lhivernu.com\/wp-content\/uploads\/2017\/03\/img_1520-768x576.jpg 768w, https:\/\/lhivernu.com\/wp-content\/uploads\/2017\/03\/img_1520-1024x768.jpg 1024w\" sizes=\"(max-width: 4416px) 100vw, 4416px\" \/><\/p>\n<p>La place centrale qu\u2019occupent la sculpture, la peinture, le chant et la danse chez Bauchau, a servi de point d\u2019ancrage \u00e0 ce spectacle, con\u00e7u comme une installation plastique, une recherche en temps r\u00e9el des traces laiss\u00e9es par le mythe\u00a0: dans leur atelier, un couple d\u2019artistes raconte le retour d\u2019Antigone \u00e0 Th\u00e8bes et sa vaine tentative pour arr\u00eater la guerre entre ses fr\u00e8res.<\/p>\n<p>Les traces de l\u2019histoire pass\u00e9e (peintures, sculptures, vid\u00e9os) sont l\u00e0 comme autant de vestiges. Elles composent un portrait fragment\u00e9, celui d\u2019Antigone, luttant contre la guerre et attendant la mort dans la grotte o\u00f9 elle a \u00e9t\u00e9 condamn\u00e9e \u00e0 p\u00e9rir, assaillie par les souvenirs de son parcours.<\/p>\n<div id='gallery-1' class='gallery galleryid-150 gallery-columns-3 gallery-size-thumbnail'><figure class='gallery-item'>\n\t\t\t<div class='gallery-icon landscape'>\n\t\t\t\t<a href='https:\/\/lhivernu.com\/index.php\/a-propos\/antigone-320\/'><img decoding=\"async\" width=\"150\" height=\"150\" src=\"https:\/\/lhivernu.com\/wp-content\/uploads\/2016\/09\/antigone-320-150x150.jpg\" class=\"attachment-thumbnail size-thumbnail\" alt=\"\" srcset=\"https:\/\/lhivernu.com\/wp-content\/uploads\/2016\/09\/antigone-320-150x150.jpg 150w, https:\/\/lhivernu.com\/wp-content\/uploads\/2016\/09\/antigone-320-100x100.jpg 100w\" sizes=\"(max-width: 150px) 100vw, 150px\" \/><\/a>\n\t\t\t<\/div><\/figure><figure class='gallery-item'>\n\t\t\t<div class='gallery-icon landscape'>\n\t\t\t\t<a href='https:\/\/lhivernu.com\/index.php\/le-viala\/img_1725\/'><img decoding=\"async\" width=\"150\" height=\"150\" src=\"https:\/\/lhivernu.com\/wp-content\/uploads\/2016\/09\/img_1725-150x150.jpg\" class=\"attachment-thumbnail size-thumbnail\" alt=\"\" srcset=\"https:\/\/lhivernu.com\/wp-content\/uploads\/2016\/09\/img_1725-150x150.jpg 150w, https:\/\/lhivernu.com\/wp-content\/uploads\/2016\/09\/img_1725-100x100.jpg 100w\" sizes=\"(max-width: 150px) 100vw, 150px\" \/><\/a>\n\t\t\t<\/div><\/figure><figure class='gallery-item'>\n\t\t\t<div class='gallery-icon portrait'>\n\t\t\t\t<a href='https:\/\/lhivernu.com\/index.php\/le-viala\/_gmb0545\/'><img loading=\"lazy\" decoding=\"async\" width=\"150\" height=\"150\" src=\"https:\/\/lhivernu.com\/wp-content\/uploads\/2016\/09\/gmb0545-150x150.jpg\" class=\"attachment-thumbnail size-thumbnail\" alt=\"\" srcset=\"https:\/\/lhivernu.com\/wp-content\/uploads\/2016\/09\/gmb0545-150x150.jpg 150w, https:\/\/lhivernu.com\/wp-content\/uploads\/2016\/09\/gmb0545-100x100.jpg 100w\" sizes=\"(max-width: 150px) 100vw, 150px\" \/><\/a>\n\t\t\t<\/div><\/figure><figure class='gallery-item'>\n\t\t\t<div class='gallery-icon landscape'>\n\t\t\t\t<a href='https:\/\/lhivernu.com\/index.php\/le-viala\/_gma9490\/'><img loading=\"lazy\" decoding=\"async\" width=\"150\" height=\"150\" src=\"https:\/\/lhivernu.com\/wp-content\/uploads\/2016\/09\/gma9490-150x150.jpg\" class=\"attachment-thumbnail size-thumbnail\" alt=\"\" srcset=\"https:\/\/lhivernu.com\/wp-content\/uploads\/2016\/09\/gma9490-150x150.jpg 150w, https:\/\/lhivernu.com\/wp-content\/uploads\/2016\/09\/gma9490-100x100.jpg 100w\" sizes=\"(max-width: 150px) 100vw, 150px\" \/><\/a>\n\t\t\t<\/div><\/figure><figure class='gallery-item'>\n\t\t\t<div class='gallery-icon landscape'>\n\t\t\t\t<a href='https:\/\/lhivernu.com\/img_1871\/'><img loading=\"lazy\" decoding=\"async\" width=\"150\" height=\"150\" src=\"https:\/\/lhivernu.com\/wp-content\/uploads\/2016\/09\/img_1871-150x150.jpg\" class=\"attachment-thumbnail size-thumbnail\" alt=\"\" srcset=\"https:\/\/lhivernu.com\/wp-content\/uploads\/2016\/09\/img_1871-150x150.jpg 150w, https:\/\/lhivernu.com\/wp-content\/uploads\/2016\/09\/img_1871-100x100.jpg 100w\" sizes=\"(max-width: 150px) 100vw, 150px\" \/><\/a>\n\t\t\t<\/div><\/figure><figure class='gallery-item'>\n\t\t\t<div class='gallery-icon landscape'>\n\t\t\t\t<a href='https:\/\/lhivernu.com\/antigone-291x-2\/'><img loading=\"lazy\" decoding=\"async\" width=\"150\" height=\"150\" src=\"https:\/\/lhivernu.com\/wp-content\/uploads\/2016\/09\/antigone-291x1-150x150.jpg\" class=\"attachment-thumbnail size-thumbnail\" alt=\"\" srcset=\"https:\/\/lhivernu.com\/wp-content\/uploads\/2016\/09\/antigone-291x1-150x150.jpg 150w, https:\/\/lhivernu.com\/wp-content\/uploads\/2016\/09\/antigone-291x1-100x100.jpg 100w\" sizes=\"(max-width: 150px) 100vw, 150px\" \/><\/a>\n\t\t\t<\/div><\/figure>\n\t\t<\/div>\n\n<p>En coproduction avec <span style=\"color:#800000;\">L\u2019Adda. Sc\u00e8nes Crois\u00e9es de Loz\u00e8re.<\/span><\/p>\n<p>Avec le soutien de <span style=\"color:#3366ff;\"><span style=\"color:#800000;\">la DRAC Languedoc-Roussillon, de la r\u00e9gion Languedoc-Roussillon, du Conseil G\u00e9n\u00e9ral de la Loz\u00e8re, de la communaut\u00e9 de communes du Valdonnez, des communes de Lanu\u00e9jols, Saint-Bauzile, Balsi\u00e8ges, de la ville de Mende, de la Baignoire (Montpellier), de la Maison du geste et de l\u2019image (Paris) et de la NEF (Pantin)<\/span><\/span>. Merci aux associations <span style=\"color:#800000;\">Rude Boy Crew, AquI O\u00ef et le Vallon du Villaret<\/span><\/p>\n","protected":false},"excerpt":{"rendered":"<p>Cr\u00e9ation 2011 Th\u00e9\u00e2tre \u00c0 partir des romans \u00e9ponymes d\u2019Henry Bauchau Mise en sc\u00e8ne\u00a0: Baptiste Etard \/ Jeu\u00a0: Claire Perraudeau et Jean-Luc Vincent \/ Construction\u00a0: Pascale Blaison \/ Peintures anim\u00e9es\u00a0: Rome \/ Univers sonore\u00a0: Fran\u00e7ois Tarot \/ R\u00e9gie\u00a0: Herv\u00e9 Chapelon Dans le roman Antigone de Henry Bauchau, la fille d\u2019\u0152dipe nous raconte son histoire, son retour \u00e0 Th\u00e8bes apr\u00e8s la mort de son p\u00e8re \u00e0 Colone, sa lutte pour emp\u00eacher la guerre entre ses fr\u00e8res, son \u00e9chec et sa mort. La place centrale qu\u2019occupent la sculpture, la peinture, le chant et la danse chez Bauchau, a servi de point d\u2019ancrage \u00e0 ce spectacle, con\u00e7u comme une installation plastique, une recherche en temps r\u00e9el des traces laiss\u00e9es par le mythe\u00a0: dans leur atelier, un couple d\u2019artistes raconte le retour d\u2019Antigone \u00e0 Th\u00e8bes et sa vaine tentative pour arr\u00eater la guerre entre ses fr\u00e8res. Les traces de l\u2019histoire pass\u00e9e (peintures, sculptures, vid\u00e9os) sont l\u00e0 comme autant de vestiges. Elles composent un portrait fragment\u00e9, celui d\u2019Antigone, luttant contre la guerre et attendant la mort dans la grotte o\u00f9 elle a \u00e9t\u00e9 condamn\u00e9e \u00e0 p\u00e9rir, assaillie par les souvenirs de son parcours. En coproduction avec L\u2019Adda. Sc\u00e8nes Crois\u00e9es de Loz\u00e8re. Avec le soutien de la [&hellip;]<\/p>\n","protected":false},"author":1,"featured_media":817,"parent":140,"menu_order":0,"comment_status":"closed","ping_status":"closed","template":"","meta":{"_themeisle_gutenberg_block_has_review":false,"footnotes":""},"class_list":["post-150","page","type-page","status-publish","has-post-thumbnail","hentry"],"_links":{"self":[{"href":"https:\/\/lhivernu.com\/index.php\/wp-json\/wp\/v2\/pages\/150","targetHints":{"allow":["GET"]}}],"collection":[{"href":"https:\/\/lhivernu.com\/index.php\/wp-json\/wp\/v2\/pages"}],"about":[{"href":"https:\/\/lhivernu.com\/index.php\/wp-json\/wp\/v2\/types\/page"}],"author":[{"embeddable":true,"href":"https:\/\/lhivernu.com\/index.php\/wp-json\/wp\/v2\/users\/1"}],"replies":[{"embeddable":true,"href":"https:\/\/lhivernu.com\/index.php\/wp-json\/wp\/v2\/comments?post=150"}],"version-history":[{"count":1,"href":"https:\/\/lhivernu.com\/index.php\/wp-json\/wp\/v2\/pages\/150\/revisions"}],"predecessor-version":[{"id":1561,"href":"https:\/\/lhivernu.com\/index.php\/wp-json\/wp\/v2\/pages\/150\/revisions\/1561"}],"up":[{"embeddable":true,"href":"https:\/\/lhivernu.com\/index.php\/wp-json\/wp\/v2\/pages\/140"}],"wp:featuredmedia":[{"embeddable":true,"href":"https:\/\/lhivernu.com\/index.php\/wp-json\/wp\/v2\/media\/817"}],"wp:attachment":[{"href":"https:\/\/lhivernu.com\/index.php\/wp-json\/wp\/v2\/media?parent=150"}],"curies":[{"name":"wp","href":"https:\/\/api.w.org\/{rel}","templated":true}]}}