{"id":151,"date":"2016-09-19T16:10:44","date_gmt":"2016-09-19T15:10:44","guid":{"rendered":"https:\/\/lhivernu.wordpress.com\/jai-marche-sous-les-pierres\/"},"modified":"2026-04-16T12:09:08","modified_gmt":"2026-04-16T10:09:08","slug":"jai-marche-sous-les-pierres","status":"publish","type":"page","link":"https:\/\/lhivernu.com\/index.php\/creations\/jai-marche-sous-les-pierres\/","title":{"rendered":"J&rsquo;ai march\u00e9 sous les pierres"},"content":{"rendered":"\t\t<div data-elementor-type=\"wp-page\" data-elementor-id=\"151\" class=\"elementor elementor-151\">\n\t\t\t\t\t\t<section class=\"elementor-section elementor-top-section elementor-element elementor-element-221fff8b elementor-section-boxed elementor-section-height-default elementor-section-height-default\" data-id=\"221fff8b\" data-element_type=\"section\" data-e-type=\"section\">\n\t\t\t\t\t\t<div class=\"elementor-container elementor-column-gap-default\">\n\t\t\t\t\t<div class=\"elementor-column elementor-col-100 elementor-top-column elementor-element elementor-element-2346b1a\" data-id=\"2346b1a\" data-element_type=\"column\" data-e-type=\"column\">\n\t\t\t<div class=\"elementor-widget-wrap elementor-element-populated\">\n\t\t\t\t\t\t<div class=\"elementor-element elementor-element-30875aca elementor-widget__width-inherit elementor-widget elementor-widget-text-editor\" data-id=\"30875aca\" data-element_type=\"widget\" data-e-type=\"widget\" data-widget_type=\"text-editor.default\">\n\t\t\t\t<div class=\"elementor-widget-container\">\n\t\t\t\t\t\t\t\t\t<h2><span style=\"color: #ff6600;\">Cr\u00e9ation 2007<\/span><\/h2><p>Feuilleton de th\u00e9\u00e2tre chez l&rsquo;habitant<\/p><p>Ecriture\u00a0: <span style=\"color: #ff6600;\">Marine Auriol, Perrine Griselin, Yannick Le Nagard, Sylvain Levey<\/span> \/ Mise en sc\u00e8ne\u00a0: <span style=\"color: #ff6600;\">Baptiste Etard<\/span> \/ Jeu\u00a0: <span style=\"color: #ff6600;\">Claire Perraudeau<\/span> \/ Musiques\u00a0: <span style=\"color: #ff6600;\">Bertrand Belin et Pierre Lebourgeois<\/span><\/p><p>En 2007, la compagnie l\u2019Hiver Nu a lanc\u00e9 sa premi\u00e8re cr\u00e9ation\u00a0: <strong><em>J\u2019ai march\u00e9 sous les pierres<\/em>.<\/strong> L\u2019aventure a permis la rencontre avec un public venu de 5 villages, qui assister chaque mois \u00e0 une nouvelle repr\u00e9sentation.<\/p><p>L\u2019\u00e9quipe a lanc\u00e9 le pari de tenir en haleine des spectateurs sur du long terme, tout en accueillant chaque fois de nouveaux publics et a affirm\u00e9 sa volont\u00e9 d\u2019aller vers le spectateur, de permettre une rencontre intime et exigeante entre la cr\u00e9ation contemporaine et un public pr\u00e9cis, en proposant neuf spectacles cr\u00e9\u00e9s en r\u00e9sidence dans et pour un territoire, destin\u00e9s ensuite \u00e0 voyager.<\/p><p>Les spectacles ont tous \u00e9t\u00e9 jou\u00e9s chez l\u2019habitant, certains ont \u00e9t\u00e9 par la suite repris en salle.<\/p><p><span style=\"color: #ff6600;\">Mythologie Contemporaine et imaginaire d\u2019une vall\u00e9e<\/span><\/p><p>Au d\u00e9part, une question\u00a0:\u00a0comment naissent les mythes\u00a0? Et le d\u00e9sir de s\u2019y confronter avec les outils du th\u00e9\u00e2tre contemporain.<\/p><p><strong>\u00a0<\/strong>\u00c0 partir de cette question, quatre auteurs (Marine Auriol, Perrine Griselin, Yannick Le Nagard et Sylvain Levey) ont \u00e9t\u00e9 invit\u00e9s \u00e0 \u00e9crire 2 textes chacun, composant les diff\u00e9rents \u00e9pisodes du feuilleton.<\/p><p>Le dernier texte a \u00e9t\u00e9 \u00e9crit collectivement, lors d\u2019une r\u00e9sidence \u00e0 Langlade-Brenoux (48).<\/p><p>Au fil de l\u2019ann\u00e9e, une \u00e9pop\u00e9e a vu le jour, mythe h\u00e9t\u00e9roclite et contemporain, \u00e0 suivre sur la longueur o\u00f9 \u00e0 traverser pour une ou quelques soir\u00e9es seulement. \u00c0 l\u2019instar des mille et une nuits, sont n\u00e9es des histoires \u00e0 n\u2019en plus finir, des histoires tiroirs, dans lesquels surgissent des personnages tragiques, baroques, survolt\u00e9s ou burlesques, issus du monde d\u2019aujourd\u2019hui. En faisant le choix de quatre auteurs d\u2019horizons tr\u00e8s vari\u00e9s, le but \u00e9tait de laisser s\u2019\u00e9panouir des paroles originales, engag\u00e9es et insoumises, risquer l\u2019\u00e9clatement, et sortir des discours \u00e9tablis, \u00e9vidents.<\/p><p><span style=\"color: #ff6600;\">Synopsis:<\/span> D\u00e9cembre 2007\u00a0: Une jeune femme, Clara, s\u2019installe en Loz\u00e8re. Dans le grenier de la maison qu\u2019elle a re\u00e7u de son parrain George, elle trouve les carnets intimes d\u2019une femme appel\u00e9e L\u00e9one. Les diff\u00e9rentes pages sont dat\u00e9es de 1680, 1885, 1914, 1929, 1931, 1939, 2010, 2138, 2347\u2026<\/p><p>Clara plonge alors dans un tourbillon de lecture qui l\u2019entra\u00eene sur les traces de L\u00e9one, m\u00e9moire de la vall\u00e9e. Au fur et \u00e0 mesure des r\u00e9cits qu\u2019elle d\u00e9couvre et transmet, elle fait vivre des hommes et des femmes aux destin\u00e9es singuli\u00e8res, qui vont bouleverser sa propre histoire\u2026<\/p><div id='gallery-1' class='gallery galleryid-151 gallery-columns-3 gallery-size-medium'><figure class='gallery-item'>\n\t\t\t<div class='gallery-icon landscape'>\n\t\t\t\t<a href='https:\/\/lhivernu.com\/index.php\/le-viala\/dscf4758_2\/'><img fetchpriority=\"high\" decoding=\"async\" width=\"300\" height=\"225\" src=\"https:\/\/lhivernu.com\/wp-content\/uploads\/2016\/09\/dscf4758_2-300x225.jpg\" class=\"attachment-medium size-medium\" alt=\"\" srcset=\"https:\/\/lhivernu.com\/wp-content\/uploads\/2016\/09\/dscf4758_2-300x225.jpg 300w, https:\/\/lhivernu.com\/wp-content\/uploads\/2016\/09\/dscf4758_2-768x576.jpg 768w, https:\/\/lhivernu.com\/wp-content\/uploads\/2016\/09\/dscf4758_2-1024x768.jpg 1024w\" sizes=\"(max-width: 300px) 100vw, 300px\" \/><\/a>\n\t\t\t<\/div><\/figure><figure class='gallery-item'>\n\t\t\t<div class='gallery-icon portrait'>\n\t\t\t\t<a href='https:\/\/lhivernu.com\/index.php\/le-viala\/dscf4962\/'><img decoding=\"async\" width=\"225\" height=\"300\" src=\"https:\/\/lhivernu.com\/wp-content\/uploads\/2016\/09\/dscf4962-225x300.jpg\" class=\"attachment-medium size-medium\" alt=\"\" srcset=\"https:\/\/lhivernu.com\/wp-content\/uploads\/2016\/09\/dscf4962-225x300.jpg 225w, https:\/\/lhivernu.com\/wp-content\/uploads\/2016\/09\/dscf4962-768x1024.jpg 768w\" sizes=\"(max-width: 225px) 100vw, 225px\" \/><\/a>\n\t\t\t<\/div><\/figure><figure class='gallery-item'>\n\t\t\t<div class='gallery-icon landscape'>\n\t\t\t\t<a href='https:\/\/lhivernu.com\/index.php\/creations\/jai-marche-sous-les-pierres\/p1000866\/'><img decoding=\"async\" width=\"300\" height=\"225\" src=\"https:\/\/lhivernu.com\/wp-content\/uploads\/2016\/09\/p1000866-300x225.jpg\" class=\"attachment-medium size-medium\" alt=\"\" srcset=\"https:\/\/lhivernu.com\/wp-content\/uploads\/2016\/09\/p1000866-300x225.jpg 300w, https:\/\/lhivernu.com\/wp-content\/uploads\/2016\/09\/p1000866-768x576.jpg 768w, https:\/\/lhivernu.com\/wp-content\/uploads\/2016\/09\/p1000866-1024x768.jpg 1024w, https:\/\/lhivernu.com\/wp-content\/uploads\/2016\/09\/p1000866.jpg 2048w\" sizes=\"(max-width: 300px) 100vw, 300px\" \/><\/a>\n\t\t\t<\/div><\/figure><figure class='gallery-item'>\n\t\t\t<div class='gallery-icon landscape'>\n\t\t\t\t<a href='https:\/\/lhivernu.com\/index.php\/creations\/jai-marche-sous-les-pierres\/p1000867\/'><img loading=\"lazy\" decoding=\"async\" width=\"300\" height=\"225\" src=\"https:\/\/lhivernu.com\/wp-content\/uploads\/2016\/09\/p1000867-300x225.jpg\" class=\"attachment-medium size-medium\" alt=\"\" srcset=\"https:\/\/lhivernu.com\/wp-content\/uploads\/2016\/09\/p1000867-300x225.jpg 300w, https:\/\/lhivernu.com\/wp-content\/uploads\/2016\/09\/p1000867-768x576.jpg 768w, https:\/\/lhivernu.com\/wp-content\/uploads\/2016\/09\/p1000867-1024x768.jpg 1024w, https:\/\/lhivernu.com\/wp-content\/uploads\/2016\/09\/p1000867.jpg 2048w\" sizes=\"(max-width: 300px) 100vw, 300px\" \/><\/a>\n\t\t\t<\/div><\/figure>\n\t\t<\/div>\n<p>\u00a0<\/p><p><u>Coproduction: <\/u> <span style=\"color: #ff6600;\">Cie l&rsquo;hiver nu, <\/span><span style=\"color: #ff6600;\">Sc\u00e8nes Crois\u00e9es de Loz\u00e8re, Association Poste Restante<\/span><\/p>\t\t\t\t\t\t\t\t<\/div>\n\t\t\t\t<\/div>\n\t\t\t\t\t<\/div>\n\t\t<\/div>\n\t\t\t\t\t<\/div>\n\t\t<\/section>\n\t\t\t\t<\/div>\n\t\t","protected":false},"excerpt":{"rendered":"<p>Cr\u00e9ation 2007 Feuilleton de th\u00e9\u00e2tre chez l&rsquo;habitant Ecriture\u00a0: Marine Auriol, Perrine Griselin, Yannick Le Nagard, Sylvain Levey \/ Mise en sc\u00e8ne\u00a0: Baptiste Etard \/ Jeu\u00a0: Claire Perraudeau \/ Musiques\u00a0: Bertrand Belin et Pierre Lebourgeois En 2007, la compagnie l\u2019Hiver Nu a lanc\u00e9 sa premi\u00e8re cr\u00e9ation\u00a0: J\u2019ai march\u00e9 sous les pierres. L\u2019aventure a permis la rencontre avec un public venu de 5 villages, qui assister chaque mois \u00e0 une nouvelle repr\u00e9sentation. L\u2019\u00e9quipe a lanc\u00e9 le pari de tenir en haleine des spectateurs sur du long terme, tout en accueillant chaque fois de nouveaux publics et a affirm\u00e9 sa volont\u00e9 d\u2019aller vers le spectateur, de permettre une rencontre intime et exigeante entre la cr\u00e9ation contemporaine et un public pr\u00e9cis, en proposant neuf spectacles cr\u00e9\u00e9s en r\u00e9sidence dans et pour un territoire, destin\u00e9s ensuite \u00e0 voyager. Les spectacles ont tous \u00e9t\u00e9 jou\u00e9s chez l\u2019habitant, certains ont \u00e9t\u00e9 par la suite repris en salle. Mythologie Contemporaine et imaginaire d\u2019une vall\u00e9e Au d\u00e9part, une question\u00a0:\u00a0comment naissent les mythes\u00a0? Et le d\u00e9sir de s\u2019y confronter avec les outils du th\u00e9\u00e2tre contemporain. \u00a0\u00c0 partir de cette question, quatre auteurs (Marine Auriol, Perrine Griselin, Yannick Le Nagard et Sylvain Levey) ont \u00e9t\u00e9 invit\u00e9s \u00e0 \u00e9crire 2 textes chacun, [&hellip;]<\/p>\n","protected":false},"author":1,"featured_media":358,"parent":140,"menu_order":0,"comment_status":"closed","ping_status":"closed","template":"elementor_header_footer","meta":{"_themeisle_gutenberg_block_has_review":false,"footnotes":""},"class_list":["post-151","page","type-page","status-publish","has-post-thumbnail","hentry"],"_links":{"self":[{"href":"https:\/\/lhivernu.com\/index.php\/wp-json\/wp\/v2\/pages\/151","targetHints":{"allow":["GET"]}}],"collection":[{"href":"https:\/\/lhivernu.com\/index.php\/wp-json\/wp\/v2\/pages"}],"about":[{"href":"https:\/\/lhivernu.com\/index.php\/wp-json\/wp\/v2\/types\/page"}],"author":[{"embeddable":true,"href":"https:\/\/lhivernu.com\/index.php\/wp-json\/wp\/v2\/users\/1"}],"replies":[{"embeddable":true,"href":"https:\/\/lhivernu.com\/index.php\/wp-json\/wp\/v2\/comments?post=151"}],"version-history":[{"count":4,"href":"https:\/\/lhivernu.com\/index.php\/wp-json\/wp\/v2\/pages\/151\/revisions"}],"predecessor-version":[{"id":5429,"href":"https:\/\/lhivernu.com\/index.php\/wp-json\/wp\/v2\/pages\/151\/revisions\/5429"}],"up":[{"embeddable":true,"href":"https:\/\/lhivernu.com\/index.php\/wp-json\/wp\/v2\/pages\/140"}],"wp:featuredmedia":[{"embeddable":true,"href":"https:\/\/lhivernu.com\/index.php\/wp-json\/wp\/v2\/media\/358"}],"wp:attachment":[{"href":"https:\/\/lhivernu.com\/index.php\/wp-json\/wp\/v2\/media?parent=151"}],"curies":[{"name":"wp","href":"https:\/\/api.w.org\/{rel}","templated":true}]}}