{"id":166,"date":"2016-09-19T16:40:59","date_gmt":"2016-09-19T15:40:59","guid":{"rendered":"https:\/\/lhivernu.wordpress.com\/?page_id=166"},"modified":"2026-04-16T11:43:38","modified_gmt":"2026-04-16T09:43:38","slug":"souliers-de-sables","status":"publish","type":"page","link":"https:\/\/lhivernu.com\/index.php\/creations\/souliers-de-sables\/","title":{"rendered":"Souliers de sable"},"content":{"rendered":"\t\t<div data-elementor-type=\"wp-page\" data-elementor-id=\"166\" class=\"elementor elementor-166\">\n\t\t\t\t\t\t<section class=\"elementor-section elementor-top-section elementor-element elementor-element-338ef25c elementor-section-boxed elementor-section-height-default elementor-section-height-default\" data-id=\"338ef25c\" data-element_type=\"section\" data-e-type=\"section\">\n\t\t\t\t\t\t<div class=\"elementor-container elementor-column-gap-default\">\n\t\t\t\t\t<div class=\"elementor-column elementor-col-100 elementor-top-column elementor-element elementor-element-10b247e5\" data-id=\"10b247e5\" data-element_type=\"column\" data-e-type=\"column\">\n\t\t\t<div class=\"elementor-widget-wrap elementor-element-populated\">\n\t\t\t\t\t\t<div class=\"elementor-element elementor-element-3ca79737 elementor-widget elementor-widget-text-editor\" data-id=\"3ca79737\" data-element_type=\"widget\" data-e-type=\"widget\" data-widget_type=\"text-editor.default\">\n\t\t\t\t<div class=\"elementor-widget-container\">\n\t\t\t\t\t\t\t\t\t<h2><span style=\"color: #993300;\"><span style=\"color: #ffcc00;\">Cr\u00e9ation 2017<\/span><br \/><\/span><\/h2><p>Th\u00e9\u00e2tre et ombres pour enfants \u00e0 partir de 5 ans<\/p><p>Texte\u00a0: <span style=\"color: #ffcc00;\">Suzanne Lebeau<\/span> \/ Conception et jeu: <span style=\"color: #ffcc00;\">Claire Perraudeau<\/span> \/\u00a0 Conception ombres et marionnettes\u00a0: <span style=\"color: #ffcc00;\">Juliette Belliard- Pauline Galindo<\/span> \/ Sc\u00e9nographie\u00a0: <span style=\"color: #ffcc00;\">Baptiste Etard<\/span> \/ Univers sonore\u00a0: <span style=\"color: #ffcc00;\">Pierre Bernert<\/span><\/p><p><span style=\"color: #ffcc00;\">L\u2019histoire<\/span><\/p><p>Elise et L\u00e9o, repli\u00e9s sur eux-m\u00eames dans leur petit int\u00e9rieur douillet, sont effray\u00e9s par le monde ext\u00e9rieur et sa dose d\u2019inconnu. Sortir. La grande aventure, effrayante jusque-l\u00e0, est provoqu\u00e9e par la fuite de souliers intenables trop engonc\u00e9s dans cette maison-cage. \u00ab\u00a0Le Grand Livre du dehors\u00a0\u00bb sous le bras, \u00c9lise partira dans une course folle \u00e0 la poursuite de L\u00e9o, le premier \u00e0 avoir franchi la porte.<\/p><p>Au fil de leur escapade, la nature d\u00e9voile ses tr\u00e9sors et un nouveau monde s\u2019ouvre \u00e0 eux\u00a0: \u00ab\u00a0la chaleur de la terre sous les pieds, la douceur du vent sur les visages et l\u2019eau qui chante sur les cailloux\u00a0\u00bb.<\/p><p>Un voyage initiatique \u00e9tonnant, une lutte contre le sablier du temps qui file trop vite.<\/p><p><a href=\"https:\/\/lhivernu.com\/wp-content\/uploads\/2016\/09\/bonheur-garcon-champs.jpg\"><img fetchpriority=\"high\" decoding=\"async\" class=\"alignnone wp-image-255 size-full\" src=\"https:\/\/lhivernu.com\/wp-content\/uploads\/2016\/09\/bonheur-garcon-champs.jpg\" alt=\"bonheur-garcon-champs\" width=\"1200\" height=\"800\" srcset=\"https:\/\/lhivernu.com\/wp-content\/uploads\/2016\/09\/bonheur-garcon-champs.jpg 1200w, https:\/\/lhivernu.com\/wp-content\/uploads\/2016\/09\/bonheur-garcon-champs-300x200.jpg 300w, https:\/\/lhivernu.com\/wp-content\/uploads\/2016\/09\/bonheur-garcon-champs-768x512.jpg 768w, https:\/\/lhivernu.com\/wp-content\/uploads\/2016\/09\/bonheur-garcon-champs-1024x683.jpg 1024w\" sizes=\"(max-width: 1200px) 100vw, 1200px\" \/><\/a><\/p><p><span style=\"color: #ffcc00;\">Note d\u2019intention<\/span><\/p><p>Cette pi\u00e8ce est une ode joyeuse \u00e0 la libert\u00e9 et \u00e0 l\u2019aventure.<\/p><p>Une fa\u00e7ade de maison qui donne \u00e0 voir tour \u00e0 tour l\u2019int\u00e9rieur et l\u2019ext\u00e9rieur, des personnages en verre translucide : c\u2019est d\u2019abord la fragilit\u00e9 des protagonistes de l\u2019histoire que je souhaite mettre en valeur. Leur fragilit\u00e9, ainsi que leur capacit\u00e9 \u00e0 se remplir de ce qu\u2019ils d\u00e9couvrent au fur et \u00e0 mesure de leurs p\u00e9r\u00e9grinations.<br \/>Ainsi, nos marionnettes sont comme des esquisses, des \u00e9bauches de personnages encore \u00e0 na\u00eetre.<br \/>Ombres projet\u00e9es sur le d\u00e9cor, ils deviennent, par leur simplicit\u00e9, un espace de projection pour notre imaginaire.<br \/>Claire Perraudeau<\/p><p><span style=\"color: #ffcc00;\">Un spectacle tous terrains<\/span><\/p><p>Ce spectacle peut-\u00eatre jou\u00e9 aussi bien sur une sc\u00e8ne de th\u00e9\u00e2tre que dans une salle des f\u00eates ou une salle d&rsquo;\u00e9cole.<\/p><p><span style=\"color: #993300;\">\u00a0<\/span><\/p><p>Septembre 2016 \u00e0 f\u00e9vrier 2017: r\u00e9p\u00e9titions dans des \u00e9coles du d\u00e9partement<\/p><p><span style=\"color: #ffcc00;\">Cr\u00e9ation:<\/span> 27 fevrier 2017 \u00e0 Vebron (48)<\/p><p><span style=\"color: #ffcc00;\">Tourn\u00e9e\u00a0:<\/span> 28 f\u00e9vrier 2017 &#8211; Florac (48), 1<sup>er<\/sup> mars &#8211; Brenoux (48), 11 mars &#8211; Le Bleymard (48), mars &#8211; Mende (48, dates \u00e0 pr\u00e9ciser), 27 et 28 mars 2017 &#8211; Bagnols les Bains (48) et Chambon le Chateau.<\/p>\t\t\t\t\t\t\t\t<\/div>\n\t\t\t\t<\/div>\n\t\t\t\t\t<\/div>\n\t\t<\/div>\n\t\t\t\t\t<\/div>\n\t\t<\/section>\n\t\t\t\t<section class=\"elementor-section elementor-top-section elementor-element elementor-element-f98c517 elementor-section-boxed elementor-section-height-default elementor-section-height-default\" data-id=\"f98c517\" data-element_type=\"section\" data-e-type=\"section\">\n\t\t\t\t\t\t<div class=\"elementor-container elementor-column-gap-default\">\n\t\t\t\t\t<div class=\"elementor-column elementor-col-100 elementor-top-column elementor-element elementor-element-459dca7\" data-id=\"459dca7\" data-element_type=\"column\" data-e-type=\"column\">\n\t\t\t<div class=\"elementor-widget-wrap elementor-element-populated\">\n\t\t\t\t\t\t<div class=\"elementor-element elementor-element-6b8384d elementor-widget elementor-widget-shortcode\" data-id=\"6b8384d\" data-element_type=\"widget\" data-e-type=\"widget\" data-widget_type=\"shortcode.default\">\n\t\t\t\t<div class=\"elementor-widget-container\">\n\t\t\t\t\t\t\t<div class=\"elementor-shortcode\"><div id='gallery-1' class='gallery galleryid-166 gallery-columns-2 gallery-size-medium'><figure class='gallery-item'>\n\t\t\t<div class='gallery-icon landscape'>\n\t\t\t\t<a href='https:\/\/lhivernu.com\/index.php\/creations\/souliers-de-sables\/p1000397\/'><img decoding=\"async\" width=\"300\" height=\"225\" src=\"https:\/\/lhivernu.com\/wp-content\/uploads\/2017\/03\/p1000397-300x225.jpg\" class=\"attachment-medium size-medium\" alt=\"\" srcset=\"https:\/\/lhivernu.com\/wp-content\/uploads\/2017\/03\/p1000397-300x225.jpg 300w, https:\/\/lhivernu.com\/wp-content\/uploads\/2017\/03\/p1000397-768x577.jpg 768w, https:\/\/lhivernu.com\/wp-content\/uploads\/2017\/03\/p1000397-1024x769.jpg 1024w\" sizes=\"(max-width: 300px) 100vw, 300px\" \/><\/a>\n\t\t\t<\/div><\/figure><figure class='gallery-item'>\n\t\t\t<div class='gallery-icon landscape'>\n\t\t\t\t<a href='https:\/\/lhivernu.com\/index.php\/creations\/souliers-de-sables\/p1000466\/'><img decoding=\"async\" width=\"300\" height=\"225\" src=\"https:\/\/lhivernu.com\/wp-content\/uploads\/2017\/03\/p1000466-300x225.jpg\" class=\"attachment-medium size-medium\" alt=\"\" srcset=\"https:\/\/lhivernu.com\/wp-content\/uploads\/2017\/03\/p1000466-300x225.jpg 300w, https:\/\/lhivernu.com\/wp-content\/uploads\/2017\/03\/p1000466-768x577.jpg 768w, https:\/\/lhivernu.com\/wp-content\/uploads\/2017\/03\/p1000466-1024x769.jpg 1024w\" sizes=\"(max-width: 300px) 100vw, 300px\" \/><\/a>\n\t\t\t<\/div><\/figure><figure class='gallery-item'>\n\t\t\t<div class='gallery-icon portrait'>\n\t\t\t\t<a href='https:\/\/lhivernu.com\/index.php\/creations\/souliers-de-sables\/p1000533\/'><img loading=\"lazy\" decoding=\"async\" width=\"225\" height=\"300\" src=\"https:\/\/lhivernu.com\/wp-content\/uploads\/2017\/03\/p1000533-225x300.jpg\" class=\"attachment-medium size-medium\" alt=\"souliers de sable cie l&#039;hiver nu\" srcset=\"https:\/\/lhivernu.com\/wp-content\/uploads\/2017\/03\/p1000533-225x300.jpg 225w, https:\/\/lhivernu.com\/wp-content\/uploads\/2017\/03\/p1000533-768x1023.jpg 768w, https:\/\/lhivernu.com\/wp-content\/uploads\/2017\/03\/p1000533-769x1024.jpg 769w\" sizes=\"(max-width: 225px) 100vw, 225px\" \/><\/a>\n\t\t\t<\/div><\/figure><figure class='gallery-item'>\n\t\t\t<div class='gallery-icon landscape'>\n\t\t\t\t<a href='https:\/\/lhivernu.com\/index.php\/creations\/souliers-de-sables\/p1000519\/'><img loading=\"lazy\" decoding=\"async\" width=\"300\" height=\"225\" src=\"https:\/\/lhivernu.com\/wp-content\/uploads\/2017\/03\/p1000519-300x225.jpg\" class=\"attachment-medium size-medium\" alt=\"\" srcset=\"https:\/\/lhivernu.com\/wp-content\/uploads\/2017\/03\/p1000519-300x225.jpg 300w, https:\/\/lhivernu.com\/wp-content\/uploads\/2017\/03\/p1000519-768x577.jpg 768w, https:\/\/lhivernu.com\/wp-content\/uploads\/2017\/03\/p1000519-1024x769.jpg 1024w, https:\/\/lhivernu.com\/wp-content\/uploads\/2017\/03\/p1000519.jpg 2029w\" sizes=\"(max-width: 300px) 100vw, 300px\" \/><\/a>\n\t\t\t<\/div><\/figure>\n\t\t<\/div>\n<\/div>\n\t\t\t\t\t\t<\/div>\n\t\t\t\t<\/div>\n\t\t\t\t\t<\/div>\n\t\t<\/div>\n\t\t\t\t\t<\/div>\n\t\t<\/section>\n\t\t\t\t<\/div>\n\t\t","protected":false},"excerpt":{"rendered":"<p>Cr\u00e9ation 2017 Th\u00e9\u00e2tre et ombres pour enfants \u00e0 partir de 5 ans Texte\u00a0: Suzanne Lebeau \/ Conception et jeu: Claire Perraudeau \/\u00a0 Conception ombres et marionnettes\u00a0: Juliette Belliard- Pauline Galindo \/ Sc\u00e9nographie\u00a0: Baptiste Etard \/ Univers sonore\u00a0: Pierre Bernert L\u2019histoire Elise et L\u00e9o, repli\u00e9s sur eux-m\u00eames dans leur petit int\u00e9rieur douillet, sont effray\u00e9s par le monde ext\u00e9rieur et sa dose d\u2019inconnu. Sortir. La grande aventure, effrayante jusque-l\u00e0, est provoqu\u00e9e par la fuite de souliers intenables trop engonc\u00e9s dans cette maison-cage. \u00ab\u00a0Le Grand Livre du dehors\u00a0\u00bb sous le bras, \u00c9lise partira dans une course folle \u00e0 la poursuite de L\u00e9o, le premier \u00e0 avoir franchi la porte. Au fil de leur escapade, la nature d\u00e9voile ses tr\u00e9sors et un nouveau monde s\u2019ouvre \u00e0 eux\u00a0: \u00ab\u00a0la chaleur de la terre sous les pieds, la douceur du vent sur les visages et l\u2019eau qui chante sur les cailloux\u00a0\u00bb. Un voyage initiatique \u00e9tonnant, une lutte contre le sablier du temps qui file trop vite. Note d\u2019intention Cette pi\u00e8ce est une ode joyeuse \u00e0 la libert\u00e9 et \u00e0 l\u2019aventure. Une fa\u00e7ade de maison qui donne \u00e0 voir tour \u00e0 tour l\u2019int\u00e9rieur et l\u2019ext\u00e9rieur, des personnages en verre translucide : c\u2019est d\u2019abord la fragilit\u00e9 des protagonistes [&hellip;]<\/p>\n","protected":false},"author":1,"featured_media":0,"parent":140,"menu_order":0,"comment_status":"closed","ping_status":"closed","template":"","meta":{"_themeisle_gutenberg_block_has_review":false,"footnotes":""},"class_list":["post-166","page","type-page","status-publish","hentry"],"_links":{"self":[{"href":"https:\/\/lhivernu.com\/index.php\/wp-json\/wp\/v2\/pages\/166","targetHints":{"allow":["GET"]}}],"collection":[{"href":"https:\/\/lhivernu.com\/index.php\/wp-json\/wp\/v2\/pages"}],"about":[{"href":"https:\/\/lhivernu.com\/index.php\/wp-json\/wp\/v2\/types\/page"}],"author":[{"embeddable":true,"href":"https:\/\/lhivernu.com\/index.php\/wp-json\/wp\/v2\/users\/1"}],"replies":[{"embeddable":true,"href":"https:\/\/lhivernu.com\/index.php\/wp-json\/wp\/v2\/comments?post=166"}],"version-history":[{"count":14,"href":"https:\/\/lhivernu.com\/index.php\/wp-json\/wp\/v2\/pages\/166\/revisions"}],"predecessor-version":[{"id":5391,"href":"https:\/\/lhivernu.com\/index.php\/wp-json\/wp\/v2\/pages\/166\/revisions\/5391"}],"up":[{"embeddable":true,"href":"https:\/\/lhivernu.com\/index.php\/wp-json\/wp\/v2\/pages\/140"}],"wp:attachment":[{"href":"https:\/\/lhivernu.com\/index.php\/wp-json\/wp\/v2\/media?parent=166"}],"curies":[{"name":"wp","href":"https:\/\/api.w.org\/{rel}","templated":true}]}}