{"id":170,"date":"2016-09-19T16:46:17","date_gmt":"2016-09-19T15:46:17","guid":{"rendered":"https:\/\/lhivernu.wordpress.com\/toute-la-joie-possible-des-apaches\/"},"modified":"2024-05-21T11:38:34","modified_gmt":"2024-05-21T09:38:34","slug":"toute-la-joie-possible-des-apaches","status":"publish","type":"page","link":"https:\/\/lhivernu.com\/index.php\/creations\/toute-la-joie-possible-des-apaches\/","title":{"rendered":"Toute la joie possible des apaches"},"content":{"rendered":"<h2 style=\"text-align:left;\"><span style=\"color:#ffcc00;\">Cr\u00e9ation 2016<\/span><\/h2>\n<p><span style=\"color:#ffcc00;\">Le 12 mai 2017 au Samovar \u00e0 Bagnolet (93)<\/span> www.lesamovar.net\/agenda\/voir\/13770<\/p>\n<p><span style=\"color:#ffcc00;\">Du 6 au 8 mai 2017 au th\u00e9\u00e2tre de Bagnols les Bains (48) <\/span>Samedi 6 mai 2017 \u00e0 20h30 \u2013 Dimanche 7 et Lundi 8 Mai 2017 \u00e0 16h00\u00a0 Info: 06 80 57 46 29<\/p>\n<p><span style=\"color:#ffcc00;\">Du 1er au 3 d\u00e9cembre \u00e0 <\/span><span style=\"color:#ffcc00;\">la Nef-Manufacture d\u2019utopies \u00e0 Pantin (93)\u00a0 <\/span><a href=\"http:\/\/www.la-nef.org\/\">http:\/\/www.la-nef.org\/<\/a><\/p>\n<p><img fetchpriority=\"high\" decoding=\"async\" class=\"aligncenter size-large wp-image-221\" src=\"https:\/\/lhivernu.com\/wp-content\/uploads\/2016\/09\/mg_9503.jpg?w=2048\" alt=\"_mg_9503\" width=\"1024\" height=\"683\" srcset=\"https:\/\/lhivernu.com\/wp-content\/uploads\/2016\/09\/mg_9503.jpg 5616w, https:\/\/lhivernu.com\/wp-content\/uploads\/2016\/09\/mg_9503-300x200.jpg 300w, https:\/\/lhivernu.com\/wp-content\/uploads\/2016\/09\/mg_9503-768x512.jpg 768w, https:\/\/lhivernu.com\/wp-content\/uploads\/2016\/09\/mg_9503-1024x683.jpg 1024w\" sizes=\"(max-width: 1024px) 100vw, 1024px\" \/><\/p>\n<p>Pi\u00e8ce pour adolescents \u00e0 partir de 14 ans et adultes.<\/p>\n<p>Conception et mise en sc\u00e8ne : <span style=\"color:#ffcc00;\">Claire Perraudeau<\/span>\/ Sc\u00e9nographie : <span style=\"color:#ffcc00;\">Baptiste Etard<\/span> \/ Cr\u00e9ation lumi\u00e8re\u00a0: <span style=\"color:#ffcc00;\">Perrine Cado<\/span> \/ Cr\u00e9ation sonore : <span style=\"color:#ffcc00;\">Pierre Bernert<\/span> et <span style=\"color:#ffcc00;\">Annabelle Playe<\/span> \/ Construction marionnettes : <span style=\"color:#ffcc00;\">Sophie Arlotto<\/span> \/ R\u00e9gie: <span style=\"color:#ffcc00;\">Samuel Herbreteau<\/span> \/ Avec : <span style=\"color:#ffcc00;\">Pierre Bernert, Baptiste Etard, Audrey Montpied, Annabelle Playe<\/span><\/p>\n<p><span style=\"color:#993300;\">\u00a0<span style=\"color:#ffcc00;\">Synopsis:<\/span><\/span> L\u2019action se d\u00e9roule \u00e0 la fronti\u00e8re de la France et de l&rsquo;Espagne, de nos jours.\u2028 Lucien, un jeune adolescent a disparu.\u2028 Une juge pour enfant interroge Salvador, l\u2019ami avec qui il a fugu\u00e9 quelques semaines avant, mais il refuse de parler.\u2028 De flash back en interrogatoires, des bribes de cette fugue se reconstituent, et nous entrainent au c\u0153ur d\u2019une (contre) Histoire des ann\u00e9es 1970 en Espagne. Transition d\u00e9mocratique, gu\u00e9rilla anarchiste, actions directes, des hommes et des femmes, tous tr\u00e8s jeunes, qui se sont dress\u00e9s contre les autorit\u00e9s en place surgissent sur le plateau, posant cette question : quelle place pour ceux qui refusent l\u2019organisation actuelle du monde? Quelles luttes? Quelle l\u00e9gitimit\u00e9?<\/p>\n<p><span style=\"color:#ffcc00;\"><em>Toute la joie possible des apaches<\/em><\/span> est une variation th\u00e9\u00e2trale et visuelle qui d\u00e9construit, interroge ce qui fait autorit\u00e9, qu\u2019il s\u2019agisse de la loi, de l\u2019autorit\u00e9 parentale, de la v\u00e9rit\u00e9 historique, de la coh\u00e9rence dramaturgique et sc\u00e9nographique, de l\u2019incarnation, de l\u2019identification, de la posture du com\u00e9dien ou du spectateur.<\/p>\n<p><img decoding=\"async\" class=\" size-full wp-image-219 aligncenter\" src=\"https:\/\/lhivernu.com\/wp-content\/uploads\/2016\/09\/capture-d_ecc81cran-2015-07-19-acc80-23-31-21.jpg\" alt=\"capture-decran-2015-07-19-a-23-31-21\" width=\"579\" height=\"373\" srcset=\"https:\/\/lhivernu.com\/wp-content\/uploads\/2016\/09\/capture-d_ecc81cran-2015-07-19-acc80-23-31-21.jpg 579w, https:\/\/lhivernu.com\/wp-content\/uploads\/2016\/09\/capture-d_ecc81cran-2015-07-19-acc80-23-31-21-300x193.jpg 300w\" sizes=\"(max-width: 579px) 100vw, 579px\" \/><\/p>\n<p>Sur le plateau, une structure de bois.\u2028 C\u2019est une cabane dans les pyr\u00e9n\u00e9es.\u2028 Une planque pour les membres du 1000 (groupe anti-capitaliste et anti-franquiste), pendant la dictature. Le lieu o\u00f9 ils d\u00e9battent, pr\u00e9parent les expropriations, r\u00e9cup\u00e8rent les textes imprim\u00e9s, festoient, d\u00e9cident de se s\u00e9parer. \u2028C\u2019est un refuge, pour nos deux adolescents en fuite vers l\u2019inconnu.\u2028 C\u2019est un labyrinthe, d\u00e9dale infernal dans lequel Salvador entra\u00eene la juge qui l\u2019interroge, et au c\u0153ur duquel surgissent les ombres du pass\u00e9, les peurs comme les r\u00eaves de nos protagonistes.<\/p>\n<p>Il y a quatre com\u00e9diens-manipulateurs-musiciens, des objets, des ombres et des marionnettes pour donner vie \u00e0 l\u2019ensemble des personnages.\u2028 Entrem\u00ealer le jeu d\u2019acteur aux esth\u00e9tiques d\u2019ombre et de marionnettes nous permet de situer notre r\u00e9cit \u00e0 la fronti\u00e8re de la r\u00e9alit\u00e9 et de la fantasmagorie.<\/p>\n<p style=\"text-align:center;\"><strong>Que vendons-nous? rien \/ que voulons-nous? tout. (\u00e9quipe ext\u00e9rieur, 1973)<br \/>\n<\/strong><\/p>\n<p><img decoding=\"async\" class=\"aligncenter size-large wp-image-811\" src=\"https:\/\/lhivernu.com\/wp-content\/uploads\/2017\/03\/profil-ombre1.jpeg?w=2048\" alt=\"profil-ombre\" width=\"1024\" height=\"767\" srcset=\"https:\/\/lhivernu.com\/wp-content\/uploads\/2017\/03\/profil-ombre1.jpeg 1280w, https:\/\/lhivernu.com\/wp-content\/uploads\/2017\/03\/profil-ombre1-300x225.jpeg 300w, https:\/\/lhivernu.com\/wp-content\/uploads\/2017\/03\/profil-ombre1-768x575.jpeg 768w, https:\/\/lhivernu.com\/wp-content\/uploads\/2017\/03\/profil-ombre1-1024x767.jpeg 1024w\" sizes=\"(max-width: 1024px) 100vw, 1024px\" \/><\/p>\n<div id='gallery-1' class='gallery galleryid-170 gallery-columns-3 gallery-size-thumbnail'><figure class='gallery-item'>\n\t\t\t<div class='gallery-icon landscape'>\n\t\t\t\t<a href='https:\/\/lhivernu.com\/index.php\/creations\/toute-la-joie-possible-des-apaches\/6tempe%cc%82te\/'><img loading=\"lazy\" decoding=\"async\" width=\"150\" height=\"150\" src=\"https:\/\/lhivernu.com\/wp-content\/uploads\/2016\/09\/6tempecc82te-150x150.jpg\" class=\"attachment-thumbnail size-thumbnail\" alt=\"\" srcset=\"https:\/\/lhivernu.com\/wp-content\/uploads\/2016\/09\/6tempecc82te-150x150.jpg 150w, https:\/\/lhivernu.com\/wp-content\/uploads\/2016\/09\/6tempecc82te-100x100.jpg 100w\" sizes=\"(max-width: 150px) 100vw, 150px\" \/><\/a>\n\t\t\t<\/div><\/figure><figure class='gallery-item'>\n\t\t\t<div class='gallery-icon portrait'>\n\t\t\t\t<a href='https:\/\/lhivernu.com\/index.php\/creations\/toute-la-joie-possible-des-apaches\/batteleur\/'><img loading=\"lazy\" decoding=\"async\" width=\"150\" height=\"150\" src=\"https:\/\/lhivernu.com\/wp-content\/uploads\/2017\/03\/batteleur-150x150.jpeg\" class=\"attachment-thumbnail size-thumbnail\" alt=\"\" srcset=\"https:\/\/lhivernu.com\/wp-content\/uploads\/2017\/03\/batteleur-150x150.jpeg 150w, https:\/\/lhivernu.com\/wp-content\/uploads\/2017\/03\/batteleur-100x100.jpeg 100w\" sizes=\"(max-width: 150px) 100vw, 150px\" \/><\/a>\n\t\t\t<\/div><\/figure><figure class='gallery-item'>\n\t\t\t<div class='gallery-icon portrait'>\n\t\t\t\t<a href='https:\/\/lhivernu.com\/index.php\/creations\/toute-la-joie-possible-des-apaches\/interogatoire\/'><img loading=\"lazy\" decoding=\"async\" width=\"150\" height=\"150\" src=\"https:\/\/lhivernu.com\/wp-content\/uploads\/2017\/03\/interogatoire-150x150.jpeg\" class=\"attachment-thumbnail size-thumbnail\" alt=\"\" srcset=\"https:\/\/lhivernu.com\/wp-content\/uploads\/2017\/03\/interogatoire-150x150.jpeg 150w, https:\/\/lhivernu.com\/wp-content\/uploads\/2017\/03\/interogatoire-100x100.jpeg 100w\" sizes=\"(max-width: 150px) 100vw, 150px\" \/><\/a>\n\t\t\t<\/div><\/figure><figure class='gallery-item'>\n\t\t\t<div class='gallery-icon landscape'>\n\t\t\t\t<a href='https:\/\/lhivernu.com\/index.php\/creations\/toute-la-joie-possible-des-apaches\/equipe\/'><img loading=\"lazy\" decoding=\"async\" width=\"150\" height=\"150\" src=\"https:\/\/lhivernu.com\/wp-content\/uploads\/2017\/03\/equipe-150x150.jpeg\" class=\"attachment-thumbnail size-thumbnail\" alt=\"\" srcset=\"https:\/\/lhivernu.com\/wp-content\/uploads\/2017\/03\/equipe-150x150.jpeg 150w, https:\/\/lhivernu.com\/wp-content\/uploads\/2017\/03\/equipe-100x100.jpeg 100w\" sizes=\"(max-width: 150px) 100vw, 150px\" \/><\/a>\n\t\t\t<\/div><\/figure><figure class='gallery-item'>\n\t\t\t<div class='gallery-icon landscape'>\n\t\t\t\t<a href='https:\/\/lhivernu.com\/index.php\/creations\/toute-la-joie-possible-des-apaches\/denuit\/'><img loading=\"lazy\" decoding=\"async\" width=\"150\" height=\"150\" src=\"https:\/\/lhivernu.com\/wp-content\/uploads\/2017\/03\/denuit-150x150.jpeg\" class=\"attachment-thumbnail size-thumbnail\" alt=\"\" srcset=\"https:\/\/lhivernu.com\/wp-content\/uploads\/2017\/03\/denuit-150x150.jpeg 150w, https:\/\/lhivernu.com\/wp-content\/uploads\/2017\/03\/denuit-100x100.jpeg 100w\" sizes=\"(max-width: 150px) 100vw, 150px\" \/><\/a>\n\t\t\t<\/div><\/figure><figure class='gallery-item'>\n\t\t\t<div class='gallery-icon landscape'>\n\t\t\t\t<a href='https:\/\/lhivernu.com\/index.php\/creations\/toute-la-joie-possible-des-apaches\/8desosses\/'><img loading=\"lazy\" decoding=\"async\" width=\"150\" height=\"150\" src=\"https:\/\/lhivernu.com\/wp-content\/uploads\/2016\/09\/8decc81sossecc81s-150x150.jpg\" class=\"attachment-thumbnail size-thumbnail\" alt=\"\" srcset=\"https:\/\/lhivernu.com\/wp-content\/uploads\/2016\/09\/8decc81sossecc81s-150x150.jpg 150w, https:\/\/lhivernu.com\/wp-content\/uploads\/2016\/09\/8decc81sossecc81s-100x100.jpg 100w\" sizes=\"(max-width: 150px) 100vw, 150px\" \/><\/a>\n\t\t\t<\/div><\/figure><figure class='gallery-item'>\n\t\t\t<div class='gallery-icon landscape'>\n\t\t\t\t<a href='https:\/\/lhivernu.com\/index.php\/creations\/toute-la-joie-possible-des-apaches\/img_4712\/'><img loading=\"lazy\" decoding=\"async\" width=\"150\" height=\"150\" src=\"https:\/\/lhivernu.com\/wp-content\/uploads\/2016\/09\/img_4712-150x150.jpg\" class=\"attachment-thumbnail size-thumbnail\" alt=\"\" srcset=\"https:\/\/lhivernu.com\/wp-content\/uploads\/2016\/09\/img_4712-150x150.jpg 150w, https:\/\/lhivernu.com\/wp-content\/uploads\/2016\/09\/img_4712-100x100.jpg 100w\" sizes=\"(max-width: 150px) 100vw, 150px\" \/><\/a>\n\t\t\t<\/div><\/figure><figure class='gallery-item'>\n\t\t\t<div class='gallery-icon portrait'>\n\t\t\t\t<a href='https:\/\/lhivernu.com\/index.php\/creations\/toute-la-joie-possible-des-apaches\/_mg_9141\/'><img loading=\"lazy\" decoding=\"async\" width=\"150\" height=\"150\" src=\"https:\/\/lhivernu.com\/wp-content\/uploads\/2016\/09\/mg_9141-150x150.jpg\" class=\"attachment-thumbnail size-thumbnail\" alt=\"\" srcset=\"https:\/\/lhivernu.com\/wp-content\/uploads\/2016\/09\/mg_9141-150x150.jpg 150w, https:\/\/lhivernu.com\/wp-content\/uploads\/2016\/09\/mg_9141-100x100.jpg 100w\" sizes=\"(max-width: 150px) 100vw, 150px\" \/><\/a>\n\t\t\t<\/div><\/figure><figure class='gallery-item'>\n\t\t\t<div class='gallery-icon landscape'>\n\t\t\t\t<a href='https:\/\/lhivernu.com\/espace-debut-2\/'><img loading=\"lazy\" decoding=\"async\" width=\"150\" height=\"150\" src=\"https:\/\/lhivernu.com\/wp-content\/uploads\/2016\/09\/espace-decc81but1-150x150.jpg\" class=\"attachment-thumbnail size-thumbnail\" alt=\"\" srcset=\"https:\/\/lhivernu.com\/wp-content\/uploads\/2016\/09\/espace-decc81but1-150x150.jpg 150w, https:\/\/lhivernu.com\/wp-content\/uploads\/2016\/09\/espace-decc81but1-100x100.jpg 100w\" sizes=\"(max-width: 150px) 100vw, 150px\" \/><\/a>\n\t\t\t<\/div><\/figure>\n\t\t<\/div>\n\n<p style=\"text-align:right;\">cr\u00e9dit photo: Antonin Etard\/Laurent cadeac<\/p>\n<p>Spectacle accueillie en r\u00e9sidence par la ville de Mende et par arema.lr , coproduits avec les sc\u00e8nes crois\u00e9es de Loz\u00e8re.<\/p>\n<p>Avec le soutien de la DRAC Languedoc Roussillon, de la r\u00e9gion LR, du d\u00e9partement de la Loz\u00e8re, de la communaut\u00e9 de commune du Valdonnez et de de la commune de Lanuejols.<\/p>\n<div id='gallery-2' class='gallery galleryid-170 gallery-columns-7 gallery-size-thumbnail'><figure class='gallery-item'>\n\t\t\t<div class='gallery-icon landscape'>\n\t\t\t\t<a href='https:\/\/lhivernu.com\/index.php\/creations\/toute-la-joie-possible-des-apaches\/impression\/'><img loading=\"lazy\" decoding=\"async\" width=\"150\" height=\"150\" src=\"https:\/\/lhivernu.com\/wp-content\/uploads\/2016\/09\/logo_mende_300dpi-150x150.jpg\" class=\"attachment-thumbnail size-thumbnail\" alt=\"\" srcset=\"https:\/\/lhivernu.com\/wp-content\/uploads\/2016\/09\/logo_mende_300dpi-150x150.jpg 150w, https:\/\/lhivernu.com\/wp-content\/uploads\/2016\/09\/logo_mende_300dpi-100x100.jpg 100w\" sizes=\"(max-width: 150px) 100vw, 150px\" \/><\/a>\n\t\t\t<\/div><\/figure><figure class='gallery-item'>\n\t\t\t<div class='gallery-icon landscape'>\n\t\t\t\t<a href='https:\/\/lhivernu.com\/index.php\/creations\/toute-la-joie-possible-des-apaches\/logo-bas\/'><img loading=\"lazy\" decoding=\"async\" width=\"150\" height=\"150\" src=\"https:\/\/lhivernu.com\/wp-content\/uploads\/2016\/09\/logo-bas-150x150.png\" class=\"attachment-thumbnail size-thumbnail\" alt=\"\" srcset=\"https:\/\/lhivernu.com\/wp-content\/uploads\/2016\/09\/logo-bas-150x150.png 150w, https:\/\/lhivernu.com\/wp-content\/uploads\/2016\/09\/logo-bas-100x100.png 100w\" sizes=\"(max-width: 150px) 100vw, 150px\" \/><\/a>\n\t\t\t<\/div><\/figure><figure class='gallery-item'>\n\t\t\t<div class='gallery-icon landscape'>\n\t\t\t\t<a href='https:\/\/lhivernu.com\/index.php\/a-propos\/images\/'><img loading=\"lazy\" decoding=\"async\" width=\"150\" height=\"133\" src=\"https:\/\/lhivernu.com\/wp-content\/uploads\/2016\/09\/images-150x133.jpg\" class=\"attachment-thumbnail size-thumbnail\" alt=\"\" \/><\/a>\n\t\t\t<\/div><\/figure><figure class='gallery-item'>\n\t\t\t<div class='gallery-icon landscape'>\n\t\t\t\t<a href='https:\/\/lhivernu.com\/index.php\/a-propos\/logo-cg-48-mode-cmjn-carre-de-defonce-blanc\/'><img loading=\"lazy\" decoding=\"async\" width=\"150\" height=\"150\" src=\"https:\/\/lhivernu.com\/wp-content\/uploads\/2016\/09\/logo-cg-48-mode-cmjn-carrecc81-de-decc81fonce-blanc-150x150.jpg\" class=\"attachment-thumbnail size-thumbnail\" alt=\"\" srcset=\"https:\/\/lhivernu.com\/wp-content\/uploads\/2016\/09\/logo-cg-48-mode-cmjn-carrecc81-de-decc81fonce-blanc-150x150.jpg 150w, https:\/\/lhivernu.com\/wp-content\/uploads\/2016\/09\/logo-cg-48-mode-cmjn-carrecc81-de-decc81fonce-blanc-100x100.jpg 100w\" sizes=\"(max-width: 150px) 100vw, 150px\" \/><\/a>\n\t\t\t<\/div><\/figure><figure class='gallery-item'>\n\t\t\t<div class='gallery-icon portrait'>\n\t\t\t\t<a href='https:\/\/lhivernu.com\/index.php\/a-propos\/configuration-footer_logo_marianne\/'><img loading=\"lazy\" decoding=\"async\" width=\"85\" height=\"113\" src=\"https:\/\/lhivernu.com\/wp-content\/uploads\/2016\/09\/configuration-footer_logo_marianne.png\" class=\"attachment-thumbnail size-thumbnail\" alt=\"\" \/><\/a>\n\t\t\t<\/div><\/figure><figure class='gallery-item'>\n\t\t\t<div class='gallery-icon portrait'>\n\t\t\t\t<a href='https:\/\/lhivernu.com\/index.php\/a-propos\/logo-header\/'><img loading=\"lazy\" decoding=\"async\" width=\"150\" height=\"150\" src=\"https:\/\/lhivernu.com\/wp-content\/uploads\/2016\/09\/logo-header-150x150.png\" class=\"attachment-thumbnail size-thumbnail\" alt=\"\" srcset=\"https:\/\/lhivernu.com\/wp-content\/uploads\/2016\/09\/logo-header-150x150.png 150w, https:\/\/lhivernu.com\/wp-content\/uploads\/2016\/09\/logo-header-100x100.png 100w\" sizes=\"(max-width: 150px) 100vw, 150px\" \/><\/a>\n\t\t\t<\/div><\/figure><figure class='gallery-item'>\n\t\t\t<div class='gallery-icon landscape'>\n\t\t\t\t<a href='https:\/\/lhivernu.com\/index.php\/creations\/toute-la-joie-possible-des-apaches\/nouveau_logo\/'><img loading=\"lazy\" decoding=\"async\" width=\"150\" height=\"150\" src=\"https:\/\/lhivernu.com\/wp-content\/uploads\/2016\/09\/nouveau_logo-150x150.jpg\" class=\"attachment-thumbnail size-thumbnail\" alt=\"\" srcset=\"https:\/\/lhivernu.com\/wp-content\/uploads\/2016\/09\/nouveau_logo-150x150.jpg 150w, https:\/\/lhivernu.com\/wp-content\/uploads\/2016\/09\/nouveau_logo-100x100.jpg 100w\" sizes=\"(max-width: 150px) 100vw, 150px\" \/><\/a>\n\t\t\t<\/div><\/figure>\n\t\t<\/div>\n\n<p><img loading=\"lazy\" decoding=\"async\" class=\"alignnone size-full wp-image-320\" src=\"https:\/\/lhivernu.com\/wp-content\/uploads\/2016\/09\/moins_de_cowboys-1419c.jpg\" alt=\"moins_de_cowboys-1419c\" width=\"700\" height=\"525\" srcset=\"https:\/\/lhivernu.com\/wp-content\/uploads\/2016\/09\/moins_de_cowboys-1419c.jpg 700w, https:\/\/lhivernu.com\/wp-content\/uploads\/2016\/09\/moins_de_cowboys-1419c-300x225.jpg 300w\" sizes=\"(max-width: 700px) 100vw, 700px\" \/><\/p>\n","protected":false},"excerpt":{"rendered":"<p>Cr\u00e9ation 2016 Le 12 mai 2017 au Samovar \u00e0 Bagnolet (93) www.lesamovar.net\/agenda\/voir\/13770 Du 6 au 8 mai 2017 au th\u00e9\u00e2tre de Bagnols les Bains (48) Samedi 6 mai 2017 \u00e0 20h30 \u2013 Dimanche 7 et Lundi 8 Mai 2017 \u00e0 16h00\u00a0 Info: 06 80 57 46 29 Du 1er au 3 d\u00e9cembre \u00e0 la Nef-Manufacture d\u2019utopies \u00e0 Pantin (93)\u00a0 http:\/\/www.la-nef.org\/ Pi\u00e8ce pour adolescents \u00e0 partir de 14 ans et adultes. Conception et mise en sc\u00e8ne : Claire Perraudeau\/ Sc\u00e9nographie : Baptiste Etard \/ Cr\u00e9ation lumi\u00e8re\u00a0: Perrine Cado \/ Cr\u00e9ation sonore : Pierre Bernert et Annabelle Playe \/ Construction marionnettes : Sophie Arlotto \/ R\u00e9gie: Samuel Herbreteau \/ Avec : Pierre Bernert, Baptiste Etard, Audrey Montpied, Annabelle Playe \u00a0Synopsis: L\u2019action se d\u00e9roule \u00e0 la fronti\u00e8re de la France et de l&rsquo;Espagne, de nos jours.\u2028 Lucien, un jeune adolescent a disparu.\u2028 Une juge pour enfant interroge Salvador, l\u2019ami avec qui il a fugu\u00e9 quelques semaines avant, mais il refuse de parler.\u2028 De flash back en interrogatoires, des bribes de cette fugue se reconstituent, et nous entrainent au c\u0153ur d\u2019une (contre) Histoire des ann\u00e9es 1970 en Espagne. Transition d\u00e9mocratique, gu\u00e9rilla anarchiste, actions directes, des hommes et des femmes, tous tr\u00e8s jeunes, qui se [&hellip;]<\/p>\n","protected":false},"author":1,"featured_media":221,"parent":140,"menu_order":0,"comment_status":"closed","ping_status":"closed","template":"","meta":{"_themeisle_gutenberg_block_has_review":false,"footnotes":""},"class_list":["post-170","page","type-page","status-publish","has-post-thumbnail","hentry"],"_links":{"self":[{"href":"https:\/\/lhivernu.com\/index.php\/wp-json\/wp\/v2\/pages\/170","targetHints":{"allow":["GET"]}}],"collection":[{"href":"https:\/\/lhivernu.com\/index.php\/wp-json\/wp\/v2\/pages"}],"about":[{"href":"https:\/\/lhivernu.com\/index.php\/wp-json\/wp\/v2\/types\/page"}],"author":[{"embeddable":true,"href":"https:\/\/lhivernu.com\/index.php\/wp-json\/wp\/v2\/users\/1"}],"replies":[{"embeddable":true,"href":"https:\/\/lhivernu.com\/index.php\/wp-json\/wp\/v2\/comments?post=170"}],"version-history":[{"count":1,"href":"https:\/\/lhivernu.com\/index.php\/wp-json\/wp\/v2\/pages\/170\/revisions"}],"predecessor-version":[{"id":4082,"href":"https:\/\/lhivernu.com\/index.php\/wp-json\/wp\/v2\/pages\/170\/revisions\/4082"}],"up":[{"embeddable":true,"href":"https:\/\/lhivernu.com\/index.php\/wp-json\/wp\/v2\/pages\/140"}],"wp:featuredmedia":[{"embeddable":true,"href":"https:\/\/lhivernu.com\/index.php\/wp-json\/wp\/v2\/media\/221"}],"wp:attachment":[{"href":"https:\/\/lhivernu.com\/index.php\/wp-json\/wp\/v2\/media?parent=170"}],"curies":[{"name":"wp","href":"https:\/\/api.w.org\/{rel}","templated":true}]}}