{"id":172,"date":"2016-09-19T20:06:31","date_gmt":"2016-09-19T19:06:31","guid":{"rendered":"https:\/\/lhivernu.wordpress.com\/?page_id=172"},"modified":"2024-05-21T11:38:48","modified_gmt":"2024-05-21T09:38:48","slug":"contact","status":"publish","type":"page","link":"https:\/\/lhivernu.com\/index.php\/contact\/","title":{"rendered":"Contact"},"content":{"rendered":"\t\t<div data-elementor-type=\"wp-page\" data-elementor-id=\"172\" class=\"elementor elementor-172\">\n\t\t\t\t\t\t<section class=\"elementor-section elementor-top-section elementor-element elementor-element-4f1ece19 elementor-section-boxed elementor-section-height-default elementor-section-height-default\" data-id=\"4f1ece19\" data-element_type=\"section\" data-e-type=\"section\">\n\t\t\t\t\t\t<div class=\"elementor-container elementor-column-gap-default\">\n\t\t\t\t\t<div class=\"elementor-column elementor-col-100 elementor-top-column elementor-element elementor-element-7326d71d\" data-id=\"7326d71d\" data-element_type=\"column\" data-e-type=\"column\">\n\t\t\t<div class=\"elementor-widget-wrap elementor-element-populated\">\n\t\t\t\t\t\t<div class=\"elementor-element elementor-element-7e8040b7 elementor-widget elementor-widget-text-editor\" data-id=\"7e8040b7\" data-element_type=\"widget\" data-e-type=\"widget\" data-widget_type=\"text-editor.default\">\n\t\t\t\t<div class=\"elementor-widget-container\">\n\t\t\t\t\t\t\t\t\t<p>Cie L\u2019hiver nu<br \/>La Fabrique du Viala<br \/>Le Viala, 48000 Lanu\u00e9jols<\/p><p>Si\u00e8ge social : 6 place Charles de Gaulle &#8211; 48000 Mende<\/p><p>04 66 45 56 47 \/ contact@lhivernu.com<\/p><p><strong>Direction artistique\u00a0<\/strong>:<br \/>Claire Perraudeau &#8211; Baptiste Etard : 07 88 59 32 76<\/p><p><strong>Administration :<\/strong><br \/><a href=\"mailto:contact@lhivernu.com\">contact@lhivernu.com<\/a><\/p><p>Si vous souhaitez recevoir par mail les annonces des \u00e9v\u00e9nements et manifestations du Viala, ou l\u2019actualit\u00e9 de la Cie l&rsquo;hiver nu, merci d&rsquo;\u00e9crire \u00e0 contact@lhivernu.com !<\/p>\t\t\t\t\t\t\t\t<\/div>\n\t\t\t\t<\/div>\n\t\t\t\t\t<\/div>\n\t\t<\/div>\n\t\t\t\t\t<\/div>\n\t\t<\/section>\n\t\t\t\t<\/div>\n\t\t","protected":false},"excerpt":{"rendered":"<p>Cie L\u2019hiver nuLa Fabrique du VialaLe Viala, 48000 Lanu\u00e9jols Si\u00e8ge social : 6 place Charles de Gaulle &#8211; 48000 Mende 04 66 45 56 47 \/ contact@lhivernu.com Direction artistique\u00a0:Claire Perraudeau &#8211; Baptiste Etard : 07 88 59 32 76 Administration :contact@lhivernu.com Si vous souhaitez recevoir par mail les annonces des \u00e9v\u00e9nements et manifestations du Viala, ou l\u2019actualit\u00e9 de la Cie l&rsquo;hiver nu, merci d&rsquo;\u00e9crire \u00e0 contact@lhivernu.com !<\/p>\n","protected":false},"author":1,"featured_media":316,"parent":0,"menu_order":0,"comment_status":"closed","ping_status":"closed","template":"","meta":{"_themeisle_gutenberg_block_has_review":false,"footnotes":""},"class_list":["post-172","page","type-page","status-publish","has-post-thumbnail","hentry"],"_links":{"self":[{"href":"https:\/\/lhivernu.com\/index.php\/wp-json\/wp\/v2\/pages\/172","targetHints":{"allow":["GET"]}}],"collection":[{"href":"https:\/\/lhivernu.com\/index.php\/wp-json\/wp\/v2\/pages"}],"about":[{"href":"https:\/\/lhivernu.com\/index.php\/wp-json\/wp\/v2\/types\/page"}],"author":[{"embeddable":true,"href":"https:\/\/lhivernu.com\/index.php\/wp-json\/wp\/v2\/users\/1"}],"replies":[{"embeddable":true,"href":"https:\/\/lhivernu.com\/index.php\/wp-json\/wp\/v2\/comments?post=172"}],"version-history":[{"count":8,"href":"https:\/\/lhivernu.com\/index.php\/wp-json\/wp\/v2\/pages\/172\/revisions"}],"predecessor-version":[{"id":2668,"href":"https:\/\/lhivernu.com\/index.php\/wp-json\/wp\/v2\/pages\/172\/revisions\/2668"}],"wp:featuredmedia":[{"embeddable":true,"href":"https:\/\/lhivernu.com\/index.php\/wp-json\/wp\/v2\/media\/316"}],"wp:attachment":[{"href":"https:\/\/lhivernu.com\/index.php\/wp-json\/wp\/v2\/media?parent=172"}],"curies":[{"name":"wp","href":"https:\/\/api.w.org\/{rel}","templated":true}]}}