{"id":1749,"date":"2019-01-23T15:33:58","date_gmt":"2019-01-23T14:33:58","guid":{"rendered":"http:\/\/lhivernu.com\/?page_id=1749"},"modified":"2025-02-03T11:37:23","modified_gmt":"2025-02-03T10:37:23","slug":"banquet-dhiver","status":"publish","type":"page","link":"https:\/\/lhivernu.com\/index.php\/banquet-dhiver\/","title":{"rendered":"Les Banquets"},"content":{"rendered":"<p><span style=\"color: #000000;\">Un samedi par mois, la Fabrique du Viala ouvre ses portes pour une apr\u00e8s-midi et une soir\u00e9e d\u2019\u00e9changes et de rencontres entre artistes et habitants.<br \/>\n<\/span><span style=\"color: #000000;\">\u00c0 partir de 15h, la journ\u00e9e s\u2019\u00e9gr\u00e8ne au rythme des multiples propositions qui sont faites aux adultes et aux enfants.<\/span><\/p>\n<p><strong><span style=\"color: #008080;\">15h &#8211; ATELIER BRICO-PLUCHE\u00a0<\/span><br \/>\n<span style=\"color: #000000;\">Pour les adultes<\/span><br \/>\n<\/strong><span style=\"color: #000000;\">On papote, on bricole \u2026 et on \u00e9pluche pour le repas du soir.<\/span><br \/>\n<span style=\"color: #000000;\">Pour les peintres et autres bricoleurs, de petits chantiers collectifs se mettent en place pour entretenir et am\u00e9nager les locaux de la fabrique. Autour de la pr\u00e9paration du banquet, c\u2019est aussi l\u2019occasion de partager les<\/span><br \/>\n<span style=\"color: #000000;\">savoirs des uns et des autres. C\u2019est l\u00e0 que naissent les id\u00e9es, les propositions pour la suite. Ces ateliers libres sont ainsi le pr\u00e9texte \u00e0 ce que chacun puisse s\u2019approprier le lieu et l\u2019\u00e9v\u00e9nement.<\/span><\/p>\n<p><strong><span style=\"color: #008080;\">16h30 &#8211;<\/span>\u00a0<\/strong><span style=\"color: #008080;\"><strong>UNE APR\u00c8S-MIDI AU TH\u00c9\u00c2TRE\u00a0<\/strong><\/span><br \/>\n<span style=\"color: #000000;\"><strong>Pour les enfants de 4 \u00e0 13 ans<\/strong>, l\u2019apr\u00e8s-midi est consacr\u00e9e \u00e0 la d\u00e9couverte du th\u00e9\u00e2tre contemporain et de l\u2019art pour la jeunesse. Nous d\u00e9butons par une lecture. Suit une discussion autour de l\u2019\u0153uvre, un go\u00fbter puis un atelier de pratique. Il peut s\u2019agir d\u2019un atelier de jeu th\u00e9\u00e2tral, de confection de masques de th\u00e9\u00e2tre, de costumes, d\u2019accessoires, de d\u00e9cors, d\u2019un atelier autour de la voix, du corps, d\u2019arts plastiques ou parfois de conversations libres.<\/span><\/p>\n<p><span style=\"color: #008080;\"><strong>19h &#8211; AP\u00c9RO &#8211; LECTURES &#8211; PERF&rsquo; &#8211; CONCERT\u00a0<\/strong><\/span><br \/>\n<span style=\"color: #000000;\">C\u2019est \u00e0 l\u2019heure de l\u2019ap\u00e9ritif que nous faisons les propositions artistiques. Selon les samedis, il peut s\u2019agir d\u2019un spectacle, d\u2019une lecture de po\u00e9sie, d\u2019une pr\u00e9sentation de chantier en cours, d\u2019un concert. C\u2019est l\u2019occasion de<\/span><br \/>\n<span style=\"color: #000000;\">montrer le travail d\u2019artistes qui sont nos complices du moment, qui sont en r\u00e9sidence au Viala, ou bien de partager un moment de notre propre recherche th\u00e9\u00e2trale. Il ne s\u2019agit donc pas ici de proposer une programmation de spectacles, mais bien de ponctuer notre recherche artistique de rencontres publiques.<\/span><\/p>\n<p><span style=\"color: #008080;\"><strong>21h &#8211; BANQUET &amp; BAL\u00a0<\/strong><\/span><span style=\"color: #000000;\"><br \/>\nLe repas est partag\u00e9 sous forme de banquet dans une ambiance chaleureuse qui invite \u00e0 terminer la soir\u00e9e sous forme de bal, men\u00e9 quand l\u2019occasion s\u2019y pr\u00eate par un(e) DJ.<\/span><\/p>\n","protected":false},"excerpt":{"rendered":"<p>Un samedi par mois, la Fabrique du Viala ouvre ses portes pour une apr\u00e8s-midi et une soir\u00e9e d\u2019\u00e9changes et de rencontres entre artistes et habitants. \u00c0 partir de 15h, la journ\u00e9e s\u2019\u00e9gr\u00e8ne au rythme des multiples propositions qui sont faites aux adultes et aux enfants. 15h &#8211; ATELIER BRICO-PLUCHE\u00a0 Pour les adultes On papote, on bricole \u2026 et on \u00e9pluche pour le repas du soir. Pour les peintres et autres bricoleurs, de petits chantiers collectifs se mettent en place pour entretenir et am\u00e9nager les locaux de la fabrique. Autour de la pr\u00e9paration du banquet, c\u2019est aussi l\u2019occasion de partager les savoirs des uns et des autres. C\u2019est l\u00e0 que naissent les id\u00e9es, les propositions pour la suite. Ces ateliers libres sont ainsi le pr\u00e9texte \u00e0 ce que chacun puisse s\u2019approprier le lieu et l\u2019\u00e9v\u00e9nement. 16h30 &#8211;\u00a0UNE APR\u00c8S-MIDI AU TH\u00c9\u00c2TRE\u00a0 Pour les enfants de 4 \u00e0 13 ans, l\u2019apr\u00e8s-midi est consacr\u00e9e \u00e0 la d\u00e9couverte du th\u00e9\u00e2tre contemporain et de l\u2019art pour la jeunesse. Nous d\u00e9butons par une lecture. Suit une discussion autour de l\u2019\u0153uvre, un go\u00fbter puis un atelier de pratique. Il peut s\u2019agir d\u2019un atelier de jeu th\u00e9\u00e2tral, de confection de masques de th\u00e9\u00e2tre, de costumes, d\u2019accessoires, de d\u00e9cors, d\u2019un [&hellip;]<\/p>\n","protected":false},"author":3,"featured_media":4392,"parent":0,"menu_order":0,"comment_status":"closed","ping_status":"closed","template":"","meta":{"_themeisle_gutenberg_block_has_review":false,"footnotes":""},"class_list":["post-1749","page","type-page","status-publish","has-post-thumbnail","hentry"],"_links":{"self":[{"href":"https:\/\/lhivernu.com\/index.php\/wp-json\/wp\/v2\/pages\/1749","targetHints":{"allow":["GET"]}}],"collection":[{"href":"https:\/\/lhivernu.com\/index.php\/wp-json\/wp\/v2\/pages"}],"about":[{"href":"https:\/\/lhivernu.com\/index.php\/wp-json\/wp\/v2\/types\/page"}],"author":[{"embeddable":true,"href":"https:\/\/lhivernu.com\/index.php\/wp-json\/wp\/v2\/users\/3"}],"replies":[{"embeddable":true,"href":"https:\/\/lhivernu.com\/index.php\/wp-json\/wp\/v2\/comments?post=1749"}],"version-history":[{"count":39,"href":"https:\/\/lhivernu.com\/index.php\/wp-json\/wp\/v2\/pages\/1749\/revisions"}],"predecessor-version":[{"id":4394,"href":"https:\/\/lhivernu.com\/index.php\/wp-json\/wp\/v2\/pages\/1749\/revisions\/4394"}],"wp:featuredmedia":[{"embeddable":true,"href":"https:\/\/lhivernu.com\/index.php\/wp-json\/wp\/v2\/media\/4392"}],"wp:attachment":[{"href":"https:\/\/lhivernu.com\/index.php\/wp-json\/wp\/v2\/media?parent=1749"}],"curies":[{"name":"wp","href":"https:\/\/api.w.org\/{rel}","templated":true}]}}