{"id":1830,"date":"2019-05-09T14:09:35","date_gmt":"2019-05-09T12:09:35","guid":{"rendered":"http:\/\/lhivernu.com\/?page_id=1830"},"modified":"2024-05-21T11:38:35","modified_gmt":"2024-05-21T09:38:35","slug":"mon-petit-doigt-ma-dit","status":"publish","type":"page","link":"https:\/\/lhivernu.com\/index.php\/mon-petit-doigt-ma-dit\/","title":{"rendered":"Mon p&rsquo;tit doigt m&rsquo;a dit 2023"},"content":{"rendered":"\n<div class=\"wp-block-group alignwide is-layout-flow wp-block-group-is-layout-flow\">\n<figure class=\"wp-block-video\"><video height=\"1080\" style=\"aspect-ratio: 1920 \/ 1080;\" width=\"1920\" controls src=\"https:\/\/lhivernu.com\/wp-content\/uploads\/2023\/05\/Ptit-doigt.mp4\"><\/video><figcaption class=\"wp-element-caption\">Mon p&rsquo;tit doigt m&rsquo;a dit, pr\u00e9sent\u00e9 par les enfants.<\/figcaption><\/figure>\n<\/div>\n\n\n<h2><span style=\"color: #ff9900;\"><strong>F\u00eate artistique<br \/>pour et par les enfants<br \/>5e \u00e9dition les 27 et 28 MAI 2022<br \/><\/strong><\/span><\/h2>\n<p><span style=\"color: #000000;\"><strong>Mettre en valeur la d\u00e9marche artistique des enfants et des adolescents<\/strong><\/span><br \/><span style=\"color: #000000;\">Le th\u00e9\u00e2tre contemporain \u00e9crit pour la jeunesse r\u00e9v\u00e8le une inventivit\u00e9 et un foisonnement passionnants. Humour, actualit\u00e9, distorsion du langage, une grande libert\u00e9 \u00e9mane des nombreux textes qui voient le jour chaque ann\u00e9e en th\u00e9\u00e2tre enfant.<\/span><br \/><span style=\"color: #000000;\">Par ailleurs, nous pensons que les plus jeunes g\u00e9n\u00e9rations sont capables de faire preuve d\u2019une inventivit\u00e9 et d\u2019une capacit\u00e9 de cr\u00e9ation \u00e9tonnante pour peu qu\u2019on en favorise l\u2019\u00e9mergence.<\/span><br \/><span style=\"color: #000000;\">En proposant deux jours de spectacles et de travaux plastiques men\u00e9s par les enfants pour tous les publics, c\u2019est avant tout la singularit\u00e9 des d\u00e9marches de cr\u00e9ateurs d\u2019horizons divers et l\u2019exigence et la qualit\u00e9 artistique des enfants que nous souhaitons mettre en valeur.<\/span><br \/><span style=\"color: #000000;\">Des ateliers d\u2019expression corporelle, de vid\u00e9o, d\u00e9cor naturel, th\u00e9\u00e2tre, une chorale, des spectacles de th\u00e9\u00e2tre et de danse, permettront aux participants de d\u00e9couvrir de nombreuses d\u00e9marches artistiques, d\u2019\u00eatre tour \u00e0 tour<\/span><br \/><span style=\"color: #000000;\">acteurs et spectateurs, mais aussi de prendre le temps d\u2019analyser et de comprendre ensemble ce qu\u2019ils voient ou produisent (temps d\u2019\u00e9changes autour des spectacles vus, des \u0153uvres r\u00e9alis\u00e9es)<\/span><\/p>\n<p><span style=\"color: #000000;\"><strong>Mettre l\u2019accent sur la spontan\u00e9it\u00e9 et l\u2019autonomie des enfants<\/strong><\/span><br \/><span style=\"color: #000000;\">Ce qui fait la particularit\u00e9 de ce week-end, c\u2019est qu\u2019\u00e0 partir du cadre que nous posons, nous souhaitons que les enfants et les adolescents qui y participent puissent en \u00eatre le plus possible les moteurs.<\/span><br \/><span style=\"color: #000000;\">Ainsi, nous incitons chaque enfant \u00e0 faire part de ses propres d\u00e9sirs, et \u00e0 partager sa pratique (mener un exercice de th\u00e9\u00e2tre, apprendre aux autres un pas de danse, imaginer un sujet de cr\u00e9ation, proposer un d\u00e9cor\u2026).<\/span><br \/><span style=\"color: #000000;\">Par ailleurs, les enfants sont associ\u00e9s \u00e0 la pr\u00e9paration des menus, des repas de la soir\u00e9e du samedi soir.<\/span><\/p>\n<p><span style=\"color: #000000;\"><strong>AU PROGRAMME :<\/strong><\/span><\/p>\n<p><span style=\"color: #000000;\"><strong>SAMEDI 27 MAI<\/strong><\/span><\/p>\n<p><span style=\"color: #000000;\">Accueil et ateliers <strong>\u00e0 partir de 14h :<\/strong><\/span><\/p>\n<p><span style=\"color: #000000;\">Construction et d\u00e9coration collective d\u2019un \u00ab paysage extraordinaire et ludique \u00bb (fait de r\u00e9cup\u2019, de bricole, de glanage et de r\u00eaves)<\/span><\/p>\n<p><span style=\"color: #000000;\">Jeu de piste pour d\u00e9couvrir le lieu<\/span><\/p>\n<p><span style=\"color: #000000;\">Atelier d\u2019\u00e9criture ou d&rsquo;enregistrement (retransmission le dimanche)<\/span><\/p>\n<p><span style=\"color: #000000;\">Atelier cuisine (une \u00e9quipe cuisine peut se pr\u00e9parer en amont pour \u00e9laborer un menu)<\/span><\/p>\n<p><span style=\"color: #000000;\">Autres ateliers \u00e0 d\u00e9couvrir ou bien \u00e0 cr\u00e9er sur place\u00a0<\/span><\/p>\n<p><span style=\"color: #000000;\">Tout au long de l\u2019apr\u00e8s-midi, balade glanage en for\u00eat<\/span><\/p>\n<p><span style=\"color: #000000;\"><strong>17h30 : Repr\u00e9sentations<\/strong><\/span><\/p>\n<p><span style=\"color: #000000;\">Repr\u00e9sentation de th\u00e9\u00e2tre fait par les enfants<\/span><\/p>\n<p><span style=\"color: #000000;\">Concert de fl\u00fbte<\/span><\/p>\n<p><span style=\"color: #000000;\">Autre exposition, spectacles ou repr\u00e9sentation en cours de programmation<\/span><\/p>\n<p><span style=\"color: #000000;\"><strong>19h\u00a0:<\/strong> Ap\u00e9ritif, suivi du banquet des enfants et d&rsquo;un concert pour faire la boum.<\/span><\/p>\n<p><span style=\"color: #000000;\"><strong>DIMANCHE 28 MAI<\/strong><\/span><\/p>\n<p><span style=\"color: #000000;\"><strong>D\u00e8s 11h : Spectacle Lullinight<\/strong><\/span><\/p>\n<p><span style=\"color: #000000;\">Co-accueilli avec Les Sc\u00e8nes Crois\u00e9es : <strong>Plongez dans un univers po\u00e9tique et puissant qui saisit avec justesse et simplicit\u00e9 les fragilit\u00e9s et les forces nich\u00e9s au creux des enfants qui nous entourent \u2013 et qui sommeillent toujours en nous.<\/strong><\/span><\/p>\n<p><span style=\"color: #000000;\"><a style=\"color: #000000;\" href=\"_wp_link_placeholder\" data-wplink-edit=\"true\">https:\/\/scenescroisees.fr\/blog\/spectacles\/mon-ptit-doigt-ma-dit-lullinight\/<\/a><\/span><\/p>\n<p><span style=\"color: #000000;\"><b>Midi : <\/b>Pique-nique, grillades partag\u00e9es<\/span><\/p>\n<p><span style=\"color: #000000;\"><strong>Apr\u00e8s-midi :<\/strong> Ateliers et fin de la construction collective<\/span><\/p>\n<p><span style=\"color: #000000;\"><strong>Final autour du gouter :<\/strong> Pr\u00e9sentation du paysage extraordinaire et ludique<\/span><\/p>\n<p><span style=\"color: #000000;\"><strong>Tout au long du week-end\u00a0:<\/strong><\/span><\/p>\n<p><span style=\"color: #000000;\">Coin jeux, biblioth\u00e8que, sieste\u2026<\/span><\/p>\n<p><span style=\"color: #000000;\">Coin des libraires<\/span><\/p>\n<p><span style=\"color: #000000;\">Buvette<\/span><\/p>\n<p><span style=\"color: #000000;\"><strong>\u00c9v\u00e8nement \u00e0 prix libre<\/strong><\/span><\/p>\n<p><span style=\"color: #000000;\"><strong>Spectacle : <\/strong>6\u20ac. R\u00e9servations aupr\u00e8s des Sc\u00e8nes Crois\u00e9es\u00a0: scenescroisees.fr \/ 04 66 65 75 75<\/span><\/p>\n<p><span style=\"color: #000000;\"><strong>Informations &amp; r\u00e9servations au : 04 66 45 56 47 \/ contact@lhivernu.com<\/strong><\/span><\/p>\n\n\n<p>Co-organis\u00e9 avec les Sc\u00e8nes Crois\u00e9es de Loz\u00e8re. Avec le soutien du FDVA, de la R\u00e9gion Occitanie, du D\u00e9partement de la Loz\u00e8re, de la Communaut\u00e9 de Communes Mont -Loz\u00e8re, Commune de Lanu\u00e9jols.<\/p>\n\n\n\n<figure class=\"wp-block-image size-large\"><img fetchpriority=\"high\" decoding=\"async\" width=\"1024\" height=\"105\" src=\"https:\/\/lhivernu.com\/wp-content\/uploads\/2023\/04\/logo-ptit-doigt-1024x105.png\" alt=\"\" class=\"wp-image-3169\" srcset=\"https:\/\/lhivernu.com\/wp-content\/uploads\/2023\/04\/logo-ptit-doigt-1024x105.png 1024w, https:\/\/lhivernu.com\/wp-content\/uploads\/2023\/04\/logo-ptit-doigt-300x31.png 300w, https:\/\/lhivernu.com\/wp-content\/uploads\/2023\/04\/logo-ptit-doigt-768x79.png 768w, https:\/\/lhivernu.com\/wp-content\/uploads\/2023\/04\/logo-ptit-doigt-830x85.png 830w, https:\/\/lhivernu.com\/wp-content\/uploads\/2023\/04\/logo-ptit-doigt-230x24.png 230w, https:\/\/lhivernu.com\/wp-content\/uploads\/2023\/04\/logo-ptit-doigt-350x36.png 350w, https:\/\/lhivernu.com\/wp-content\/uploads\/2023\/04\/logo-ptit-doigt-480x49.png 480w, https:\/\/lhivernu.com\/wp-content\/uploads\/2023\/04\/logo-ptit-doigt.png 1363w\" sizes=\"(max-width: 1024px) 100vw, 1024px\" \/><\/figure>\n","protected":false},"excerpt":{"rendered":"<p>F\u00eate artistiquepour et par les enfants5e \u00e9dition les 27 et 28 MAI 2022 Mettre en valeur la d\u00e9marche artistique des enfants et des adolescentsLe th\u00e9\u00e2tre contemporain \u00e9crit pour la jeunesse r\u00e9v\u00e8le une inventivit\u00e9 et un foisonnement passionnants. Humour, actualit\u00e9, distorsion du langage, une grande libert\u00e9 \u00e9mane des nombreux textes qui voient le jour chaque ann\u00e9e en th\u00e9\u00e2tre enfant.Par ailleurs, nous pensons que les plus jeunes g\u00e9n\u00e9rations sont capables de faire preuve d\u2019une inventivit\u00e9 et d\u2019une capacit\u00e9 de cr\u00e9ation \u00e9tonnante pour peu qu\u2019on en favorise l\u2019\u00e9mergence.En proposant deux jours de spectacles et de travaux plastiques men\u00e9s par les enfants pour tous les publics, c\u2019est avant tout la singularit\u00e9 des d\u00e9marches de cr\u00e9ateurs d\u2019horizons divers et l\u2019exigence et la qualit\u00e9 artistique des enfants que nous souhaitons mettre en valeur.Des ateliers d\u2019expression corporelle, de vid\u00e9o, d\u00e9cor naturel, th\u00e9\u00e2tre, une chorale, des spectacles de th\u00e9\u00e2tre et de danse, permettront aux participants de d\u00e9couvrir de nombreuses d\u00e9marches artistiques, d\u2019\u00eatre tour \u00e0 touracteurs et spectateurs, mais aussi de prendre le temps d\u2019analyser et de comprendre ensemble ce qu\u2019ils voient ou produisent (temps d\u2019\u00e9changes autour des spectacles vus, des \u0153uvres r\u00e9alis\u00e9es) Mettre l\u2019accent sur la spontan\u00e9it\u00e9 et l\u2019autonomie des enfantsCe qui fait la particularit\u00e9 de ce week-end, [&hellip;]<\/p>\n","protected":false},"author":3,"featured_media":3162,"parent":0,"menu_order":0,"comment_status":"closed","ping_status":"closed","template":"","meta":{"_themeisle_gutenberg_block_has_review":false,"footnotes":""},"class_list":["post-1830","page","type-page","status-publish","has-post-thumbnail","hentry"],"_links":{"self":[{"href":"https:\/\/lhivernu.com\/index.php\/wp-json\/wp\/v2\/pages\/1830","targetHints":{"allow":["GET"]}}],"collection":[{"href":"https:\/\/lhivernu.com\/index.php\/wp-json\/wp\/v2\/pages"}],"about":[{"href":"https:\/\/lhivernu.com\/index.php\/wp-json\/wp\/v2\/types\/page"}],"author":[{"embeddable":true,"href":"https:\/\/lhivernu.com\/index.php\/wp-json\/wp\/v2\/users\/3"}],"replies":[{"embeddable":true,"href":"https:\/\/lhivernu.com\/index.php\/wp-json\/wp\/v2\/comments?post=1830"}],"version-history":[{"count":27,"href":"https:\/\/lhivernu.com\/index.php\/wp-json\/wp\/v2\/pages\/1830\/revisions"}],"predecessor-version":[{"id":3657,"href":"https:\/\/lhivernu.com\/index.php\/wp-json\/wp\/v2\/pages\/1830\/revisions\/3657"}],"wp:featuredmedia":[{"embeddable":true,"href":"https:\/\/lhivernu.com\/index.php\/wp-json\/wp\/v2\/media\/3162"}],"wp:attachment":[{"href":"https:\/\/lhivernu.com\/index.php\/wp-json\/wp\/v2\/media?parent=1830"}],"curies":[{"name":"wp","href":"https:\/\/api.w.org\/{rel}","templated":true}]}}