{"id":1884,"date":"2019-09-20T15:52:18","date_gmt":"2019-09-20T13:52:18","guid":{"rendered":"http:\/\/lhivernu.com\/?page_id=1884"},"modified":"2026-04-16T11:33:22","modified_gmt":"2026-04-16T09:33:22","slug":"sauvage-ou-les-enfants-du-fleuve","status":"publish","type":"page","link":"https:\/\/lhivernu.com\/index.php\/sauvage-ou-les-enfants-du-fleuve\/","title":{"rendered":"Sauvage ou les enfants du fleuve"},"content":{"rendered":"\t\t<div data-elementor-type=\"wp-page\" data-elementor-id=\"1884\" class=\"elementor elementor-1884\">\n\t\t\t\t\t\t<section class=\"elementor-section elementor-top-section elementor-element elementor-element-62d6885d elementor-section-boxed elementor-section-height-default elementor-section-height-default\" data-id=\"62d6885d\" data-element_type=\"section\" data-e-type=\"section\">\n\t\t\t\t\t\t<div class=\"elementor-container elementor-column-gap-default\">\n\t\t\t\t\t<div class=\"elementor-column elementor-col-100 elementor-top-column elementor-element elementor-element-4c6167e1\" data-id=\"4c6167e1\" data-element_type=\"column\" data-e-type=\"column\">\n\t\t\t<div class=\"elementor-widget-wrap elementor-element-populated\">\n\t\t\t\t\t\t<div class=\"elementor-element elementor-element-3c5e6703 elementor-widget elementor-widget-text-editor\" data-id=\"3c5e6703\" data-element_type=\"widget\" data-e-type=\"widget\" data-widget_type=\"text-editor.default\">\n\t\t\t\t<div class=\"elementor-widget-container\">\n\t\t\t\t\t\t\t\t\t<p style=\"font-size: 40px; text-align: justify;\"><span style=\"color: #339966;\"><strong>\u00a0Cr\u00e9ation 2021\u00a0<\/strong><\/span><\/p>\n<p><!-- \/wp:paragraph --><!-- wp:image {\"id\":1887} --><\/p>\n<figure><a href=\"https:\/\/lhivernu.com\/wp-content\/uploads\/2021\/07\/Sauvage-Cie-Lhiver-nu-Cr\u00e9dit-Marie-Clauzade-HD--scaled.jpg\"><img fetchpriority=\"high\" decoding=\"async\" class=\"alignnone wp-image-2542 size-large\" src=\"https:\/\/lhivernu.com\/wp-content\/uploads\/2021\/07\/Sauvage-Cie-Lhiver-nu-Cr\u00e9dit-Marie-Clauzade-HD--1024x689.jpg\" alt=\"\" width=\"1024\" height=\"689\" srcset=\"https:\/\/lhivernu.com\/wp-content\/uploads\/2021\/07\/Sauvage-Cie-Lhiver-nu-Cr\u00e9dit-Marie-Clauzade-HD--1024x689.jpg 1024w, https:\/\/lhivernu.com\/wp-content\/uploads\/2021\/07\/Sauvage-Cie-Lhiver-nu-Cr\u00e9dit-Marie-Clauzade-HD--300x202.jpg 300w, https:\/\/lhivernu.com\/wp-content\/uploads\/2021\/07\/Sauvage-Cie-Lhiver-nu-Cr\u00e9dit-Marie-Clauzade-HD--768x517.jpg 768w, https:\/\/lhivernu.com\/wp-content\/uploads\/2021\/07\/Sauvage-Cie-Lhiver-nu-Cr\u00e9dit-Marie-Clauzade-HD--1536x1034.jpg 1536w, https:\/\/lhivernu.com\/wp-content\/uploads\/2021\/07\/Sauvage-Cie-Lhiver-nu-Cr\u00e9dit-Marie-Clauzade-HD--2048x1379.jpg 2048w, https:\/\/lhivernu.com\/wp-content\/uploads\/2021\/07\/Sauvage-Cie-Lhiver-nu-Cr\u00e9dit-Marie-Clauzade-HD--830x559.jpg 830w, https:\/\/lhivernu.com\/wp-content\/uploads\/2021\/07\/Sauvage-Cie-Lhiver-nu-Cr\u00e9dit-Marie-Clauzade-HD--230x155.jpg 230w, https:\/\/lhivernu.com\/wp-content\/uploads\/2021\/07\/Sauvage-Cie-Lhiver-nu-Cr\u00e9dit-Marie-Clauzade-HD--350x236.jpg 350w, https:\/\/lhivernu.com\/wp-content\/uploads\/2021\/07\/Sauvage-Cie-Lhiver-nu-Cr\u00e9dit-Marie-Clauzade-HD--480x323.jpg 480w\" sizes=\"(max-width: 1024px) 100vw, 1024px\" \/><\/a>\n<p>\u00a0<\/p>\n<p>Cr\u00e9dit photo : Marie Clauzade<\/p>\n<\/figure>\n<p><!-- \/wp:image --><!-- wp:paragraph {\"textColor\":\"very-dark-gray\"} --><\/p>\n<p style=\"text-align: left;\"><strong>Conception et \u00e9criture : <\/strong>Compagnie L&rsquo;hiver nu<br \/><span style=\"font-weight: 600;\">Accompagnement \u00e0 l&rsquo;\u00e9criture et \u00e0 la dramaturgie :<\/span>\u00a0Mariette Navarro<br \/><strong>Mise en sc\u00e8ne et sc\u00e9nographie : <\/strong>Baptiste Etard<br \/><b>Jeu et manipulation :<\/b>\u00a0Pierre Bernert, Claire Perraudeau,Thais Trulio<br \/><b>M<\/b><strong>arionnettes : <\/strong>Arnaud Louski &#8211; Pane<br \/><strong>D\u00e9cors : <\/strong>Anne-Laure Baudin, Laur\u00e9lie Riffault<br \/><b>Musique : <\/b>Jean Poinsignon<br \/><b>Lumi\u00e8res : <\/b>Joseph Courant<br \/><b>R\u00e9gie :<\/b> Ngomde Mokngar-Mali<\/p>\n<p><!-- \/wp:paragraph --><!-- wp:heading {\"level\":4} --><\/p>\n<h4 style=\"text-align: justify;\"><span style=\"color: #339966;\">La cr\u00e9ation<\/span><\/h4>\n<p><!-- \/wp:heading --><!-- wp:paragraph {\"textColor\":\"very-dark-gray\"} --><\/p>\n<p style=\"text-align: justify;\">Tout a commenc\u00e9 par une temp\u00eate, dans une ville au bord d&rsquo;un fleuve. Une nuit, le vent s&rsquo;infiltre dans les habitations, puis dans la t\u00eate des adultes qui se mettent \u00e0 pleurer sans raison. Alors quatre enfants d\u00e9cident de partir \u00e0 la recherche du vent, pour trouver un rem\u00e8de. Pendant leur sommeil, un bout de la berge sur laquelle ils dorment se d\u00e9tache. Commence alors pour eux une longue d\u00e9rive, sur une \u00eele faite de tourbe et de plastique. Sur ce radeau de fortune, dans ce milieu aquatique inhospitalier, les enfants rencontrent les habitants du fleuve : parmi elleux, il y a Sauvage et Serpente, un duo \u00e9tonnant. Peu \u00e0 peu, des liens tr\u00e8s forts se tissent entre les enfants et \u00ab\u00a0cette nature vivante\u00a0\u00bb.\u00a0<\/p>\n<p><!-- \/wp:paragraph --><!-- wp:paragraph {\"textColor\":\"very-dark-gray\"} --><\/p>\n<p>Depuis mai 2019, la compagnie a entam\u00e9 une nouvelle recherche artistique qui aboutira en ao\u00fbt 2021 \u00e0 la\u00a0<span style=\"font-weight: 600;\">cr\u00e9ation d&rsquo;un spectacle de marionnettes<\/span>\u00a0jeune public \u00e0 partir de\u00a08 ans.\u00a0<br \/><span style=\"font-weight: 600;\">\u00ab Sauvage ou les enfants du Fleuve \u00bb questionne le rapport des enfants \u00e0 leur milieu, au monde qui les entoure, et s\u2019int\u00e9resse \u00e0 des univers qui s\u2019\u00e9cartent de la pens\u00e9e rationnelle dominante<\/span>, afin d\u2019inventer d\u2019autres r\u00e9cits du monde, pass\u00e9s et \u00e0 venir. <br \/>Notre recherche s&rsquo;appuie sur une question : y a-t-il un lien entre la r\u00e9duction de la biodiversit\u00e9 et la r\u00e9duction des champs de pens\u00e9e ? <b>Si nous renouons le dialogue avec notre milieu, est-ce que cela nous aide \u00e0 penser autrement ? <\/b>Cette question, nous voulons nous la poser avec des jeunes gens. Qu&rsquo;est-ce que penser ? Parmi d&rsquo;autres, une r\u00e9ponse nous a particuli\u00e8rement plu : <b>celle de dire que penser, c&rsquo;est avant tout une aventure ! Nous avons donc d\u00e9cid\u00e9 d&rsquo;\u00e9crire une aventure v\u00e9cue par et pour des jeunes gens.\u00a0\u00a0<\/b><\/p>\n<div class=\"wp-playlist wp-video-playlist wp-playlist-light\">\n\t\t<video controls=\"controls\" preload=\"none\" width=\"1148\"\n\t\t height=\"646\"\t><\/video>\n\t<div class=\"wp-playlist-next\"><\/div>\n\t<div class=\"wp-playlist-prev\"><\/div>\n\t<noscript>\n\t<ol>\n\t\t<li><a href='https:\/\/lhivernu.com\/wp-content\/uploads\/2023\/10\/teaser_sauvage.mp4-1080p.mp4'>teaser_sauvage.mp4 (1080p)<\/a><\/li>\t<\/ol>\n\t<\/noscript>\n\t<script type=\"application\/json\" class=\"wp-playlist-script\">{\"type\":\"video\",\"tracklist\":true,\"tracknumbers\":true,\"images\":true,\"artists\":true,\"tracks\":[{\"src\":\"https:\/\/lhivernu.com\/wp-content\/uploads\/2023\/10\/teaser_sauvage.mp4-1080p.mp4\",\"type\":\"video\/mp4\",\"title\":\"teaser_sauvage.mp4 (1080p)\",\"caption\":\"\",\"description\":\"\",\"meta\":[],\"dimensions\":{\"original\":{\"width\":1920,\"height\":1080},\"resized\":{\"width\":1148,\"height\":646}},\"image\":{\"src\":\"https:\/\/lhivernu.com\/wp-includes\/images\/media\/video.svg\",\"width\":48,\"height\":64},\"thumb\":{\"src\":\"https:\/\/lhivernu.com\/wp-includes\/images\/media\/video.svg\",\"width\":48,\"height\":64}}]}<\/script>\n<\/div>\n\t\n<p><span style=\"text-decoration: underline;\"><em><strong><a href=\"https:\/\/lhivernu.com\/wp-content\/uploads\/2020\/12\/Dossier-Sauvage-ou-les-enfants-du-fleuve-V02122020.pdf\">&gt;&gt; Dossier Sauvage ou les enfants du fleuve<\/a><\/strong><\/em><\/span><\/p>\n<p><span style=\"text-decoration: underline;\"><em><strong><a href=\"https:\/\/lhivernu.com\/wp-content\/uploads\/2024\/01\/SAUVAGE_brochure.pdf\" target=\"_blank\" rel=\"noopener\">&gt;&gt; Brochure Sauvage ou les enfants du fleuve<\/a><\/strong><\/em><\/span><\/p>\n<p><span style=\"text-decoration: underline;\"><em><strong><a href=\"https:\/\/lhivernu.com\/wp-content\/uploads\/2020\/06\/Livret-de-cre\u0301ation-Enfances-Juin-2020.pdf\">&gt;&gt; Livret de cre\u0301ation<\/a><\/strong><\/em><\/span><\/p>\n<p><span style=\"text-decoration: underline;\"><em><strong><a href=\"https:\/\/www.themaa-marionnettes.com\/lassociation\/actions\/avenir\/\" target=\"_blank\" rel=\"noopener\">&gt;&gt;&gt; Vid\u00e9o de pr\u00e9sentation des projets soutenus par Les \u00c0 venir 2020<\/a><\/strong><\/em><\/span><\/p>\n<p>\u00a0<\/p>\n<p><!-- \/wp:paragraph --><!-- wp:heading {\"level\":4} --><\/p>\n<h4 style=\"text-align: justify;\"><span style=\"color: #339966;\">Les \u00c9tablis itin\u00e9rants<\/span><\/h4>\n<p><!-- \/wp:heading --><!-- wp:paragraph {\"textColor\":\"very-dark-gray\"} --><\/p>\n<p style=\"text-align: justify;\">Afin de nourrir l&rsquo;ensemble de la recherche, plusieurs <strong>r\u00e9sidences et ateliers en coll\u00e8ges, \u00e9coles, h\u00f4pitaux, maison d&rsquo;arr\u00eat, associations, <\/strong>sont pr\u00e9vus avec <strong>LES \u00c9TABLIS ITIN\u00c9RANTS <\/strong>: <strong>dispositif de recherche ludique pour la cr\u00e9ation de champs de pens\u00e9es po\u00e9tiques. <\/strong><br \/>Cercle d&rsquo;\u00e9tablis \u00e0 hauteur d&rsquo;enfants pour faire et penser \u00e0 son rythme et au rythme du groupe, les \u00e9tablis permettent de mat\u00e9rialiser des pens\u00e9es sous formes d&rsquo;objets manipulables et que ces objets se mettent \u00e0 penser&#8230; <br \/>Nous pouvons y \u00e9laborer des marionnettes simples, tisser, coudre, nouer nos pens\u00e9es, raconter des histoires et dialoguer entre nous et avec ce qui nous environne. Les membres de la compagnie y testent des performances, des sc\u00e8nes qui viendront nourrir l&rsquo;\u00e9criture du spectacle. Les participants amateurs y d\u00e9couvrent des techniques de construction et manipulation, \u00e9laborent des dialogues philosophiques, inventent des mondes \u00e9tranges.<\/p>\n<p><span style=\"text-decoration: underline;\"><em><strong>&gt;&gt; <a href=\"https:\/\/lhivernu.com\/wp-content\/uploads\/2020\/06\/Pre\u0301sentation-E\u0301tablis-itine\u0301rants-Cie-Lhiver-nu_compressed.pdf\">Dossier de pr\u00e9sentation des \u00c9tablis<\/a><\/strong><\/em><\/span><\/p>\n<p><!-- \/wp:paragraph --><!-- wp:heading {\"level\":4} --><\/p>\n<h4 style=\"text-align: justify;\"><span style=\"color: #339966;\">Les Pens\u00e9es<\/span><\/h4>\n<p><!-- \/wp:heading --><!-- wp:paragraph {\"textColor\":\"very-dark-gray\"} --><\/p>\n<p style=\"text-align: justify;\">La Cie a propos\u00e9 tout au long de la saison 2019 &#8211; 2020 au Th\u00e9\u00e2tre de Mende ses <strong>PENS\u00c9ES<\/strong> pour partager sa recherche artistique sous forme de performances. En tout, six \u00ab\u00a0Pens\u00e9es\u00a0\u00bb ont eu lieu, d&rsquo;octobre \u00e0 juillet, en amont de spectacles programm\u00e9s au Th\u00e9\u00e2tre. Six \u00e9tapes de travail, six rencontres avec le public loz\u00e9rien, pour nourrir et faire grandir la bande d&rsquo;enfants et leurs d\u00e9rives qui constituent le point de d\u00e9part du spectacle.<\/p>\n<p><!-- \/wp:paragraph --><!-- wp:heading {\"level\":4} --><\/p>\n<h4 style=\"text-align: left;\"><span style=\"color: #339966;\"><strong>Le calendrier de production 2019 &#8211; 202<\/strong>1<\/span><\/h4>\n<p><!-- \/wp:heading --><!-- wp:paragraph {\"textColor\":\"very-dark-gray\"} --><\/p>\n<p style=\"text-align: justify;\"><strong>R\u00e9sidences<\/strong><br \/><strong>14 &#8211; 18 octobre 2019<\/strong> : Centre hospitalier Fran\u00e7ois Tosquelles (48)<br \/><strong>Janvier &#8211; f\u00e9vrier &#8211; mars 2020 <\/strong>: Coll\u00e8ge de Bouillargues (30) <br \/><b>17 juin au 17 juillet 2020 : <\/b>La Fabrique du Viala (48)<br \/><b>9 au 18 septembre 2020 : <\/b>Plateaux de l&rsquo;Aubrac,\u00a0Sc\u00e8nes Crois\u00e9es de Loz\u00e8re (48)<br \/><b>9 au 24 novembre 2020 : <\/b>La Fabrique du Viala (48)<br \/><b>1er au 18 novembre 2020 :<\/b> La Nef &#8211; Manufacture d&rsquo;Utopies (93)<br \/><b>4 au 15 janvier 2021 : <\/b>La Fabrique du Viala (48)<br \/><b>3 au 12 mars 2021 : <\/b>L&rsquo;Espace des Anges, Th\u00e9\u00e2tre de Mende (48)<br \/><b>22 mars au 2 avril 2021 <\/b>: Coll\u00e8ge Bourrillon (48)<br \/><b>5 au 16 avril 2021 <\/b>: L&rsquo;Usinotopie (31)<br \/><b>17 au 28 mai 2021 : <\/b>Th\u00e9\u00e2tre O(l)tto Ladusch, Bagnols (48)<br \/><b>7 au 11 juin 2021 : <\/b>Coll\u00e8ge de Mirepoix (09)<br \/><b>21 juin au 2 juillet 2021 : <\/b>Caudeval, MIMA (11)<br \/><b>5 au 13 juillet 2021 :<\/b> Le P\u00e9riscope (30)<\/p>\n<p><!-- \/wp:paragraph --><!-- wp:paragraph {\"textColor\":\"very-dark-gray\"} --><\/p>\n<p style=\"text-align: justify;\"><strong>\u00c9tablis itin\u00e9rants<\/strong><br \/><strong>19 novembre 2019 <\/strong>: Biblioth\u00e8que de l&rsquo;Esperluette (48)<br \/><strong>25 et 26 juillet 2020 :<\/strong> Foyer rural de Saint-Martin-de-Lansuscle<br \/><strong>27 juillet 2020 :<\/strong> Th\u00e9\u00e2tre du P\u00e9riscope (30)<br \/><strong>27 septembre 2020 :<\/strong> La maison dans le ciel (48)<br \/><strong>Automne 2020 :<\/strong>\u00a0Foyer rural de Langlade-Brenoux (48)<br \/><strong>19 d\u00e9cembre 2020 :<\/strong> Le Bleymard (48), Rudeboy Crew<br \/><b>3 et 4 mai 2021 : <\/b>\u00c9cole de V\u00e9bron (48)<br \/><b>Juin 2021 : <\/b>\u00c9cole de Villefort (48)<br \/><b>Ann\u00e9e scolaire 2020 &#8211; 2021 :<\/b> \u00c9cole de St Bauzile &#8211; Rouffiac (48)<br \/><b>4 et 6 octobre 2021 : <\/b>Chalabre et Montbel (11)<br \/><b>Octobre 2021 :<\/b> Lod\u00e8ve (34)<br \/><b>20 octobre 2021 :<\/b> Centre de loisirs du Bleymard (48)<br \/><b>10 novembre 2021 :<\/b> Chambon-le-ch\u00e2teau (48)<br \/><b>17 novembre 2021 : <\/b>Langogne (48)<\/p>\n<p><!-- \/wp:paragraph --><!-- wp:paragraph {\"textColor\":\"very-dark-gray\"} --><\/p>\n<p style=\"text-align: justify;\"><strong>Pens\u00e9es<\/strong> &#8211; <strong>au Th\u00e9\u00e2tre de Mende<\/strong><br \/><strong>12 octobre 2019 : <\/strong>Pens\u00e9e #1<br \/><strong>28 novembre 2019 : <\/strong>Pens\u00e9e #2<br \/><strong>24 janvier 2020 : <\/strong>Pens\u00e9e #3<br \/><strong>6 f\u00e9vrier 2020 :<\/strong> Pens\u00e9e #4<br \/><strong>28 mars 2020 :<\/strong> Pens\u00e9e #5 &#8211; en ligne<br \/><strong>4 juillet 2020 :<\/strong> Pens\u00e9e #6<\/p>\n<h4><span style=\"color: #339966;\">Diffusion 2021 &#8211; 2022 &#8211; 2023<\/span><\/h4>\n<p style=\"text-align: justify;\"><b>Cr\u00e9ation du spectacle les 5 et 6 ao\u00fbt 2021 au Festival MIMA &#8211; Mirepoix\u00a0<\/b><br \/><b>Mardi 5 octobre, \u00e0 14h et 19h : <br \/><\/b>Les Pierres de Gu\u00e9, Maison du Lac, Montbel (09)<br \/><b>Dimanche 14 \u00e0 17h et\u00a0 lundi 15 novembre \u00e0 10h :\u00a0<br \/><\/b>Th\u00e9\u00e2tre de Mende, Espace des Anges (48)<br \/><b>Vendredi 19 \u00e0 14h30 et samedi 20 novembre \u00e0 16h30 : <br \/><\/b>Marionnettissimo, Th\u00e9\u00e2tre des Mazades, Toulouse (31)<br \/><b>Lundi 22 \u00e0 10h et 14h et mardi 23 novembre \u00e0 14h et 20h30 :<\/b> <br \/>Sc\u00e8nes Crois\u00e9es, Rudeboy Crew, Bagnols-les-Bains (48)<br \/><b>Jeudi 25 novembre \u00e0 14h et 20h30 : <br \/><\/b>Sc\u00e8nes Crois\u00e9es, Les Fadarelles, Langogne (48)<br \/><b>Mardi 30 novembre \u00e0 14h et 20h30 :<\/b> <br \/>Sc\u00e8nes Crois\u00e9es, Marvejols (48)<br \/><b>Vendredi 3 \u00e0 14h et samedi 4 d\u00e9cembre \u00e0 16h :<\/b> <br \/>Th\u00e9\u00e2tre Le P\u00e9riscope, N\u00eemes (30)<br \/><b>Vendredi 10 \u00e0 10h et samedi 11 d\u00e9cembre \u00e0 17h : <br \/><\/b>R\u00e9surgence, Saison des arts vivants, Saint-Jean-de-la-Blaqui\u00e8re (34)<br \/><strong><br \/>Samedi 7 mai 2022, \u00e0 18h :<\/strong> Sainte-Croix-Vall\u00e9e-Fran\u00e7aise, Sc\u00e8nes Crois\u00e9es et le Foyer rural de Saint-Martin-de-Lansuscle<br \/><b>Mardi 10 mai 2022 \u00e0 14h et 20h30 :<\/b> <br \/>Sc\u00e8nes Crois\u00e9es, La Genette Verte, Florac (48)<br \/><strong>Du 7 au 30 juillet 2022 \u00e0 10h35 (rel\u00e2che les lundis) :<br \/><\/strong>Festival OFF d&rsquo;Avignon, Th\u00e9\u00e2tre de l&rsquo;Entrep\u00f4t<br \/><strong><br \/>Du 2 au 6 mai, les 10 et 13 mai 2023 :<br \/><\/strong>Th\u00e9\u00e2tre du Grand-Rond, Toulouse (31)<\/p>\n<p><!-- \/wp:paragraph --><!-- wp:heading {\"level\":4} --><\/p>\n<h4 style=\"text-align: justify;\"><span style=\"color: #339966;\">Les partenaires<\/span><\/h4>\n<p><!-- \/wp:heading --><!-- wp:paragraph {\"textColor\":\"very-dark-gray\"} --><\/p>\n<p style=\"text-align: justify;\">Sc\u00e8nes Crois\u00e9es de Loz\u00e8re, Th\u00e9\u00e2tre de Mende, Th\u00e9\u00e2tre le P\u00e9riscope, MIMA et les Pierres de Gu\u00e9 (L&rsquo;Estive &#8211; sc\u00e8ne nationale de Foix et de l&rsquo;Ari\u00e8ge, MIMA, ATP de l&rsquo;Aude, Arts Vivants 11, La Claranda), la Nef &#8211; Manufacture d&rsquo;Utopies, L&rsquo;Usinotopie, les \u00c0 venir 2020, la DRAC Occitanie, la R\u00e9gion Occitanie, le D\u00e9partement de la Loz\u00e8re, Occitanie en sc\u00e8ne<\/p>\n<p><img decoding=\"async\" class=\"alignnone size-large wp-image-2525\" src=\"https:\/\/lhivernu.com\/wp-content\/uploads\/2021\/07\/Barre-de-logos-Sauvage-112020-1024x75.jpg\" alt=\"\" width=\"1024\" height=\"75\" srcset=\"https:\/\/lhivernu.com\/wp-content\/uploads\/2021\/07\/Barre-de-logos-Sauvage-112020-1024x75.jpg 1024w, https:\/\/lhivernu.com\/wp-content\/uploads\/2021\/07\/Barre-de-logos-Sauvage-112020-300x22.jpg 300w, https:\/\/lhivernu.com\/wp-content\/uploads\/2021\/07\/Barre-de-logos-Sauvage-112020-768x56.jpg 768w, https:\/\/lhivernu.com\/wp-content\/uploads\/2021\/07\/Barre-de-logos-Sauvage-112020-1536x112.jpg 1536w, https:\/\/lhivernu.com\/wp-content\/uploads\/2021\/07\/Barre-de-logos-Sauvage-112020-830x60.jpg 830w, https:\/\/lhivernu.com\/wp-content\/uploads\/2021\/07\/Barre-de-logos-Sauvage-112020-230x17.jpg 230w, https:\/\/lhivernu.com\/wp-content\/uploads\/2021\/07\/Barre-de-logos-Sauvage-112020-350x25.jpg 350w, https:\/\/lhivernu.com\/wp-content\/uploads\/2021\/07\/Barre-de-logos-Sauvage-112020-480x35.jpg 480w, https:\/\/lhivernu.com\/wp-content\/uploads\/2021\/07\/Barre-de-logos-Sauvage-112020.jpg 1551w\" sizes=\"(max-width: 1024px) 100vw, 1024px\" \/><\/p>\n<p><!-- \/wp:paragraph --><!-- wp:image {\"id\":1943} --><\/p>\n<p>\u00a0<\/p>\n<p><!-- \/wp:image --><\/p>\t\t\t\t\t\t\t\t<\/div>\n\t\t\t\t<\/div>\n\t\t\t\t\t<\/div>\n\t\t<\/div>\n\t\t\t\t\t<\/div>\n\t\t<\/section>\n\t\t\t\t<\/div>\n\t\t","protected":false},"excerpt":{"rendered":"<p>\u00a0Cr\u00e9ation 2021\u00a0 \u00a0 Cr\u00e9dit photo : Marie Clauzade Conception et \u00e9criture : Compagnie L&rsquo;hiver nuAccompagnement \u00e0 l&rsquo;\u00e9criture et \u00e0 la dramaturgie :\u00a0Mariette NavarroMise en sc\u00e8ne et sc\u00e9nographie : Baptiste EtardJeu et manipulation :\u00a0Pierre Bernert, Claire Perraudeau,Thais TrulioMarionnettes : Arnaud Louski &#8211; PaneD\u00e9cors : Anne-Laure Baudin, Laur\u00e9lie RiffaultMusique : Jean PoinsignonLumi\u00e8res : Joseph CourantR\u00e9gie : Ngomde Mokngar-Mali La cr\u00e9ation Tout a commenc\u00e9 par une temp\u00eate, dans une ville au bord d&rsquo;un fleuve. Une nuit, le vent s&rsquo;infiltre dans les habitations, puis dans la t\u00eate des adultes qui se mettent \u00e0 pleurer sans raison. Alors quatre enfants d\u00e9cident de partir \u00e0 la recherche du vent, pour trouver un rem\u00e8de. Pendant leur sommeil, un bout de la berge sur laquelle ils dorment se d\u00e9tache. Commence alors pour eux une longue d\u00e9rive, sur une \u00eele faite de tourbe et de plastique. Sur ce radeau de fortune, dans ce milieu aquatique inhospitalier, les enfants rencontrent les habitants du fleuve : parmi elleux, il y a Sauvage et Serpente, un duo \u00e9tonnant. Peu \u00e0 peu, des liens tr\u00e8s forts se tissent entre les enfants et \u00ab\u00a0cette nature vivante\u00a0\u00bb.\u00a0 Depuis mai 2019, la compagnie a entam\u00e9 une nouvelle recherche artistique qui aboutira en ao\u00fbt 2021 \u00e0 la\u00a0cr\u00e9ation [&hellip;]<\/p>\n","protected":false},"author":3,"featured_media":0,"parent":0,"menu_order":0,"comment_status":"closed","ping_status":"closed","template":"","meta":{"_themeisle_gutenberg_block_has_review":false,"footnotes":""},"class_list":["post-1884","page","type-page","status-publish","hentry"],"_links":{"self":[{"href":"https:\/\/lhivernu.com\/index.php\/wp-json\/wp\/v2\/pages\/1884","targetHints":{"allow":["GET"]}}],"collection":[{"href":"https:\/\/lhivernu.com\/index.php\/wp-json\/wp\/v2\/pages"}],"about":[{"href":"https:\/\/lhivernu.com\/index.php\/wp-json\/wp\/v2\/types\/page"}],"author":[{"embeddable":true,"href":"https:\/\/lhivernu.com\/index.php\/wp-json\/wp\/v2\/users\/3"}],"replies":[{"embeddable":true,"href":"https:\/\/lhivernu.com\/index.php\/wp-json\/wp\/v2\/comments?post=1884"}],"version-history":[{"count":76,"href":"https:\/\/lhivernu.com\/index.php\/wp-json\/wp\/v2\/pages\/1884\/revisions"}],"predecessor-version":[{"id":5376,"href":"https:\/\/lhivernu.com\/index.php\/wp-json\/wp\/v2\/pages\/1884\/revisions\/5376"}],"wp:attachment":[{"href":"https:\/\/lhivernu.com\/index.php\/wp-json\/wp\/v2\/media?parent=1884"}],"curies":[{"name":"wp","href":"https:\/\/api.w.org\/{rel}","templated":true}]}}