{"id":2161,"date":"2020-06-12T12:37:03","date_gmt":"2020-06-12T10:37:03","guid":{"rendered":"http:\/\/lhivernu.com\/?page_id=2161"},"modified":"2024-05-21T11:38:47","modified_gmt":"2024-05-21T09:38:47","slug":"journal-de-bord","status":"publish","type":"page","link":"https:\/\/lhivernu.com\/index.php\/journal-de-bord\/","title":{"rendered":"Journal de bord"},"content":{"rendered":"\n<h4 class=\"wp-block-heading\"><strong>R\u00e9sidence ouverte \u00e0 la Fabrique du Viala<\/strong><br><strong>du 17 juin au 17 juillet 2020<\/strong><\/h4>\n\n\n\n<div class=\"wp-block-group alignwide is-layout-flow wp-block-group-is-layout-flow\">\n<div class=\"wp-block-group alignwide is-layout-flow wp-block-group-is-layout-flow\">\n<div class=\"wp-block-group alignwide is-layout-flow wp-block-group-is-layout-flow\">\n<div class=\"wp-block-media-text alignwide is-stacked-on-mobile is-vertically-aligned-center is-image-fill\"><figure class=\"wp-block-media-text__media\" style=\"background-image:url(https:\/\/lhivernu.com\/wp-content\/uploads\/2020\/06\/Diane-masque\u0301e-17062020-1024x768.jpg);background-position:50% 50%\"><img fetchpriority=\"high\" decoding=\"async\" width=\"1024\" height=\"768\" src=\"https:\/\/lhivernu.com\/wp-content\/uploads\/2020\/06\/Diane-masque\u0301e-17062020-1024x768.jpg\" alt=\"\" class=\"wp-image-2270 size-full\" srcset=\"https:\/\/lhivernu.com\/wp-content\/uploads\/2020\/06\/Diane-masque\u0301e-17062020-1024x768.jpg 1024w, https:\/\/lhivernu.com\/wp-content\/uploads\/2020\/06\/Diane-masque\u0301e-17062020-300x225.jpg 300w, https:\/\/lhivernu.com\/wp-content\/uploads\/2020\/06\/Diane-masque\u0301e-17062020-768x576.jpg 768w, https:\/\/lhivernu.com\/wp-content\/uploads\/2020\/06\/Diane-masque\u0301e-17062020-1536x1152.jpg 1536w, https:\/\/lhivernu.com\/wp-content\/uploads\/2020\/06\/Diane-masque\u0301e-17062020-2048x1536.jpg 2048w, https:\/\/lhivernu.com\/wp-content\/uploads\/2020\/06\/Diane-masque\u0301e-17062020-830x623.jpg 830w, https:\/\/lhivernu.com\/wp-content\/uploads\/2020\/06\/Diane-masque\u0301e-17062020-230x173.jpg 230w, https:\/\/lhivernu.com\/wp-content\/uploads\/2020\/06\/Diane-masque\u0301e-17062020-350x263.jpg 350w, https:\/\/lhivernu.com\/wp-content\/uploads\/2020\/06\/Diane-masque\u0301e-17062020-480x360.jpg 480w\" sizes=\"(max-width: 1024px) 100vw, 1024px\" \/><\/figure><div class=\"wp-block-media-text__content\">\n<p class=\"has-very-dark-gray-color has-text-color has-large-font-size\">JOUR 1 : Mercredi 17 juin <\/p>\n\n\n\n<p class=\"has-very-dark-gray-color has-text-color\"><strong>Avec les Enfants. Raconter &#8211; Glaner &#8211; Construire<\/strong><br><br>Avec les enfants qui sont venus aujourd&rsquo;hui, nous avons d\u00e9cid\u00e9 de fabriquer un masque de Vent, un masque de Fleuve, un masque de Rive, des masques de Ciel, pour essayer de les faire parler ensuite. <br>Nous sommes partis glaner aux alentours et nous avons assembl\u00e9 nos r\u00e9coltes. Quatres masques sont n\u00e9s aujourd&rsquo;hui. Mercredi prochain, ces 4 masques rencontreront deux habitants du Fleuve, et nous pourrons commencer \u00e0 imaginer leur dialogue&#8230;<\/p>\n<\/div><\/div>\n\n\n\n<div class=\"wp-block-media-text alignwide is-stacked-on-mobile is-vertically-aligned-center is-image-fill\"><figure class=\"wp-block-media-text__media\" style=\"background-image:url(https:\/\/lhivernu.com\/wp-content\/uploads\/2020\/06\/P1030630-1024x769.jpg);background-position:50% 50%\"><img decoding=\"async\" width=\"1024\" height=\"769\" src=\"https:\/\/lhivernu.com\/wp-content\/uploads\/2020\/06\/P1030630-1024x769.jpg\" alt=\"\" class=\"wp-image-2282 size-full\" srcset=\"https:\/\/lhivernu.com\/wp-content\/uploads\/2020\/06\/P1030630-1024x769.jpg 1024w, https:\/\/lhivernu.com\/wp-content\/uploads\/2020\/06\/P1030630-300x225.jpg 300w, https:\/\/lhivernu.com\/wp-content\/uploads\/2020\/06\/P1030630-768x577.jpg 768w, https:\/\/lhivernu.com\/wp-content\/uploads\/2020\/06\/P1030630-1536x1153.jpg 1536w, https:\/\/lhivernu.com\/wp-content\/uploads\/2020\/06\/P1030630-2048x1538.jpg 2048w, https:\/\/lhivernu.com\/wp-content\/uploads\/2020\/06\/P1030630-830x623.jpg 830w, https:\/\/lhivernu.com\/wp-content\/uploads\/2020\/06\/P1030630-230x173.jpg 230w, https:\/\/lhivernu.com\/wp-content\/uploads\/2020\/06\/P1030630-350x263.jpg 350w, https:\/\/lhivernu.com\/wp-content\/uploads\/2020\/06\/P1030630-480x360.jpg 480w\" sizes=\"(max-width: 1024px) 100vw, 1024px\" \/><\/figure><div class=\"wp-block-media-text__content\">\n<p class=\"has-very-dark-gray-color has-text-color has-large-font-size\">JOUR 3 : Vendredi 19 juin <\/p>\n\n\n\n<p class=\"has-very-dark-gray-color has-text-color\"><strong>Inauguration<\/strong> <strong>&#8211; Visite sc\u00e9nographique<\/strong><br><br>CONSTRUIRE UNE \u00ceLE FLOTTANTE. <br>Une sc\u00e9nographie qui aide \u00e0 jouer, raconter, penser.<br>Comment construire une \u00eele flottante ? Une \u00eele &#8211; radeau.<br>Comment rendre le mouvement de ce radeau sur une sc\u00e8ne de th\u00e9\u00e2tre qui elle, reste fixe ? Il faut rendre la d\u00e9rive de ces enfants concr\u00e8te pour le spectateur.<br><br>Lecture-performance par Claire Perraudeau et pr\u00e9sentation de la sc\u00e9nographie en cours de construction par Baptiste Etard.<\/p>\n<\/div><\/div>\n\n\n\n<div class=\"wp-block-media-text alignwide is-stacked-on-mobile is-vertically-aligned-center is-image-fill\"><figure class=\"wp-block-media-text__media\" style=\"background-image:url(https:\/\/lhivernu.com\/wp-content\/uploads\/2020\/07\/P1030583-1024x769.jpg);background-position:50% 50%\"><img decoding=\"async\" width=\"1024\" height=\"769\" src=\"https:\/\/lhivernu.com\/wp-content\/uploads\/2020\/07\/P1030583-1024x769.jpg\" alt=\"\" class=\"wp-image-2297 size-full\" srcset=\"https:\/\/lhivernu.com\/wp-content\/uploads\/2020\/07\/P1030583-1024x769.jpg 1024w, https:\/\/lhivernu.com\/wp-content\/uploads\/2020\/07\/P1030583-300x225.jpg 300w, https:\/\/lhivernu.com\/wp-content\/uploads\/2020\/07\/P1030583-768x577.jpg 768w, https:\/\/lhivernu.com\/wp-content\/uploads\/2020\/07\/P1030583-1536x1153.jpg 1536w, https:\/\/lhivernu.com\/wp-content\/uploads\/2020\/07\/P1030583-2048x1538.jpg 2048w, https:\/\/lhivernu.com\/wp-content\/uploads\/2020\/07\/P1030583-830x623.jpg 830w, https:\/\/lhivernu.com\/wp-content\/uploads\/2020\/07\/P1030583-230x173.jpg 230w, https:\/\/lhivernu.com\/wp-content\/uploads\/2020\/07\/P1030583-350x263.jpg 350w, https:\/\/lhivernu.com\/wp-content\/uploads\/2020\/07\/P1030583-480x360.jpg 480w\" sizes=\"(max-width: 1024px) 100vw, 1024px\" \/><\/figure><div class=\"wp-block-media-text__content\">\n<p class=\"has-very-dark-gray-color has-text-color has-large-font-size\">JOUR 6 : Mercredi 24 juin <\/p>\n\n\n\n<p class=\"has-very-dark-gray-color has-text-color\"><strong>Avec les enfants. Raconter &#8211; Jouer &#8211; Penser<\/strong><br><br>\u00c0 10h30, comme chaque mercredi nous nous sommes retrouv\u00e9s, \u00e0 l\u2019ombre de l\u2019atelier. Nous \u00e9tions 9, et \u00e0 nouveau nous avons racont\u00e9 l\u2019histoire de cette temp\u00eate qui emporte les pens\u00e9es des adultes. <br>Bien plus tard, les enfants se retrouvent sur une \u00eele\u2026 Flottante, l\u2019\u00eele, au beau milieu du fleuve. La brume se l\u00e8ve, et nos h\u00e9ros se retrouvent soudainement au milieu d\u2019une conversation houleuse entre FLEUVE, RIVES, VENT, CIEL \u00c9TOIL\u00c9\u2026 Que disent-ils&nbsp;?<br>La semaine derni\u00e8re, nous avons fait des masques de FLEUVE \u2013 RIVES \u2013 et CIEL \u00c9TOIL\u00c9.<br>Allons les voir et les manipuler.<br>D\u00c9COUVERTE DES MASQUES.<br>LES FAIRE BOUGER<br>LES FAIRE PARLER<\/p>\n<\/div><\/div>\n\n\n\n<div class=\"wp-block-media-text alignwide is-stacked-on-mobile is-vertically-aligned-center is-image-fill\"><figure class=\"wp-block-media-text__media\" style=\"background-image:url(https:\/\/lhivernu.com\/wp-content\/uploads\/2020\/07\/P1030816-1024x769.jpg);background-position:50% 50%\"><img loading=\"lazy\" decoding=\"async\" width=\"1024\" height=\"769\" src=\"https:\/\/lhivernu.com\/wp-content\/uploads\/2020\/07\/P1030816-1024x769.jpg\" alt=\"\" class=\"wp-image-2302 size-full\" srcset=\"https:\/\/lhivernu.com\/wp-content\/uploads\/2020\/07\/P1030816-1024x769.jpg 1024w, https:\/\/lhivernu.com\/wp-content\/uploads\/2020\/07\/P1030816-300x225.jpg 300w, https:\/\/lhivernu.com\/wp-content\/uploads\/2020\/07\/P1030816-768x577.jpg 768w, https:\/\/lhivernu.com\/wp-content\/uploads\/2020\/07\/P1030816-1536x1153.jpg 1536w, https:\/\/lhivernu.com\/wp-content\/uploads\/2020\/07\/P1030816-2048x1538.jpg 2048w, https:\/\/lhivernu.com\/wp-content\/uploads\/2020\/07\/P1030816-830x623.jpg 830w, https:\/\/lhivernu.com\/wp-content\/uploads\/2020\/07\/P1030816-230x173.jpg 230w, https:\/\/lhivernu.com\/wp-content\/uploads\/2020\/07\/P1030816-350x263.jpg 350w, https:\/\/lhivernu.com\/wp-content\/uploads\/2020\/07\/P1030816-480x360.jpg 480w\" sizes=\"(max-width: 1024px) 100vw, 1024px\" \/><\/figure><div class=\"wp-block-media-text__content\">\n<p class=\"has-very-dark-gray-color has-text-color has-large-font-size\">JOUR 8 : Vendredi 26 juin<\/p>\n\n\n\n<p class=\"has-very-dark-gray-color has-text-color\"><strong>Pr\u00e9sentation des marionnettes<\/strong><br><br>Pr\u00e9sentation des marionnettes du spectacle, tout juste arriv\u00e9es avec Arnaud Louski-Pane\u2026 Natan, Anina et Les P&rsquo;tites prennent vie : premi\u00e8re rencontre entre la manipulatrice et les marionnettes, \u00e9bauche de premi\u00e8res sc\u00e8nes, exploration de la sc\u00e9nographie en cours de conception\u2026 devant un public curieux et attentif !<\/p>\n<\/div><\/div>\n<\/div>\n<\/div>\n<\/div>\n\n\n\n<hr class=\"wp-block-separator has-css-opacity\"\/>\n\n\n\n<p><\/p>\n","protected":false},"excerpt":{"rendered":"<p>R\u00e9sidence ouverte \u00e0 la Fabrique du Vialadu 17 juin au 17 juillet 2020 JOUR 1 : Mercredi 17 juin Avec les Enfants. Raconter &#8211; Glaner &#8211; Construire Avec les enfants qui sont venus aujourd&rsquo;hui, nous avons d\u00e9cid\u00e9 de fabriquer un masque de Vent, un masque de Fleuve, un masque de Rive, des masques de Ciel, pour essayer de les faire parler ensuite. Nous sommes partis glaner aux alentours et nous avons assembl\u00e9 nos r\u00e9coltes. Quatres masques sont n\u00e9s aujourd&rsquo;hui. Mercredi prochain, ces 4 masques rencontreront deux habitants du Fleuve, et nous pourrons commencer \u00e0 imaginer leur dialogue&#8230; JOUR 3 : Vendredi 19 juin Inauguration &#8211; Visite sc\u00e9nographique CONSTRUIRE UNE \u00ceLE FLOTTANTE. Une sc\u00e9nographie qui aide \u00e0 jouer, raconter, penser.Comment construire une \u00eele flottante ? Une \u00eele &#8211; radeau.Comment rendre le mouvement de ce radeau sur une sc\u00e8ne de th\u00e9\u00e2tre qui elle, reste fixe ? Il faut rendre la d\u00e9rive de ces enfants concr\u00e8te pour le spectateur. Lecture-performance par Claire Perraudeau et pr\u00e9sentation de la sc\u00e9nographie en cours de construction par Baptiste Etard. JOUR 6 : Mercredi 24 juin Avec les enfants. Raconter &#8211; Jouer &#8211; Penser \u00c0 10h30, comme chaque mercredi nous nous sommes retrouv\u00e9s, \u00e0 l\u2019ombre de l\u2019atelier. Nous [&hellip;]<\/p>\n","protected":false},"author":3,"featured_media":0,"parent":0,"menu_order":0,"comment_status":"closed","ping_status":"closed","template":"","meta":{"_themeisle_gutenberg_block_has_review":false,"footnotes":""},"class_list":["post-2161","page","type-page","status-publish","hentry"],"_links":{"self":[{"href":"https:\/\/lhivernu.com\/index.php\/wp-json\/wp\/v2\/pages\/2161","targetHints":{"allow":["GET"]}}],"collection":[{"href":"https:\/\/lhivernu.com\/index.php\/wp-json\/wp\/v2\/pages"}],"about":[{"href":"https:\/\/lhivernu.com\/index.php\/wp-json\/wp\/v2\/types\/page"}],"author":[{"embeddable":true,"href":"https:\/\/lhivernu.com\/index.php\/wp-json\/wp\/v2\/users\/3"}],"replies":[{"embeddable":true,"href":"https:\/\/lhivernu.com\/index.php\/wp-json\/wp\/v2\/comments?post=2161"}],"version-history":[{"count":17,"href":"https:\/\/lhivernu.com\/index.php\/wp-json\/wp\/v2\/pages\/2161\/revisions"}],"predecessor-version":[{"id":3408,"href":"https:\/\/lhivernu.com\/index.php\/wp-json\/wp\/v2\/pages\/2161\/revisions\/3408"}],"wp:attachment":[{"href":"https:\/\/lhivernu.com\/index.php\/wp-json\/wp\/v2\/media?parent=2161"}],"curies":[{"name":"wp","href":"https:\/\/api.w.org\/{rel}","templated":true}]}}