{"id":2719,"date":"2022-03-03T16:56:27","date_gmt":"2022-03-03T15:56:27","guid":{"rendered":"http:\/\/lhivernu.com\/?page_id=2719"},"modified":"2024-05-21T11:38:34","modified_gmt":"2024-05-21T09:38:34","slug":"semaine-de-la-marionnette-2022","status":"publish","type":"page","link":"https:\/\/lhivernu.com\/index.php\/semaine-de-la-marionnette-2022\/","title":{"rendered":"Semaine de la marionnette 2022"},"content":{"rendered":"\n<div class=\"wp-block-themeisle-blocks-advanced-columns has-1-columns has-desktop-equal-layout has-tablet-equal-layout has-mobile-equal-layout has-default-gap has-vertical-unset\" id=\"wp-block-themeisle-blocks-advanced-columns-745e4107\"><div class=\"wp-block-themeisle-blocks-advanced-columns-overlay\"><\/div><div class=\"innerblocks-wrap\">\n\n<div class=\"wp-block-themeisle-blocks-advanced-column\" id=\"wp-block-themeisle-blocks-advanced-column-1b08b32d\">\n\n<figure class=\"wp-block-image size-large\"><img fetchpriority=\"high\" decoding=\"async\" width=\"724\" height=\"1024\" src=\"https:\/\/lhivernu.com\/wp-content\/uploads\/2022\/03\/affiche_Marionette_2022_page-0001-724x1024.jpg\" alt=\"\" class=\"wp-image-2721\" srcset=\"https:\/\/lhivernu.com\/wp-content\/uploads\/2022\/03\/affiche_Marionette_2022_page-0001-724x1024.jpg 724w, https:\/\/lhivernu.com\/wp-content\/uploads\/2022\/03\/affiche_Marionette_2022_page-0001-212x300.jpg 212w, https:\/\/lhivernu.com\/wp-content\/uploads\/2022\/03\/affiche_Marionette_2022_page-0001-768x1086.jpg 768w, https:\/\/lhivernu.com\/wp-content\/uploads\/2022\/03\/affiche_Marionette_2022_page-0001-1086x1536.jpg 1086w, https:\/\/lhivernu.com\/wp-content\/uploads\/2022\/03\/affiche_Marionette_2022_page-0001-1448x2048.jpg 1448w, https:\/\/lhivernu.com\/wp-content\/uploads\/2022\/03\/affiche_Marionette_2022_page-0001-830x1174.jpg 830w, https:\/\/lhivernu.com\/wp-content\/uploads\/2022\/03\/affiche_Marionette_2022_page-0001-230x325.jpg 230w, https:\/\/lhivernu.com\/wp-content\/uploads\/2022\/03\/affiche_Marionette_2022_page-0001-350x495.jpg 350w, https:\/\/lhivernu.com\/wp-content\/uploads\/2022\/03\/affiche_Marionette_2022_page-0001-480x679.jpg 480w, https:\/\/lhivernu.com\/wp-content\/uploads\/2022\/03\/affiche_Marionette_2022_page-0001.jpg 1754w\" sizes=\"(max-width: 724px) 100vw, 724px\" \/><\/figure>\n\n<\/div>\n\n<\/div><\/div>\n\n\n\n<h2 id=\"wp-block-themeisle-blocks-advanced-heading-ba75bf4f\" class=\"wp-block-themeisle-blocks-advanced-heading wp-block-themeisle-blocks-advanced-heading-ba75bf4f\"><span class=\"has-inline-color has-luminous-vivid-orange-color\">Du 21 au 26 mars 2022<\/span><br>2e \u00e9dition de la semaine de la marionnette<\/h2>\n\n\n\n<div class=\"wp-block-group is-layout-flow wp-block-group-is-layout-flow\">\n<h4 class=\"wp-block-heading\">2 repr\u00e9sentations scolaires, 2 soir\u00e9es spectacles chez l&rsquo;habitant, des ateliers, 1 apr\u00e8s-midi et soir\u00e9e de cl\u00f4ture \u00e0 la Fabrique du Viala<\/h4>\n\n\n\n<p><span style=\"background-color:rgba(0, 0, 0, 0)\" class=\"has-inline-color has-very-dark-gray-color\">Pour la seconde ann\u00e9e cons\u00e9cutive, nous organisons au mois de mars La Semaine de la Marionnette, en partenariat avec les Sc\u00e8nes Crois\u00e9es de Loz\u00e8re. Apr\u00e8s la compagnie Zusvex en 2021, nous invitons cette ann\u00e9e la compagnie Bak\u00e9lite (th\u00e9\u00e2tre d\u2019objet) pour une semaine de diffusion de leur r\u00e9pertoire de petites formes dans des lieux non d\u00e9di\u00e9s de la Vall\u00e9e du Valdonnez.\u00a0<\/span><br><span style=\"background-color:rgba(0, 0, 0, 0)\" class=\"has-inline-color has-very-dark-gray-color\"><strong>La Semaine de la Marionnette est l&rsquo;occasion de partager l&rsquo;immense richesse de cet art avec les spectateurs, ainsi que de proposer des spectacles dans des lieux non d\u00e9di\u00e9s <\/strong>: chez l&rsquo;habitant, dans une \u00e9cole, un foyer rural, avec un final le samedi \u00e0 la Fabrique du Viala.\u00a0<\/span><\/p>\n\n\n\n<p class=\"has-very-dark-gray-color has-text-color\">Apr\u00e8s avoir mis l\u2019accent sur la cr\u00e9ation contemporaine en direction des jeunes publics en 2021, nous souhaitons avec le compagnie Bak\u00e9lite donner la part belle \u00e0 des projets tout publics. Implant\u00e9e \u00e0 Rennes, la compagnie Bak\u00e9lite propose des spectacles accessibles \u00e0 tous, avec une attention toute particuli\u00e8re port\u00e9e au public familial, o\u00f9, de l\u2019enfant \u00e0 l\u2019adulte, chacun y trouve son compte, son plaisir, pour vivre une exp\u00e9rience partag\u00e9e. Les spectacles naissent de la bidouille, \u00e9loges \u00e0 l\u2019inventivit\u00e9 et \u00e0 l\u2019ing\u00e9niosit\u00e9, o\u00f9 les ficelles sont visibles, et o\u00f9 le public devient complice de ce qui se passe sur le plateau. Une bidouille \u00e0 partir d\u2019objets usuels, de la vie de tous les jours, des objets \u00ab made in Taiwan \u00bb ou \u00ab produits en Bretagne \u00bb, sans charmes particuliers a priori, mais qui par leur d\u00e9tournement vont acqu\u00e9rir un pouvoir \u00e9vocateur. Avec des objets ordinaires, il s\u2019agit de cr\u00e9er des \u00e9v\u00e9nements extraordinaires.&nbsp;<\/p>\n\n\n\n<p class=\"has-very-dark-gray-color has-text-color\"><span style=\"background-color:rgba(0, 0, 0, 0)\" class=\"has-inline-color has-very-dark-gray-color\"><strong>Du 21 au 26 mars<\/strong>, nous accueillerons \u00e0 la Fabrique du Viala 2 artistes de la compagnie : Aur\u00e9lien Georgeault-Loch et Guillaume Alexandre. Cette semaine sera l\u2019occasion de pr\u00e9senter 3 de leurs spectacles et de mener des ateliers dans la vall\u00e9e du Valdonnez.\u00a0<\/span><\/p>\n<\/div>\n\n\n\n<p class=\"has-very-dark-gray-color has-text-color\"><span style=\"background-color:rgba(0, 0, 0, 0);color:#030303\" class=\"has-inline-color\"><strong>PROGRAMME<\/strong> <strong>du 21 au 26 mars 2022 :<\/strong><\/span><\/p>\n\n\n\n<p><span style=\"background-color:rgba(0, 0, 0, 0);color:#080808\" class=\"has-inline-color\"><strong>MARDI 22 MARS, 10H45 ET 14H <\/strong>&#8211;<\/span> <span style=\"background-color:rgba(0, 0, 0, 0)\" class=\"has-inline-color has-luminous-vivid-orange-color\"><strong>Cake et Madeleine (35min)<\/strong><\/span><br><span style=\"background-color:rgba(0, 0, 0, 0);color:#080808\" class=\"has-inline-color\"><strong>\u00c9cole de Rouffiac \u2013 St Bauzile<\/strong><\/span><\/p>\n\n\n\n<div class=\"wp-block-group is-layout-flow wp-block-group-is-layout-flow\">\n<p><span style=\"background-color:rgba(0, 0, 0, 0);color:#090909\" class=\"has-inline-color\"><strong>10h45 et 14h :<\/strong> Repr\u00e9sentations scolaires de \u00ab Cake et Madeleine \u00bb <\/span><\/p>\n\n\n\n<p><span style=\"background-color:rgba(0, 0, 0, 0);color:#0a0a0a\" class=\"has-inline-color\">[Petite forme autour de parents disparus et des objets qui sont rest\u00e9s, tout public \u00e0 partir de 6-7 ans]<\/span><\/p>\n<\/div>\n\n\n\n<p class=\"has-very-dark-gray-color has-text-color\"><em><span style=\"color:#050708\" class=\"has-inline-color\">Cake et Madeleine, c\u2019est l\u2019histoire d\u2019une famille o\u00f9 les hommes ont disparus. \u00c7a raconte comment comment les hommes ont disparus. \u00c7a aimerait dire pourquoi mais\u2026 bon. Cake et Madeleine aimerait \u00eatre une histoire dr\u00f4le. \u00c7a tente d\u2019\u00eatre dr\u00f4le mais \u00e7a a des accents m\u00e9lancoliques. (en fait, c\u2019est peut-\u00eatre \u00e7a qui est dr\u00f4le). Cake et Madeleine, ce sont les g\u00e2teaux pr\u00e9f\u00e9r\u00e9s de papa et de grand-papa. <\/span><\/em><\/p>\n\n\n\n<p class=\"has-very-dark-gray-color has-text-color\">Cr\u00e9ation et interpr\u00e9tation : Aur\u00e9lien Georgeault Loch<\/p>\n\n\n\n<p class=\"has-vivid-cyan-blue-color has-text-color\"><a href=\"https:\/\/www.compagnie-bakelite.com\/cake-et-madeleine\">Plus d&rsquo;informations ici<\/a><\/p>\n\n\n\n<p class=\"has-very-dark-gray-color has-text-color\"><strong><span style=\"color:#070606\" class=\"has-inline-color\">MERCREDI 23 MARS<\/span><span class=\"has-inline-color has-very-dark-gray-color\"> <\/span><\/strong><br><span style=\"color:#070606\" class=\"has-inline-color\"><strong>Langlade-Brenoux<\/strong><\/span><\/p>\n\n\n\n<p class=\"has-very-dark-gray-color has-text-color\"><span style=\"background-color:rgba(0, 0, 0, 0);color:#070707\" class=\"has-inline-color\">Atelier th\u00e9\u00e2tre d\u2019objets avec le club des P\u2019tits malins du Foyer rural, avec la Cie Bak\u00e9lite<\/span><\/p>\n\n\n\n<p class=\"has-very-dark-gray-color has-text-color\"><span style=\"background-color:rgba(0, 0, 0, 0);color:#080505\" class=\"has-inline-color\"><strong>JEUDI 24 MARS, 19H30<\/strong> &#8211; <\/span><span style=\"background-color:rgba(0, 0, 0, 0)\" class=\"has-inline-color has-luminous-vivid-orange-color\"><strong>\u00ab\u00a0Cake et Madeleine\u00a0\u00bb et \u00ab\u00a0Le Cam\u00e9l\u00e9on\u00a0\u00bb (25min)<\/strong><\/span><br><strong>Saint-\u00c9tienne du Valdonnez<\/strong><\/p>\n\n\n\n<p class=\"has-very-dark-gray-color has-text-color\"><strong>19h30 : <\/strong><span style=\"color:#0b0b0b\" class=\"has-inline-color\">Soir\u00e9e spectacle chez l\u2019habitant \u00ab Cake et Madeleine&nbsp;\u00bb et \u00ab&nbsp;Le Cam\u00e9l\u00e9on&nbsp;\u00bb<\/span><\/p>\n\n\n\n<p class=\"has-very-dark-gray-color has-text-color\"><span style=\"background-color:rgba(0, 0, 0, 0);color:#070707\" class=\"has-inline-color\">[Th\u00e9\u00e2tre d&rsquo;objets et d&rsquo;enqu\u00eate, tout public \u00e0 partir de 14 ans]<\/span><\/p>\n\n\n\n<p class=\"has-very-dark-gray-color has-text-color\"><em><span style=\"color:#020709\" class=\"has-inline-color\">Le Cam\u00e9l\u00e9on est un spectacle court, de th\u00e9\u00e2tre d\u2019objets sur table. Il questionne notre identit\u00e9 \u00e0 travers ce qui symbolise le condens\u00e9 de notre vie et rec\u00e8le nos secrets les plus intimes&nbsp;: notre portefeuille. Dans cette histoire, aux contours d\u2019une enqu\u00eate, on se perdra dans une r\u00e9alit\u00e9 extravagante et surr\u00e9aliste, si bien que l\u2019on pensera \u00eatre dans une fiction. Les barri\u00e8res tomberont, \u00e9largissant ainsi nos horizons&nbsp;; jusqu\u2019\u00e0, peut-\u00eatre, y entrevoir une forme d\u2019espoir.<\/span><\/em> <\/p>\n\n\n\n<p class=\"has-very-dark-gray-color has-text-color\">Cr\u00e9ation et interpr\u00e9tation : Guillaume Alexandre<\/p>\n\n\n\n<p class=\"has-vivid-cyan-blue-color has-text-color\"><a href=\"https:\/\/www.compagnie-bakelite.com\/_files\/ugd\/d4b85f_ff71b220f62a4edc98301ea7237433ef.pdf\">Plus d&rsquo;informations ici<\/a><\/p>\n\n\n\n<p class=\"has-very-dark-gray-color has-text-color\"><span style=\"background-color:rgba(0, 0, 0, 0);color:#0a0a0a\" class=\"has-inline-color\"><strong>VENDREDI 25 MARS, 19H30<\/strong> &#8211;<\/span><strong> <span style=\"background-color:rgba(0, 0, 0, 0)\" class=\"has-inline-color has-luminous-vivid-orange-color\">\u00ab\u00a0Le Projet Jean-Marc\u00a0\u00bb (45min)<\/span><\/strong><br><strong>Langlade-Brenoux<\/strong><\/p>\n\n\n\n<p class=\"has-very-dark-gray-color has-text-color\"><span style=\"background-color:rgba(0, 0, 0, 0);color:#040404\" class=\"has-inline-color\"><strong>19h30 :<\/strong> Soir\u00e9e spectacle chez l\u2019habitant, \u00ab Le Projet Jean-Marc \u00bb<\/span><\/p>\n\n\n\n<p class=\"has-very-dark-gray-color has-text-color\"><span style=\"background-color:rgba(0, 0, 0, 0);color:#0c0c0d\" class=\"has-inline-color\">[Th\u00e9\u00e2tre d&rsquo;objets, tout public \u00e0 partir de 9-10 ans]<\/span><\/p>\n\n\n\n<p class=\"has-very-dark-gray-color has-text-color\"><em><span style=\"color:#050505\" class=\"has-inline-color\">Il y a Jean-Marc. Il y a la porte. Il y a l\u2019impossibilit\u00e9 pour l\u2019un de franchir l\u2019autre. Est-ce Jean-Marc qui a choisi de la refermer, ou s\u2019est-elle referm\u00e9e sur lui&nbsp;? Myst\u00e8re. Elle fait seuil, elle peut autant enfermer Jean-Marc qu\u2019ouvrir sur le monde. Ce qui est certain, c\u2019est que Jean-Marc attends. Au milieu du d\u00e9cor en papier, sur la table, des objets en plastique manipul\u00e9s sont comme un succ\u00e9dan\u00e9 d\u2019inconscient haut en couleurs.<\/span><\/em><\/p>\n\n\n\n<p class=\"has-very-dark-gray-color has-text-color\"><span style=\"background-color:rgba(0, 0, 0, 0)\" class=\"has-inline-color has-very-dark-gray-color\">Cr\u00e9ation et interpr\u00e9tation : Aur\u00e9lien Georgeault Loch<\/span><\/p>\n\n\n\n<p><a href=\"https:\/\/www.compagnie-bakelite.com\/_files\/ugd\/d4b85f_8a5992044f58439b8d50e943eea151bc.pdfhttps:\/\/www.compagnie-bakelite.com\/_files\/ugd\/d4b85f_8a5992044f58439b8d50e943eea151bc.pdf\"><span class=\"has-inline-color has-vivid-cyan-blue-color\">Plus d&rsquo;informations ici<\/span><\/a><\/p>\n\n\n\n<p class=\"has-very-dark-gray-color has-text-color\"><strong><span style=\"color:#050505\" class=\"has-inline-color\">SAMEDI 26 MARS, 16H<\/span><\/strong><br><strong>La Fabrique du Viala, Lanu\u00e9jols<\/strong><\/p>\n\n\n\n<p class=\"has-very-dark-gray-color has-text-color\"><span style=\"background-color:rgba(0, 0, 0, 0);color:#070707\" class=\"has-inline-color\">Cl\u00f4ture de la Semaine de la Marionnette, apr\u00e8s-midi et soir\u00e9e \u00e0 la Fabrique du Viala<\/span> &#8211; <span style=\"background-color:rgba(0, 0, 0, 0);color:#060707\" class=\"has-inline-color\"><strong>Accueil \u00e0 partir de 16h <\/strong><\/span><\/p>\n\n\n\n<div class=\"wp-block-group is-layout-flow wp-block-group-is-layout-flow\">\n<p class=\"has-very-dark-gray-color has-text-color\"><span style=\"background-color:rgba(0, 0, 0, 0);color:#070707\" class=\"has-inline-color\"><strong>16h30 :<\/strong> \u00ab Cake et Madeleine \u00bb suivi de \u00ab Le Cam\u00e9l\u00e9on \u00bb<br><strong>18h\u00a0: <\/strong>\u00ab\u00a0 Le Projet Jean-Marc\u00a0\u00bb suivi de \u00ab\u00a0Le Cam\u00e9l\u00e9on\u00a0\u00bb<\/span><\/p>\n\n\n\n<p class=\"has-very-dark-gray-color has-text-color\"><span style=\"background-color:rgba(0, 0, 0, 0);color:#080808\" class=\"has-inline-color\"><strong>Soir\u00e9e :<\/strong> Banquet \u00e0 prix libre<\/span><\/p>\n<\/div>\n\n\n\n<figure class=\"wp-block-gallery has-nested-images columns-default is-cropped wp-block-gallery-1 is-layout-flex wp-block-gallery-is-layout-flex\">\n<figure class=\"wp-block-image size-large\"><img decoding=\"async\" width=\"1024\" height=\"766\" data-id=\"2722\" src=\"https:\/\/lhivernu.com\/wp-content\/uploads\/2022\/03\/Cake-et-Madeleine-_-Ile-Chat-CMJN-cr\u00e9dit-Aur\u00e9lien-Georgeault-1024x766.jpg\" alt=\"\" class=\"wp-image-2722\" srcset=\"https:\/\/lhivernu.com\/wp-content\/uploads\/2022\/03\/Cake-et-Madeleine-_-Ile-Chat-CMJN-cr\u00e9dit-Aur\u00e9lien-Georgeault-1024x766.jpg 1024w, https:\/\/lhivernu.com\/wp-content\/uploads\/2022\/03\/Cake-et-Madeleine-_-Ile-Chat-CMJN-cr\u00e9dit-Aur\u00e9lien-Georgeault-300x225.jpg 300w, https:\/\/lhivernu.com\/wp-content\/uploads\/2022\/03\/Cake-et-Madeleine-_-Ile-Chat-CMJN-cr\u00e9dit-Aur\u00e9lien-Georgeault-768x575.jpg 768w, https:\/\/lhivernu.com\/wp-content\/uploads\/2022\/03\/Cake-et-Madeleine-_-Ile-Chat-CMJN-cr\u00e9dit-Aur\u00e9lien-Georgeault-830x621.jpg 830w, https:\/\/lhivernu.com\/wp-content\/uploads\/2022\/03\/Cake-et-Madeleine-_-Ile-Chat-CMJN-cr\u00e9dit-Aur\u00e9lien-Georgeault-230x172.jpg 230w, https:\/\/lhivernu.com\/wp-content\/uploads\/2022\/03\/Cake-et-Madeleine-_-Ile-Chat-CMJN-cr\u00e9dit-Aur\u00e9lien-Georgeault-350x262.jpg 350w, https:\/\/lhivernu.com\/wp-content\/uploads\/2022\/03\/Cake-et-Madeleine-_-Ile-Chat-CMJN-cr\u00e9dit-Aur\u00e9lien-Georgeault-480x359.jpg 480w, https:\/\/lhivernu.com\/wp-content\/uploads\/2022\/03\/Cake-et-Madeleine-_-Ile-Chat-CMJN-cr\u00e9dit-Aur\u00e9lien-Georgeault.jpg 1419w\" sizes=\"(max-width: 1024px) 100vw, 1024px\" \/><\/figure>\n\n\n\n<figure class=\"wp-block-image size-large\"><img decoding=\"async\" width=\"1024\" height=\"683\" data-id=\"2724\" src=\"https:\/\/lhivernu.com\/wp-content\/uploads\/2022\/03\/Le-Cam\u00e9l\u00e9on-menottes-Oeil-Cr\u00e9dit-Isa-Balog-1024x683.jpg\" alt=\"\" class=\"wp-image-2724\" srcset=\"https:\/\/lhivernu.com\/wp-content\/uploads\/2022\/03\/Le-Cam\u00e9l\u00e9on-menottes-Oeil-Cr\u00e9dit-Isa-Balog-1024x683.jpg 1024w, https:\/\/lhivernu.com\/wp-content\/uploads\/2022\/03\/Le-Cam\u00e9l\u00e9on-menottes-Oeil-Cr\u00e9dit-Isa-Balog-300x200.jpg 300w, https:\/\/lhivernu.com\/wp-content\/uploads\/2022\/03\/Le-Cam\u00e9l\u00e9on-menottes-Oeil-Cr\u00e9dit-Isa-Balog-768x512.jpg 768w, https:\/\/lhivernu.com\/wp-content\/uploads\/2022\/03\/Le-Cam\u00e9l\u00e9on-menottes-Oeil-Cr\u00e9dit-Isa-Balog-391x260.jpg 391w, https:\/\/lhivernu.com\/wp-content\/uploads\/2022\/03\/Le-Cam\u00e9l\u00e9on-menottes-Oeil-Cr\u00e9dit-Isa-Balog-1536x1024.jpg 1536w, https:\/\/lhivernu.com\/wp-content\/uploads\/2022\/03\/Le-Cam\u00e9l\u00e9on-menottes-Oeil-Cr\u00e9dit-Isa-Balog-2048x1365.jpg 2048w, https:\/\/lhivernu.com\/wp-content\/uploads\/2022\/03\/Le-Cam\u00e9l\u00e9on-menottes-Oeil-Cr\u00e9dit-Isa-Balog-830x553.jpg 830w, https:\/\/lhivernu.com\/wp-content\/uploads\/2022\/03\/Le-Cam\u00e9l\u00e9on-menottes-Oeil-Cr\u00e9dit-Isa-Balog-230x153.jpg 230w, https:\/\/lhivernu.com\/wp-content\/uploads\/2022\/03\/Le-Cam\u00e9l\u00e9on-menottes-Oeil-Cr\u00e9dit-Isa-Balog-350x233.jpg 350w, https:\/\/lhivernu.com\/wp-content\/uploads\/2022\/03\/Le-Cam\u00e9l\u00e9on-menottes-Oeil-Cr\u00e9dit-Isa-Balog-480x320.jpg 480w\" sizes=\"(max-width: 1024px) 100vw, 1024px\" \/><\/figure>\n\n\n\n<figure class=\"wp-block-image size-large\"><img loading=\"lazy\" decoding=\"async\" width=\"1024\" height=\"768\" data-id=\"2725\" src=\"https:\/\/lhivernu.com\/wp-content\/uploads\/2022\/03\/Jean-Marc-en-for\u00eat-Cr\u00e9dit-Aur\u00e9lien-Georgeault-1024x768.jpg\" alt=\"\" class=\"wp-image-2725\" srcset=\"https:\/\/lhivernu.com\/wp-content\/uploads\/2022\/03\/Jean-Marc-en-for\u00eat-Cr\u00e9dit-Aur\u00e9lien-Georgeault-1024x768.jpg 1024w, https:\/\/lhivernu.com\/wp-content\/uploads\/2022\/03\/Jean-Marc-en-for\u00eat-Cr\u00e9dit-Aur\u00e9lien-Georgeault-300x225.jpg 300w, https:\/\/lhivernu.com\/wp-content\/uploads\/2022\/03\/Jean-Marc-en-for\u00eat-Cr\u00e9dit-Aur\u00e9lien-Georgeault-768x576.jpg 768w, https:\/\/lhivernu.com\/wp-content\/uploads\/2022\/03\/Jean-Marc-en-for\u00eat-Cr\u00e9dit-Aur\u00e9lien-Georgeault-1536x1152.jpg 1536w, https:\/\/lhivernu.com\/wp-content\/uploads\/2022\/03\/Jean-Marc-en-for\u00eat-Cr\u00e9dit-Aur\u00e9lien-Georgeault-2048x1536.jpg 2048w, https:\/\/lhivernu.com\/wp-content\/uploads\/2022\/03\/Jean-Marc-en-for\u00eat-Cr\u00e9dit-Aur\u00e9lien-Georgeault-830x623.jpg 830w, https:\/\/lhivernu.com\/wp-content\/uploads\/2022\/03\/Jean-Marc-en-for\u00eat-Cr\u00e9dit-Aur\u00e9lien-Georgeault-230x173.jpg 230w, https:\/\/lhivernu.com\/wp-content\/uploads\/2022\/03\/Jean-Marc-en-for\u00eat-Cr\u00e9dit-Aur\u00e9lien-Georgeault-350x263.jpg 350w, https:\/\/lhivernu.com\/wp-content\/uploads\/2022\/03\/Jean-Marc-en-for\u00eat-Cr\u00e9dit-Aur\u00e9lien-Georgeault-480x360.jpg 480w\" sizes=\"(max-width: 1024px) 100vw, 1024px\" \/><\/figure>\n<\/figure>\n\n\n\n<p class=\"has-very-dark-gray-color has-text-color\"><strong>Tarifs &amp; r\u00e9servations<\/strong><br>Soir\u00e9e spectacle chez l\u2019habitant :&nbsp;<strong>5\u20ac<\/strong><br>Apr\u00e8s-midi et soir\u00e9e \u00e0 la Fabrique du Viala :&nbsp;<strong>10\u20ac plein \/ 5\u20ac<\/strong>&nbsp;pour les spectateurs d\u2019une des soir\u00e9es chez l\u2019habitant<br><strong>Gratuit pour les \u2013 de 14 ans<\/strong><br><strong>Attention, jauges limit\u00e9es, r\u00e9servations obligatoires : 04 66 45 56 47&nbsp;<\/strong><\/p>\n","protected":false},"excerpt":{"rendered":"<p>2 repr\u00e9sentations scolaires, 2 soir\u00e9es spectacles chez l&rsquo;habitant, des ateliers, 1 apr\u00e8s-midi et soir\u00e9e de cl\u00f4ture \u00e0 la Fabrique du Viala Pour la seconde ann\u00e9e cons\u00e9cutive, nous organisons au mois de mars La Semaine de la Marionnette, en partenariat avec les Sc\u00e8nes Crois\u00e9es de Loz\u00e8re. Apr\u00e8s la compagnie Zusvex en 2021, nous invitons cette ann\u00e9e la compagnie Bak\u00e9lite (th\u00e9\u00e2tre d\u2019objet) pour une semaine de diffusion de leur r\u00e9pertoire de petites formes dans des lieux non d\u00e9di\u00e9s de la Vall\u00e9e du Valdonnez.\u00a0La Semaine de la Marionnette est l&rsquo;occasion de partager l&rsquo;immense richesse de cet art avec les spectateurs, ainsi que de proposer des spectacles dans des lieux non d\u00e9di\u00e9s : chez l&rsquo;habitant, dans une \u00e9cole, un foyer rural, avec un final le samedi \u00e0 la Fabrique du Viala.\u00a0 Apr\u00e8s avoir mis l\u2019accent sur la cr\u00e9ation contemporaine en direction des jeunes publics en 2021, nous souhaitons avec le compagnie Bak\u00e9lite donner la part belle \u00e0 des projets tout publics. Implant\u00e9e \u00e0 Rennes, la compagnie Bak\u00e9lite propose des spectacles accessibles \u00e0 tous, avec une attention toute particuli\u00e8re port\u00e9e au public familial, o\u00f9, de l\u2019enfant \u00e0 l\u2019adulte, chacun y trouve son compte, son plaisir, pour vivre une exp\u00e9rience partag\u00e9e. Les spectacles naissent de la [&hellip;]<\/p>\n","protected":false},"author":4,"featured_media":0,"parent":0,"menu_order":0,"comment_status":"closed","ping_status":"closed","template":"","meta":{"_themeisle_gutenberg_block_has_review":false,"footnotes":""},"class_list":["post-2719","page","type-page","status-publish","hentry"],"_links":{"self":[{"href":"https:\/\/lhivernu.com\/index.php\/wp-json\/wp\/v2\/pages\/2719","targetHints":{"allow":["GET"]}}],"collection":[{"href":"https:\/\/lhivernu.com\/index.php\/wp-json\/wp\/v2\/pages"}],"about":[{"href":"https:\/\/lhivernu.com\/index.php\/wp-json\/wp\/v2\/types\/page"}],"author":[{"embeddable":true,"href":"https:\/\/lhivernu.com\/index.php\/wp-json\/wp\/v2\/users\/4"}],"replies":[{"embeddable":true,"href":"https:\/\/lhivernu.com\/index.php\/wp-json\/wp\/v2\/comments?post=2719"}],"version-history":[{"count":12,"href":"https:\/\/lhivernu.com\/index.php\/wp-json\/wp\/v2\/pages\/2719\/revisions"}],"predecessor-version":[{"id":3663,"href":"https:\/\/lhivernu.com\/index.php\/wp-json\/wp\/v2\/pages\/2719\/revisions\/3663"}],"wp:attachment":[{"href":"https:\/\/lhivernu.com\/index.php\/wp-json\/wp\/v2\/media?parent=2719"}],"curies":[{"name":"wp","href":"https:\/\/api.w.org\/{rel}","templated":true}]}}