{"id":3269,"date":"2023-09-07T18:27:53","date_gmt":"2023-09-07T16:27:53","guid":{"rendered":"http:\/\/lhivernu.com\/?page_id=3269"},"modified":"2026-03-24T14:59:56","modified_gmt":"2026-03-24T13:59:56","slug":"articles-archives","status":"publish","type":"page","link":"https:\/\/lhivernu.com\/index.php\/a-propos\/articles-archives\/","title":{"rendered":"Articles et pages archiv\u00e9s"},"content":{"rendered":"\n<p>Cliquez sur le titre de l&rsquo;article que vous souhaitez consulter<\/p>\n\n\n\n<hr class=\"wp-block-separator has-alpha-channel-opacity\"\/>\n\n\n\n<p>2026<\/p>\n\n\n\n<ul class=\"wp-block-list\">\n<li>12\/03 <strong><a href=\"https:\/\/lhivernu.com\/index.php\/galerie-photos\/\" data-type=\"link\" data-id=\"https:\/\/lhivernu.com\/index.php\/galerie-photos\/\">La compagnie en images<\/a><\/strong><\/li>\n\n\n\n<li>12\/03 <strong><a href=\"https:\/\/lhivernu.com\/index.php\/la-fabrique-en-images\/\">La Fabrique en images<\/a><\/strong><\/li>\n\n\n\n<li>12\/03 <strong><a href=\"https:\/\/lhivernu.com\/index.php\/galeries-photos\/\">Galeries photos<\/a><\/strong><\/li>\n\n\n\n<li>12\/03 <strong><a href=\"https:\/\/lhivernu.com\/index.php\/banquet-doctobre-2023\/\" data-type=\"link\" data-id=\"https:\/\/lhivernu.com\/index.php\/banquet-doctobre-2023\/\">Banquet d&rsquo;octobre 2023<\/a><\/strong><\/li>\n\n\n\n<li>12\/03 <a href=\"https:\/\/lhivernu.com\/index.php\/newsletters\/\"><strong>Newsletters<\/strong><\/a><\/li>\n<\/ul>\n\n\n\n<p><strong>2025<\/strong><\/p>\n\n\n\n<ul class=\"wp-block-list\">\n<li>11\/11 <strong><a href=\"https:\/\/lhivernu.com\/index.php\/2025\/09\/25\/en-tournee-humble-humus-11-et-14-novembre-2025\/\" data-type=\"link\" data-id=\"https:\/\/lhivernu.com\/index.php\/2025\/09\/25\/en-tournee-humble-humus-11-et-14-novembre-2025\/\">EN TOURN\u00c9E \u2013 Humble Humus de l\u2019hiver nu \u2013 11 et 14 novembre 2025<\/a><\/strong><\/li>\n\n\n\n<li>17\/10 <strong><a href=\"https:\/\/lhivernu.com\/index.php\/2025\/09\/25\/a-la-fabrique-banquet-acces-libre-17-et-18-novembre-2025\/\" data-type=\"link\" data-id=\"https:\/\/lhivernu.com\/index.php\/2025\/09\/25\/a-la-fabrique-banquet-acces-libre-17-et-18-novembre-2025\/\">A LA FABRIQUE \u2013 Banquet Acc\u00e8s libre \u2013 17 et 18 octobre 2025<\/a><\/strong><\/li>\n\n\n\n<li>11\/10 <a href=\"https:\/\/lhivernu.com\/index.php\/2025\/09\/25\/a-la-fabrique-la-fete-paysanne-48-par-la-conf-48-11-octobre-2025\/\" data-type=\"link\" data-id=\"https:\/\/lhivernu.com\/index.php\/2025\/09\/25\/a-la-fabrique-la-fete-paysanne-48-par-la-conf-48-11-octobre-2025\/\"><strong>A LA FABRIQUE \u2013 F\u00eate paysanne par la conf\u2019 48 \u2013 11 octobre 2025<\/strong><\/a><\/li>\n\n\n\n<li>20\/09 <strong><a href=\"https:\/\/lhivernu.com\/index.php\/2025\/09\/25\/a-la-fabrique-banquet-de-rentree-tartuffe-20-et-21-septembre-2025\/\" data-type=\"link\" data-id=\"https:\/\/lhivernu.com\/index.php\/2025\/09\/25\/a-la-fabrique-banquet-de-rentree-tartuffe-20-et-21-septembre-2025\/\">A LA FABRIQUE &#8211; Banquet de rentr\u00e9e &#8211; Tartuffe &#8211; 20 et 21 sept 2025<\/a><\/strong><\/li>\n\n\n\n<li>14\/08 <a href=\"https:\/\/lhivernu.com\/index.php\/2025\/07\/09\/a-la-fabrique-stage-theatre-et-performance-14-au-18-aout-2025\/\" data-type=\"link\" data-id=\"https:\/\/lhivernu.com\/index.php\/2025\/07\/09\/a-la-fabrique-stage-theatre-et-performance-14-au-18-aout-2025\/\"><strong>A LA FABRIQUE \u2013 Stage th\u00e9\u00e2tre et performance \u2013 14 au 18 ao\u00fbt 2025<\/strong><\/a><\/li>\n\n\n\n<li>13\/06<strong> <a href=\"https:\/\/lhivernu.com\/index.php\/2025\/01\/30\/creation-en-tournee-dialogues-des-plantes-13-et-29-juin-2025\/\">EN TOURN\u00c9E &#8211; Dialogues des Plantes &#8211; 13 et 29 juin 2025<\/a><\/strong><\/li>\n\n\n\n<li>07\/06 <a href=\"https:\/\/lhivernu.com\/index.php\/2025\/05\/30\/a-la-fabrique-mon-ptit-doigt-ma-dit-07-et-08-juin-2025\/\" data-type=\"link\" data-id=\"https:\/\/lhivernu.com\/index.php\/2025\/05\/30\/a-la-fabrique-mon-ptit-doigt-ma-dit-07-et-08-juin-2025\/\"><strong>A LA FABRIQUE \u2013 Mon p\u2019tit doigt m\u2019a dit \u2013 07 et 08 juin 2025<\/strong><\/a><\/li>\n\n\n\n<li>10\/05 <a href=\"https:\/\/lhivernu.com\/index.php\/2025\/05\/02\/a-la-fabrique-banquet-de-mai-10-mai-2025\/\" data-type=\"link\" data-id=\"https:\/\/lhivernu.com\/index.php\/2025\/05\/02\/a-la-fabrique-banquet-de-mai-10-mai-2025\/\"><strong>A LA FABRIQUE &#8211; Ban<\/strong><\/a><a href=\"https:\/\/lhivernu.com\/index.php\/2025\/05\/02\/a-la-fabrique-banquet-de-mai-10-mai-2025\/\"><strong>quet de mai \/ avec la Cie Vague &#8211; 10 mai 2025<\/strong><\/a><\/li>\n\n\n\n<li>12\/04 <a href=\"https:\/\/lhivernu.com\/index.php\/2025\/04\/08\/a-la-fabrique-banquet-nucleaire-12-avril-2025\/\"><strong>A LA FABRIQUE \u2013 Banquet d\u2019avril \/ Nucl\u00e9aire \u2013 12 avril 2025<\/strong><\/a><\/li>\n\n\n\n<li>17\/03 <a href=\"https:\/\/lhivernu.com\/index.php\/2025\/02\/17\/a-la-fabrique-banquet-semaine-de-la-marionnette-17-22-mars-2025\/\"><strong>A LA FABRIQUE \u2013 Banquet Semaine de la marionnette \u2013 17 au 22 mars 2025<\/strong><\/a><\/li>\n\n\n\n<li>07\/03 <strong><a href=\"https:\/\/lhivernu.com\/index.php\/2025\/03\/13\/a-la-une-de-midi-libre-banquet-sans-frontiere-du-07-mars-2025\/\" data-type=\"link\" data-id=\"https:\/\/lhivernu.com\/index.php\/2025\/03\/13\/a-la-une-de-midi-libre-banquet-sans-frontiere-du-07-mars-2025\/\">LA UNE DE MIDI LIBRE &#8211; Banquet sans fronti\u00e8re du 07 mars 2025<\/a><\/strong><\/li>\n\n\n\n<li>01\/03<strong> <a href=\"https:\/\/lhivernu.com\/index.php\/2025\/01\/20\/banquet-sans-frontieres-2\/\">A LA FABRIQUE \u2013 Banquet Sans fronti\u00e8res \u2013 REPORT 01 MARS 2025<\/a><\/strong><\/li>\n<\/ul>\n\n\n\n<p><strong>2024<\/strong><\/p>\n\n\n\n<ul class=\"wp-block-list\">\n<li>07\/12 <strong><a href=\"https:\/\/lhivernu.com\/index.php\/2024\/11\/21\/ecrire-aux-milieux\/\">A LA FABRIQUE \u2013 Banquet \u00c9crire aux milieux \u2013 07 d\u00e9cembre 2024<\/a><\/strong><\/li>\n\n\n\n<li>05\/11 <a href=\"https:\/\/lhivernu.com\/index.php\/2024\/11\/08\/acces-libre\/\"><strong>A LA FABRIQUE &#8211; Banquet Acc\u00e8s libre &#8211; 05 au 09 novembre 2024<\/strong><\/a><\/li>\n\n\n\n<li style=\"text-transform:lowercase\">03\/10 <a href=\"https:\/\/lhivernu.com\/index.php\/2024\/09\/24\/rencontres-du-post-urbain\/\"><strong>A LA FABRIQUE &#8211; Banquet Rencontres du post-urbain &#8211; 03 au 05 octobre 2024<\/strong><\/a><\/li>\n\n\n\n<li style=\"text-transform:lowercase\">05\/09 <a href=\"https:\/\/lhivernu.com\/index.php\/2024\/09\/05\/les-ateliers-2024-2025\/\" data-type=\"link\" data-id=\"https:\/\/lhivernu.com\/index.php\/2024\/09\/05\/les-ateliers-2024-2025\/\"><strong>A LA FABRIQUE \u2013 Atelier th\u00e9\u00e2tres et Atelier Feldenkrais \u2013 sept 2024 \u00e0 juin 2025<\/strong><\/a><\/li>\n\n\n\n<li style=\"text-transform:lowercase\">01\/08 <a href=\"https:\/\/lhivernu.com\/index.php\/2024\/05\/06\/stage-de-theatre-en-aout-sur-reservation\/\" data-type=\"link\" data-id=\"https:\/\/lhivernu.com\/index.php\/2024\/05\/06\/stage-de-theatre-en-aout-sur-reservation\/\"><strong>Stage de th\u00e9\u00e2tre en Aout sur r\u00e9servation<\/strong><\/a><\/li>\n\n\n\n<li style=\"text-transform:lowercase\">29\/06 <strong><a href=\"https:\/\/lhivernu.com\/index.php\/2024\/05\/03\/dialogues-des-plantes-reporte-au-29-ou-30-juin\/\" data-type=\"link\" data-id=\"https:\/\/lhivernu.com\/index.php\/2024\/05\/03\/dialogues-des-plantes-reporte-au-29-ou-30-juin\/\">Dialogues des plantes le 29 Juin \u00e0 17h<\/a><\/strong><\/li>\n\n\n\n<li style=\"text-transform:lowercase\">15\/06 <a href=\"https:\/\/lhivernu.com\/index.php\/2024\/05\/06\/a-venir-en-juin\/\"><strong>\u00e0 venir en juin<\/strong><\/a><\/li>\n\n\n\n<li style=\"text-transform:lowercase\">21\/02 <strong><a href=\"https:\/\/lhivernu.com\/wp-admin\/post.php?post=3937&amp;action=edit\">RESIDENCE DE SOULIERS DE SABLE<\/a><\/strong><\/li>\n\n\n\n<li style=\"text-transform:lowercase\">21\/02 <a href=\"https:\/\/lhivernu.com\/index.php\/2024\/02\/21\/1823-mars-semaine-de-la-marionnette\/\"><strong>SEMAINE DE LA MARIONNETTE ET DES FORMES ANIM\u00c9ES<\/strong><\/a><\/li>\n\n\n\n<li>01\/02 <a href=\"https:\/\/lhivernu.com\/index.php\/2024\/02\/01\/banquet-sans-frontieres\/\"><strong>Banquet sans fronti\u00e8res<\/strong><\/a><\/li>\n\n\n\n<li>29\/01 <strong><a href=\"https:\/\/lhivernu.com\/index.php\/2024\/01\/29\/nos-voeux-pour-2024\/\">Nos v\u0153ux pour 2024<\/a><\/strong><\/li>\n\n\n\n<li>07\/01 <a href=\"https:\/\/lhivernu.com\/index.php\/2023\/12\/07\/les-prochains-stages\/\"><strong>Les stages qui approchent<\/strong><\/a><\/li>\n<\/ul>\n\n\n\n<p><strong>2023<\/strong><\/p>\n\n\n\n<ul class=\"wp-block-list\">\n<li>07\/12 <a href=\"https:\/\/lhivernu.com\/index.php\/2023\/12\/07\/les-ateliers-de-decembre\/\"><strong>Les ateliers de d\u00e9cembre<\/strong><\/a><\/li>\n\n\n\n<li>21\/11 <a href=\"https:\/\/lhivernu.com\/index.php\/2023\/11\/21\/la-recolte-dautomne-en-image\/\" data-type=\"link\" data-id=\"https:\/\/lhivernu.com\/index.php\/2023\/11\/21\/la-recolte-dautomne-en-image\/\"><strong>EN TOURN\u00c9E &#8211; Teaser &#8211; Dialogues des plantes<\/strong><\/a><\/li>\n\n\n\n<li>16\/11 <a href=\"https:\/\/lhivernu.com\/index.php\/2023\/11\/16\/bruits-blancs-13\/\"><strong>Bruits Blancs<\/strong><\/a><\/li>\n\n\n\n<li>20\/11 <a href=\"https:\/\/lhivernu.com\/index.php\/2023\/11\/20\/on-joue-soulier-des-sables-le-2-decembre-a-port-vendres\/\"><strong>On joue Soulier de Sable le 2 D\u00e9cembre \u00e0 Port-vendres<\/strong><\/a><\/li>\n\n\n\n<li>16\/10 <a href=\"https:\/\/lhivernu.com\/index.php\/2023\/10\/16\/a-vos-agendas-acces-libre-le-10-11-novembre\/\"><strong>acces-libre-le-10-11-novembre<\/strong><\/a><\/li>\n\n\n\n<li>29\/09 <a class=\"ek-link\" href=\"https:\/\/lhivernu.com\/index.php\/2023\/09\/29\/atelier-ados-marionnettes\/\"><strong>Atelier Ados \u00ab\u00a0Habiles solidarit\u00e9s\u00a0\u00bb<\/strong><\/a><\/li>\n\n\n\n<li>14\/09 <a href=\"https:\/\/lhivernu.com\/index.php\/2023\/09\/14\/a-vos-agenda-le-samedi-14-octobre\/\" class=\"ek-link\"><strong>Premier Banquet<\/strong><\/a><\/li>\n\n\n\n<li>07\/09 <a href=\"https:\/\/lhivernu.com\/index.php\/2023\/09\/07\/dialogues-des-plantes-prochaines-representations-le-17-septembre-et-le-08-octobre\/\" class=\"ek-link\"><strong>Dialogues des plantes \/ Prochaines repr\u00e9sentations le 17 septembre et le 08 octobre<\/strong><\/a><\/li>\n\n\n\n<li>07\/09 <strong><a href=\"https:\/\/lhivernu.com\/index.php\/2023\/09\/07\/profitez-des-ateliers-2023-2024\/\" class=\"ek-link\">Profitez des ateliers 2023-2024<\/a><\/strong><\/li>\n\n\n\n<li>26\/06 <a href=\"https:\/\/lhivernu.com\/index.php\/2023\/06\/26\/lhiver-nu-recrute\/\"><strong>L&rsquo;Hiver Nu Recrute<\/strong><\/a><\/li>\n\n\n\n<li>01\/06 <a href=\"https:\/\/lhivernu.com\/index.php\/2023\/06\/01\/dialogues-des-plantes\/\"><strong>Dialogue des plantes<\/strong><\/a><\/li>\n\n\n\n<li>01\/06 <strong><a href=\"https:\/\/lhivernu.com\/index.php\/2023\/06\/01\/les-causeries-a-travers-les-parcs-du-massif-central-saison2-le-nombril-du-monde-le-09-juin-a-partir-de-18h30-fabrique-theatrale-du-viala-parc-national-des-cevennes-grin\/\" class=\"ek-link\">les-causeries-a-travers-les-parcs-du-massif-central-saison2-le-nombril-du-monde<\/a><\/strong><\/li>\n\n\n\n<li>27\/04 <strong><a href=\"https:\/\/lhivernu.com\/index.php\/2023\/04\/27\/joie-de-reprendre-sauvage-ou-les-enfants-du-fleuve\/\" class=\"ek-link\">Joie de reprendre Sauvage ou les enfants du fleuve dans la ville Rose !<\/a><\/strong><\/li>\n\n\n\n<li>25\/04 <strong><a href=\"https:\/\/lhivernu.com\/index.php\/2023\/04\/25\/mon-ptit-doigt-ma-dit-2023\/\">Mon p\u2019tit doigt m\u2019a dit 2023<\/a><\/strong><\/li>\n\n\n\n<li>22\/02 <strong><a href=\"https:\/\/lhivernu.com\/index.php\/2023\/02\/22\/un-bien-beau-banquet\/\" class=\"ek-link\">Un Bien Beau Banquet<\/a><\/strong><\/li>\n\n\n\n<li>13\/02 <strong><a href=\"https:\/\/lhivernu.com\/index.php\/2023\/02\/13\/stage-de-theatre-enfants-ados\/\" class=\"ek-link\">Stage de th\u00e9\u00e2tre enfants\/ados<\/a><\/strong><\/li>\n\n\n\n<li>13\/02 <strong><a href=\"https:\/\/lhivernu.com\/index.php\/2023\/02\/13\/banquet-dhiver\/\">Banquet d&rsquo;hiver<\/a><\/strong><\/li>\n\n\n\n<li>17\/01 <strong><a href=\"https:\/\/lhivernu.com\/index.php\/2023\/01\/17\/3108\/\">2023<\/a><\/strong><\/li>\n\n\n\n<li>09\/01 <strong><a href=\"https:\/\/lhivernu.com\/index.php\/2023\/01\/09\/ag-de-la-compagnie-samedi-14-janvier\/\">AG de la compagnie samedi 14 janvier<\/a><\/strong><\/li>\n\n\n\n<li>02\/01<strong> <a href=\"https:\/\/lhivernu.com\/index.php\/2023\/01\/02\/le-jardin-de-personne-de-karin-serres-creation-avec-9-collegiens\/\">Le jardin de Personne de Karin Serres, cr\u00e9ation avec 9 coll\u00e9giens<\/a><\/strong><\/li>\n<\/ul>\n\n\n\n<p><strong>2022<\/strong><\/p>\n\n\n\n<ul class=\"wp-block-list\">\n<li>22\/06 <strong><a href=\"https:\/\/lhivernu.com\/index.php\/2022\/06\/22\/offre-volontariat-en-service-civique-saison-22-23\/\" class=\"ek-link\">OFFRE &#8211; Volontariat en Service civique Saison 22-23<\/a><\/strong><\/li>\n<\/ul>\n\n\n\n<p><strong>2021<\/strong><\/p>\n\n\n\n<ul class=\"wp-block-list\">\n<li>09\/10 <a href=\"https:\/\/lhivernu.com\/index.php\/banquet-dhiver\/\" class=\"ek-link\"><strong>Banquet d&rsquo;hiver<\/strong><\/a><\/li>\n<\/ul>\n\n\n\n<p><strong>2020<\/strong><\/p>\n\n\n\n<ul class=\"wp-block-list\">\n<li>12\/06 <a href=\"https:\/\/lhivernu.com\/index.php\/journal-de-bord\/\" class=\"ek-link\"><strong>Journal de bord<\/strong><\/a><\/li>\n<\/ul>\n","protected":false},"excerpt":{"rendered":"<p>Cliquez sur le titre de l&rsquo;article que vous souhaitez consulter 2026 2025 2024 2023 2022 2021 2020<\/p>\n","protected":false},"author":4,"featured_media":0,"parent":944,"menu_order":0,"comment_status":"closed","ping_status":"closed","template":"","meta":{"_themeisle_gutenberg_block_has_review":false,"footnotes":""},"class_list":["post-3269","page","type-page","status-publish","hentry"],"_links":{"self":[{"href":"https:\/\/lhivernu.com\/index.php\/wp-json\/wp\/v2\/pages\/3269","targetHints":{"allow":["GET"]}}],"collection":[{"href":"https:\/\/lhivernu.com\/index.php\/wp-json\/wp\/v2\/pages"}],"about":[{"href":"https:\/\/lhivernu.com\/index.php\/wp-json\/wp\/v2\/types\/page"}],"author":[{"embeddable":true,"href":"https:\/\/lhivernu.com\/index.php\/wp-json\/wp\/v2\/users\/4"}],"replies":[{"embeddable":true,"href":"https:\/\/lhivernu.com\/index.php\/wp-json\/wp\/v2\/comments?post=3269"}],"version-history":[{"count":49,"href":"https:\/\/lhivernu.com\/index.php\/wp-json\/wp\/v2\/pages\/3269\/revisions"}],"predecessor-version":[{"id":5353,"href":"https:\/\/lhivernu.com\/index.php\/wp-json\/wp\/v2\/pages\/3269\/revisions\/5353"}],"up":[{"embeddable":true,"href":"https:\/\/lhivernu.com\/index.php\/wp-json\/wp\/v2\/pages\/944"}],"wp:attachment":[{"href":"https:\/\/lhivernu.com\/index.php\/wp-json\/wp\/v2\/media?parent=3269"}],"curies":[{"name":"wp","href":"https:\/\/api.w.org\/{rel}","templated":true}]}}