{"id":3328,"date":"2023-09-08T14:01:11","date_gmt":"2023-09-08T12:01:11","guid":{"rendered":"http:\/\/lhivernu.com\/?page_id=3328"},"modified":"2026-04-16T11:30:37","modified_gmt":"2026-04-16T09:30:37","slug":"dialogues-des-plantes","status":"publish","type":"page","link":"https:\/\/lhivernu.com\/index.php\/dialogues-des-plantes\/","title":{"rendered":"Dialogues des plantes"},"content":{"rendered":"\t\t<div data-elementor-type=\"wp-page\" data-elementor-id=\"3328\" class=\"elementor elementor-3328\">\n\t\t\t\t\t\t<section class=\"elementor-section elementor-top-section elementor-element elementor-element-30b77bfe elementor-section-boxed elementor-section-height-default elementor-section-height-default\" data-id=\"30b77bfe\" data-element_type=\"section\" data-e-type=\"section\">\n\t\t\t\t\t\t<div class=\"elementor-container elementor-column-gap-default\">\n\t\t\t\t\t<div class=\"elementor-column elementor-col-100 elementor-top-column elementor-element elementor-element-1dd16687\" data-id=\"1dd16687\" data-element_type=\"column\" data-e-type=\"column\">\n\t\t\t<div class=\"elementor-widget-wrap elementor-element-populated\">\n\t\t\t\t\t\t<div class=\"elementor-element elementor-element-1f22b12b elementor-widget elementor-widget-text-editor\" data-id=\"1f22b12b\" data-element_type=\"widget\" data-e-type=\"widget\" data-widget_type=\"text-editor.default\">\n\t\t\t\t<div class=\"elementor-widget-container\">\n\t\t\t\t\t\t\t\t\t\n<h6 class=\"wp-block-heading\">Exp\u00e9riences th\u00e9\u00e2trales pour entrer en relation avec les Herbes qui nous entourent<\/h6>\n\n<p class=\"has-vivid-cyan-blue-color has-text-color\" style=\"font-size: 30px;\"><strong>Cr\u00e9ation 2023<\/strong><\/p>\n\n<figure class=\"wp-block-image alignleft size-large\"><a href=\"https:\/\/lhivernu.com\/wp-content\/uploads\/2023\/09\/Dialogues_des_Plantes_LEspinas_Pierre_\u00a9L.Cadeac_HD-1-scaled.jpg\"><img fetchpriority=\"high\" decoding=\"async\" class=\"alignnone wp-image-3339\" src=\"https:\/\/lhivernu.com\/wp-content\/uploads\/2023\/09\/Dialogues_des_Plantes_LEspinas_Pierre_\u00a9L.Cadeac_HD-1-1024x683.jpg\" alt=\"\" width=\"1024\" height=\"683\" srcset=\"https:\/\/lhivernu.com\/wp-content\/uploads\/2023\/09\/Dialogues_des_Plantes_LEspinas_Pierre_\u00a9L.Cadeac_HD-1-1024x683.jpg 1024w, https:\/\/lhivernu.com\/wp-content\/uploads\/2023\/09\/Dialogues_des_Plantes_LEspinas_Pierre_\u00a9L.Cadeac_HD-1-300x200.jpg 300w, https:\/\/lhivernu.com\/wp-content\/uploads\/2023\/09\/Dialogues_des_Plantes_LEspinas_Pierre_\u00a9L.Cadeac_HD-1-768x512.jpg 768w, https:\/\/lhivernu.com\/wp-content\/uploads\/2023\/09\/Dialogues_des_Plantes_LEspinas_Pierre_\u00a9L.Cadeac_HD-1-391x260.jpg 391w, https:\/\/lhivernu.com\/wp-content\/uploads\/2023\/09\/Dialogues_des_Plantes_LEspinas_Pierre_\u00a9L.Cadeac_HD-1-1536x1024.jpg 1536w, https:\/\/lhivernu.com\/wp-content\/uploads\/2023\/09\/Dialogues_des_Plantes_LEspinas_Pierre_\u00a9L.Cadeac_HD-1-2048x1365.jpg 2048w, https:\/\/lhivernu.com\/wp-content\/uploads\/2023\/09\/Dialogues_des_Plantes_LEspinas_Pierre_\u00a9L.Cadeac_HD-1-830x553.jpg 830w, https:\/\/lhivernu.com\/wp-content\/uploads\/2023\/09\/Dialogues_des_Plantes_LEspinas_Pierre_\u00a9L.Cadeac_HD-1-230x153.jpg 230w, https:\/\/lhivernu.com\/wp-content\/uploads\/2023\/09\/Dialogues_des_Plantes_LEspinas_Pierre_\u00a9L.Cadeac_HD-1-350x233.jpg 350w, https:\/\/lhivernu.com\/wp-content\/uploads\/2023\/09\/Dialogues_des_Plantes_LEspinas_Pierre_\u00a9L.Cadeac_HD-1-480x320.jpg 480w\" sizes=\"(max-width: 1024px) 100vw, 1024px\" \/><\/a><\/figure>\n\n<div class=\"wp-block-spacer\" style=\"height: 18px;\" aria-hidden=\"true\">\u00a0<\/div>\n\n<p><strong>Conception, jeu et manipulation :<\/strong> Claire Perraudeau et Baptiste Etard<br \/><strong>Avec les voix de : <\/strong>Pierre Bernert, Laur\u00e9lie Riffault, Claire Perraudeau et Baptiste Etard<br \/><strong>Accompagnement \u00e0 la dramaturgie : <\/strong>Barbara M\u00e9tais-Chastanier et Mathias Brossard<br \/><strong>Musique : <\/strong>Jean Poinsignon<br \/><strong>Montage son :<\/strong> Pierre Bernert<br \/><strong>Sc\u00e9nographie et construction : <\/strong>Baptiste Etard, Alma Roccella, Laur\u00e9lie Riffault, Nathalie Massenet<\/p>\n\n<p class=\"has-vivid-cyan-blue-color has-text-color\" style=\"font-size: 24px;\"><strong>R\u00e9sum\u00e9<\/strong><\/p>\n\n<p>Et si notre th\u00e9\u00e2tre, aujourd\u2019hui, devenait le lieu o\u00f9 se joue une attention collective des humains \u00e0 l\u2019ensemble du vivant ?<br \/>Le temps d\u2019une exploration th\u00e9\u00e2trale en milieu naturel, nous invitons le public \u00e0 se laisser toucher, apostropher, par les \u00eatres v\u00e9g\u00e9taux qui les entourent.<br \/>Apr\u00e8s avoir offert une tisane un peu magique aux spectateurs, nous leur proposons de nous suivre \u00e0 la rencontre de deux \u00eatres v\u00e9g\u00e9taux qui nous ont touch\u00e9s. Ces \u00eatres v\u00e9g\u00e9taux sont diff\u00e9rents selon chaque lieu de repr\u00e9sentation, et ils sont mis en sc\u00e8ne par le biais du th\u00e9\u00e2tre d\u2019objet et de la po\u00e9sie. En fin de parcours, un dispositif sonore donne voix \u00e0 une assembl\u00e9e v\u00e9g\u00e9tale qui s\u2019adresse aux humains avec humour et acidit\u00e9.<br \/>Tout \u00e0 la fois rite collectif et com\u00e9die v\u00e9g\u00e9tale, Dialogues des plantes est l\u2019occasion de r\u00e9-interroger ensemble les liens que nous, \u00eatres humains, pouvons tisser avec les \u00eatres v\u00e9g\u00e9taux qui composent nos milieux.<br \/>Cette proposition est une plong\u00e9e dans la m\u00e9moire v\u00e9g\u00e9tale des interpr\u00e8tes et du public. Elle \u00e9volue et se m\u00e9tamorphose en fonction des lieux, des biotopes dans lesquels elle prend forme.<br \/>C\u2019est une balade en territoire sensible qui vient interroger et renouveler notre relation intime aux plantes, celles avec lesquelles nous vivons \u2013 nos compagnes \u2013 comme celles cach\u00e9es au bord du chemin, inconnues ou oubli\u00e9es.<br \/>C\u2019est un po\u00e8me, parfois dit au creux de l\u2019oreille, mais aussi cri\u00e9 du haut d\u2019une montagne, en plein milieu d\u2019une rue ou d\u2019une for\u00eat.<br \/>\u00c0 l\u2019image des rituels \u00e0 la limite du magique qui nous aident \u00e0 traverser les moments de doute, Dialogues des plantes cherche \u00e0 rendre possible la joie de la rencontre avec les \u00eatres v\u00e9g\u00e9taux.<\/p>\n\n<div class=\"wp-block-spacer\" style=\"height: 25px;\" aria-hidden=\"true\">\u00a0<\/div>\n\n<figure class=\"wp-block-video\"><video style=\"aspect-ratio: 1280 \/ 720;\" src=\"https:\/\/lhivernu.com\/wp-content\/uploads\/2023\/12\/Dialogues-des-plantes-_-recolte-dautomne.mp4\" poster=\"https:\/\/lhivernu.com\/wp-content\/uploads\/2023\/09\/Dialogue-Plantes-1_\u00a9L.Cadeac_HD-2-scaled-e1702033756701.jpg\" controls=\"controls\" width=\"1280\" height=\"720\"><\/video><\/figure>\n\n<div class=\"wp-block-spacer\" style=\"height: 22px;\" aria-hidden=\"true\">\u00a0<\/div>\n\n<figure class=\"wp-block-gallery has-nested-images columns-default is-cropped wp-block-gallery-2 is-layout-flex wp-block-gallery-is-layout-flex\">\n<figure class=\"wp-block-image size-large\"><a href=\"https:\/\/lhivernu.com\/wp-content\/uploads\/2023\/09\/Dialogue_des_Plantes-3_\u00a9L.Cadeac_HD-1-scaled.jpg\"><img decoding=\"async\" data-id=\"3468\" class=\"alignnone wp-image-3468\" src=\"https:\/\/lhivernu.com\/wp-content\/uploads\/2023\/09\/Dialogue_des_Plantes-3_\u00a9L.Cadeac_HD-1-683x1024.jpg\" alt=\"\" width=\"683\" height=\"1024\" srcset=\"https:\/\/lhivernu.com\/wp-content\/uploads\/2023\/09\/Dialogue_des_Plantes-3_\u00a9L.Cadeac_HD-1-683x1024.jpg 683w, https:\/\/lhivernu.com\/wp-content\/uploads\/2023\/09\/Dialogue_des_Plantes-3_\u00a9L.Cadeac_HD-1-200x300.jpg 200w, https:\/\/lhivernu.com\/wp-content\/uploads\/2023\/09\/Dialogue_des_Plantes-3_\u00a9L.Cadeac_HD-1-768x1152.jpg 768w, https:\/\/lhivernu.com\/wp-content\/uploads\/2023\/09\/Dialogue_des_Plantes-3_\u00a9L.Cadeac_HD-1-1024x1536.jpg 1024w, https:\/\/lhivernu.com\/wp-content\/uploads\/2023\/09\/Dialogue_des_Plantes-3_\u00a9L.Cadeac_HD-1-1365x2048.jpg 1365w, https:\/\/lhivernu.com\/wp-content\/uploads\/2023\/09\/Dialogue_des_Plantes-3_\u00a9L.Cadeac_HD-1-830x1245.jpg 830w, https:\/\/lhivernu.com\/wp-content\/uploads\/2023\/09\/Dialogue_des_Plantes-3_\u00a9L.Cadeac_HD-1-230x345.jpg 230w, https:\/\/lhivernu.com\/wp-content\/uploads\/2023\/09\/Dialogue_des_Plantes-3_\u00a9L.Cadeac_HD-1-350x525.jpg 350w, https:\/\/lhivernu.com\/wp-content\/uploads\/2023\/09\/Dialogue_des_Plantes-3_\u00a9L.Cadeac_HD-1-480x720.jpg 480w, https:\/\/lhivernu.com\/wp-content\/uploads\/2023\/09\/Dialogue_des_Plantes-3_\u00a9L.Cadeac_HD-1-scaled.jpg 1707w\" sizes=\"(max-width: 683px) 100vw, 683px\" \/><\/a><\/figure>\n\n<figure class=\"wp-block-image size-large\"><a href=\"https:\/\/lhivernu.com\/wp-content\/uploads\/2023\/09\/Dialogues_des_Plantes_LEspinas_Hysope_\u00a9L.Cadeac_HD-2-scaled.jpg\"><img decoding=\"async\" data-id=\"3470\" class=\"alignnone wp-image-3470\" src=\"https:\/\/lhivernu.com\/wp-content\/uploads\/2023\/09\/Dialogues_des_Plantes_LEspinas_Hysope_\u00a9L.Cadeac_HD-2-683x1024.jpg\" alt=\"\" width=\"683\" height=\"1024\" srcset=\"https:\/\/lhivernu.com\/wp-content\/uploads\/2023\/09\/Dialogues_des_Plantes_LEspinas_Hysope_\u00a9L.Cadeac_HD-2-683x1024.jpg 683w, https:\/\/lhivernu.com\/wp-content\/uploads\/2023\/09\/Dialogues_des_Plantes_LEspinas_Hysope_\u00a9L.Cadeac_HD-2-200x300.jpg 200w, https:\/\/lhivernu.com\/wp-content\/uploads\/2023\/09\/Dialogues_des_Plantes_LEspinas_Hysope_\u00a9L.Cadeac_HD-2-768x1152.jpg 768w, https:\/\/lhivernu.com\/wp-content\/uploads\/2023\/09\/Dialogues_des_Plantes_LEspinas_Hysope_\u00a9L.Cadeac_HD-2-scaled.jpg 1707w\" sizes=\"(max-width: 683px) 100vw, 683px\" \/><\/a><\/figure>\n\n<figure class=\"wp-block-image size-large\"><a href=\"https:\/\/lhivernu.com\/wp-content\/uploads\/2023\/09\/Dialogues_des_Plantes_LEspinas_Jumelles_\u00a9L.Cadeac_HD-1-scaled-e1758899113364.jpg\"><img loading=\"lazy\" decoding=\"async\" data-id=\"3471\" class=\"alignnone wp-image-3471\" src=\"https:\/\/lhivernu.com\/wp-content\/uploads\/2023\/09\/Dialogues_des_Plantes_LEspinas_Jumelles_\u00a9L.Cadeac_HD-1-scaled-e1758899113364-547x1024.jpg\" alt=\"\" width=\"547\" height=\"1024\" srcset=\"https:\/\/lhivernu.com\/wp-content\/uploads\/2023\/09\/Dialogues_des_Plantes_LEspinas_Jumelles_\u00a9L.Cadeac_HD-1-scaled-e1758899113364-547x1024.jpg 547w, https:\/\/lhivernu.com\/wp-content\/uploads\/2023\/09\/Dialogues_des_Plantes_LEspinas_Jumelles_\u00a9L.Cadeac_HD-1-scaled-e1758899113364-160x300.jpg 160w, https:\/\/lhivernu.com\/wp-content\/uploads\/2023\/09\/Dialogues_des_Plantes_LEspinas_Jumelles_\u00a9L.Cadeac_HD-1-scaled-e1758899113364-768x1437.jpg 768w, https:\/\/lhivernu.com\/wp-content\/uploads\/2023\/09\/Dialogues_des_Plantes_LEspinas_Jumelles_\u00a9L.Cadeac_HD-1-scaled-e1758899113364-230x430.jpg 230w, https:\/\/lhivernu.com\/wp-content\/uploads\/2023\/09\/Dialogues_des_Plantes_LEspinas_Jumelles_\u00a9L.Cadeac_HD-1-scaled-e1758899113364-350x655.jpg 350w, https:\/\/lhivernu.com\/wp-content\/uploads\/2023\/09\/Dialogues_des_Plantes_LEspinas_Jumelles_\u00a9L.Cadeac_HD-1-scaled-e1758899113364-480x898.jpg 480w, https:\/\/lhivernu.com\/wp-content\/uploads\/2023\/09\/Dialogues_des_Plantes_LEspinas_Jumelles_\u00a9L.Cadeac_HD-1-scaled-e1758899113364.jpg 793w\" sizes=\"(max-width: 547px) 100vw, 547px\" \/><\/a><\/figure>\n\n<figure class=\"wp-block-image size-large\"><a href=\"https:\/\/lhivernu.com\/wp-content\/uploads\/2023\/09\/Dialogue-Plantes-2_-\u00a9L.Cadeac_HD-2-scaled.jpg\"><img loading=\"lazy\" decoding=\"async\" data-id=\"3473\" class=\"alignnone wp-image-3473\" src=\"https:\/\/lhivernu.com\/wp-content\/uploads\/2023\/09\/Dialogue-Plantes-2_-\u00a9L.Cadeac_HD-2-1024x683.jpg\" alt=\"\" width=\"1024\" height=\"683\" srcset=\"https:\/\/lhivernu.com\/wp-content\/uploads\/2023\/09\/Dialogue-Plantes-2_-\u00a9L.Cadeac_HD-2-1024x683.jpg 1024w, https:\/\/lhivernu.com\/wp-content\/uploads\/2023\/09\/Dialogue-Plantes-2_-\u00a9L.Cadeac_HD-2-300x200.jpg 300w, https:\/\/lhivernu.com\/wp-content\/uploads\/2023\/09\/Dialogue-Plantes-2_-\u00a9L.Cadeac_HD-2-768x512.jpg 768w, https:\/\/lhivernu.com\/wp-content\/uploads\/2023\/09\/Dialogue-Plantes-2_-\u00a9L.Cadeac_HD-2-391x260.jpg 391w, https:\/\/lhivernu.com\/wp-content\/uploads\/2023\/09\/Dialogue-Plantes-2_-\u00a9L.Cadeac_HD-2-1536x1024.jpg 1536w, https:\/\/lhivernu.com\/wp-content\/uploads\/2023\/09\/Dialogue-Plantes-2_-\u00a9L.Cadeac_HD-2-2048x1365.jpg 2048w, https:\/\/lhivernu.com\/wp-content\/uploads\/2023\/09\/Dialogue-Plantes-2_-\u00a9L.Cadeac_HD-2-830x553.jpg 830w, https:\/\/lhivernu.com\/wp-content\/uploads\/2023\/09\/Dialogue-Plantes-2_-\u00a9L.Cadeac_HD-2-230x153.jpg 230w, https:\/\/lhivernu.com\/wp-content\/uploads\/2023\/09\/Dialogue-Plantes-2_-\u00a9L.Cadeac_HD-2-350x233.jpg 350w, https:\/\/lhivernu.com\/wp-content\/uploads\/2023\/09\/Dialogue-Plantes-2_-\u00a9L.Cadeac_HD-2-480x320.jpg 480w\" sizes=\"(max-width: 1024px) 100vw, 1024px\" \/><\/a><\/figure>\n<\/figure>\n\n<div class=\"wp-block-spacer\" style=\"height: 18px;\" aria-hidden=\"true\">\u00a0<\/div>\n\n<p class=\"has-black-color has-text-color has-medium-font-size\" style=\"text-decoration: underline;\"><a href=\"https:\/\/lhivernu.com\/wp-content\/uploads\/2023\/09\/DIALOGUE-PLANTES_brochure-web.pdf\"><strong>&gt;&gt; Brochure<\/strong><\/a><\/p>\n\n<p class=\"has-vivid-cyan-blue-color has-text-color\" style=\"font-size: 24px;\"><strong>Production<\/strong><\/p>\n\n<p>Cie l&rsquo;hiver nu<\/p>\n\n<p class=\"has-vivid-cyan-blue-color has-text-color\" style=\"font-size: 24px;\"><strong>COPRODUCTION<\/strong><\/p>\n\n<p><strong>Sc\u00e8nes Crois\u00e9es de Loz\u00e8re <\/strong>&#8211; Sc\u00e8ne conventionn\u00e9e d\u2019int\u00e9r\u00eat national Art en territoire<\/p>\n\n<p class=\"has-vivid-cyan-blue-color has-text-color\" style=\"font-size: 24px;\"><strong>SOUTIENS<\/strong><\/p>\n\n<p><strong>Le Crat\u00e8re<\/strong> \u2013 Sc\u00e8ne Nationale d\u2019Al\u00e8s, Th\u00e9\u00e2tre de l\u2019usine de Saint-c\u00e9r\u00e9, <strong>Parc National des C\u00e9vennes<\/strong>,<br \/><strong>Association LaboRieuse<\/strong>, <strong>Foyer Rural de Saint Martin de Lansuscle<\/strong>, <strong>Association \u00c9pi de Mains<\/strong>,<br \/><strong>DRAC Occitanie<\/strong>, <strong>R\u00e9gion Occitanie<\/strong>, <strong>D\u00e9partement de la Loz\u00e8re<\/strong>.<\/p>\n\n<p class=\"has-vivid-cyan-blue-color has-text-color\" style=\"font-size: 24px;\"><strong>Diffusion<\/strong><\/p>\n\n<p><strong>Cr\u00e9ation du spectacle \u00e0 la Sc\u00e8ne Nationale d\u2019Al\u00e8s les 23, 24 et 25 mai 2023 &#8211; Bambouseraie d\u2019Anduze et avec les Sc\u00e8nes Crois\u00e9es de loz\u00e8re les 1, 3, 4 juin 2023<\/strong> dans les C\u00e9vennes Loz\u00e9rienne. Tourn\u00e9e coorganis\u00e9e avec le Parc National des C\u00e9vennes.<\/p>\n\t\t\t\t\t\t\t\t<\/div>\n\t\t\t\t<\/div>\n\t\t\t\t\t<\/div>\n\t\t<\/div>\n\t\t\t\t\t<\/div>\n\t\t<\/section>\n\t\t\t\t<\/div>\n\t\t","protected":false},"excerpt":{"rendered":"<p>Exp\u00e9riences th\u00e9\u00e2trales pour entrer en relation avec les Herbes qui nous entourent Cr\u00e9ation 2023 Conception, jeu et manipulation : Claire Perraudeau et Baptiste EtardAvec les voix de : Pierre Bernert, Laur\u00e9lie Riffault, Claire Perraudeau et Baptiste EtardAccompagnement \u00e0 la dramaturgie : Barbara M\u00e9tais-Chastanier et Mathias BrossardMusique : Jean PoinsignonMontage son : Pierre BernertSc\u00e9nographie et construction : Baptiste Etard, Alma Roccella, Laur\u00e9lie Riffault, Nathalie Massenet R\u00e9sum\u00e9 Et si notre th\u00e9\u00e2tre, aujourd\u2019hui, devenait le lieu o\u00f9 se joue une attention collective des humains \u00e0 l\u2019ensemble du vivant ?Le temps d\u2019une exploration th\u00e9\u00e2trale en milieu naturel, nous invitons le public \u00e0 se laisser toucher, apostropher, par les \u00eatres v\u00e9g\u00e9taux qui les entourent.Apr\u00e8s avoir offert une tisane un peu magique aux spectateurs, nous leur proposons de nous suivre \u00e0 la rencontre de deux \u00eatres v\u00e9g\u00e9taux qui nous ont touch\u00e9s. Ces \u00eatres v\u00e9g\u00e9taux sont diff\u00e9rents selon chaque lieu de repr\u00e9sentation, et ils sont mis en sc\u00e8ne par le biais du th\u00e9\u00e2tre d\u2019objet et de la po\u00e9sie. En fin de parcours, un dispositif sonore donne voix \u00e0 une assembl\u00e9e v\u00e9g\u00e9tale qui s\u2019adresse aux humains avec humour et acidit\u00e9.Tout \u00e0 la fois rite collectif et com\u00e9die v\u00e9g\u00e9tale, Dialogues des plantes est l\u2019occasion de r\u00e9-interroger ensemble les liens [&hellip;]<\/p>\n","protected":false},"author":4,"featured_media":0,"parent":0,"menu_order":0,"comment_status":"closed","ping_status":"closed","template":"","meta":{"_themeisle_gutenberg_block_has_review":false,"footnotes":""},"class_list":["post-3328","page","type-page","status-publish","hentry"],"_links":{"self":[{"href":"https:\/\/lhivernu.com\/index.php\/wp-json\/wp\/v2\/pages\/3328","targetHints":{"allow":["GET"]}}],"collection":[{"href":"https:\/\/lhivernu.com\/index.php\/wp-json\/wp\/v2\/pages"}],"about":[{"href":"https:\/\/lhivernu.com\/index.php\/wp-json\/wp\/v2\/types\/page"}],"author":[{"embeddable":true,"href":"https:\/\/lhivernu.com\/index.php\/wp-json\/wp\/v2\/users\/4"}],"replies":[{"embeddable":true,"href":"https:\/\/lhivernu.com\/index.php\/wp-json\/wp\/v2\/comments?post=3328"}],"version-history":[{"count":55,"href":"https:\/\/lhivernu.com\/index.php\/wp-json\/wp\/v2\/pages\/3328\/revisions"}],"predecessor-version":[{"id":5373,"href":"https:\/\/lhivernu.com\/index.php\/wp-json\/wp\/v2\/pages\/3328\/revisions\/5373"}],"wp:attachment":[{"href":"https:\/\/lhivernu.com\/index.php\/wp-json\/wp\/v2\/media?parent=3328"}],"curies":[{"name":"wp","href":"https:\/\/api.w.org\/{rel}","templated":true}]}}