{"id":3462,"date":"2023-09-28T10:10:52","date_gmt":"2023-09-28T08:10:52","guid":{"rendered":"http:\/\/lhivernu.com\/?page_id=3462"},"modified":"2026-04-16T12:20:32","modified_gmt":"2026-04-16T10:20:32","slug":"banquet-doctobre-2023","status":"publish","type":"page","link":"https:\/\/lhivernu.com\/index.php\/banquet-doctobre-2023\/","title":{"rendered":"Banquet du 14 octobre"},"content":{"rendered":"\t\t<div data-elementor-type=\"wp-page\" data-elementor-id=\"3462\" class=\"elementor elementor-3462\">\n\t\t\t\t\t\t<section class=\"elementor-section elementor-top-section elementor-element elementor-element-9d6900c elementor-section-boxed elementor-section-height-default elementor-section-height-default\" data-id=\"9d6900c\" data-element_type=\"section\" data-e-type=\"section\">\n\t\t\t\t\t\t<div class=\"elementor-container elementor-column-gap-default\">\n\t\t\t\t\t<div class=\"elementor-column elementor-col-100 elementor-top-column elementor-element elementor-element-5ce48a55\" data-id=\"5ce48a55\" data-element_type=\"column\" data-e-type=\"column\">\n\t\t\t<div class=\"elementor-widget-wrap elementor-element-populated\">\n\t\t\t\t\t\t<div class=\"elementor-element elementor-element-4f0bc679 elementor-widget elementor-widget-text-editor\" data-id=\"4f0bc679\" data-element_type=\"widget\" data-e-type=\"widget\" data-widget_type=\"text-editor.default\">\n\t\t\t\t<div class=\"elementor-widget-container\">\n\t\t\t\t\t\t\t\t\t\n<figure class=\"wp-block-image size-full\"><img fetchpriority=\"high\" decoding=\"async\" width=\"596\" height=\"844\" class=\"wp-image-3380\" src=\"https:\/\/lhivernu.com\/wp-content\/uploads\/2023\/09\/affiche-1er-banquet.png\" alt=\"\" srcset=\"https:\/\/lhivernu.com\/wp-content\/uploads\/2023\/09\/affiche-1er-banquet.png 596w, https:\/\/lhivernu.com\/wp-content\/uploads\/2023\/09\/affiche-1er-banquet-212x300.png 212w, https:\/\/lhivernu.com\/wp-content\/uploads\/2023\/09\/affiche-1er-banquet-230x326.png 230w, https:\/\/lhivernu.com\/wp-content\/uploads\/2023\/09\/affiche-1er-banquet-350x496.png 350w, https:\/\/lhivernu.com\/wp-content\/uploads\/2023\/09\/affiche-1er-banquet-480x680.png 480w\" sizes=\"(max-width: 596px) 100vw, 596px\" \/><\/figure>\n\n<p>Une fois par mois, la Fabrique du Viala ouvre ses portes pour une apr\u00e8s-midi et une soir\u00e9e d\u2019\u00e9changes et de rencontres entre artistes et habitants.<\/p>\n\n<p><strong>Toute la journ\u00e9e &#8211; Exposition plastique de Nathalie Massenet<\/strong><\/p>\n\n<figure class=\"wp-block-gallery has-nested-images columns-default is-cropped wp-block-gallery-4 is-layout-flex wp-block-gallery-is-layout-flex\">\n<figure class=\"wp-block-image size-large\"><a href=\"https:\/\/lhivernu.com\/wp-content\/uploads\/2023\/10\/20231014_232551-scaled.jpg\"><img decoding=\"async\" data-id=\"3581\" class=\"alignnone wp-image-3581 size-medium\" src=\"https:\/\/lhivernu.com\/wp-content\/uploads\/2023\/10\/20231014_232551-225x300.jpg\" alt=\"\" width=\"225\" height=\"300\" srcset=\"https:\/\/lhivernu.com\/wp-content\/uploads\/2023\/10\/20231014_232551-225x300.jpg 225w, https:\/\/lhivernu.com\/wp-content\/uploads\/2023\/10\/20231014_232551-768x1024.jpg 768w, https:\/\/lhivernu.com\/wp-content\/uploads\/2023\/10\/20231014_232551-300x400.jpg 300w, https:\/\/lhivernu.com\/wp-content\/uploads\/2023\/10\/20231014_232551-1152x1536.jpg 1152w, https:\/\/lhivernu.com\/wp-content\/uploads\/2023\/10\/20231014_232551-1536x2048.jpg 1536w, https:\/\/lhivernu.com\/wp-content\/uploads\/2023\/10\/20231014_232551-830x1107.jpg 830w, https:\/\/lhivernu.com\/wp-content\/uploads\/2023\/10\/20231014_232551-230x307.jpg 230w, https:\/\/lhivernu.com\/wp-content\/uploads\/2023\/10\/20231014_232551-350x467.jpg 350w, https:\/\/lhivernu.com\/wp-content\/uploads\/2023\/10\/20231014_232551-480x640.jpg 480w, https:\/\/lhivernu.com\/wp-content\/uploads\/2023\/10\/20231014_232551-scaled.jpg 1920w\" sizes=\"(max-width: 225px) 100vw, 225px\" \/><\/a><\/figure>\n\n<figure class=\"wp-block-image size-large\"><a href=\"https:\/\/lhivernu.com\/wp-content\/uploads\/2023\/10\/20231014_232654-scaled.jpg\"><img decoding=\"async\" data-id=\"3583\" class=\"alignnone wp-image-3583 size-medium\" src=\"https:\/\/lhivernu.com\/wp-content\/uploads\/2023\/10\/20231014_232654-225x300.jpg\" alt=\"\" width=\"225\" height=\"300\" srcset=\"https:\/\/lhivernu.com\/wp-content\/uploads\/2023\/10\/20231014_232654-225x300.jpg 225w, https:\/\/lhivernu.com\/wp-content\/uploads\/2023\/10\/20231014_232654-768x1024.jpg 768w, https:\/\/lhivernu.com\/wp-content\/uploads\/2023\/10\/20231014_232654-300x400.jpg 300w, https:\/\/lhivernu.com\/wp-content\/uploads\/2023\/10\/20231014_232654-1152x1536.jpg 1152w, https:\/\/lhivernu.com\/wp-content\/uploads\/2023\/10\/20231014_232654-1536x2048.jpg 1536w, https:\/\/lhivernu.com\/wp-content\/uploads\/2023\/10\/20231014_232654-830x1107.jpg 830w, https:\/\/lhivernu.com\/wp-content\/uploads\/2023\/10\/20231014_232654-230x307.jpg 230w, https:\/\/lhivernu.com\/wp-content\/uploads\/2023\/10\/20231014_232654-350x467.jpg 350w, https:\/\/lhivernu.com\/wp-content\/uploads\/2023\/10\/20231014_232654-480x640.jpg 480w, https:\/\/lhivernu.com\/wp-content\/uploads\/2023\/10\/20231014_232654-scaled.jpg 1920w\" sizes=\"(max-width: 225px) 100vw, 225px\" \/><\/a><\/figure>\n\n<figure class=\"wp-block-image size-large\"><a href=\"https:\/\/lhivernu.com\/wp-content\/uploads\/2023\/10\/20231014_232608-scaled.jpg\"><img loading=\"lazy\" decoding=\"async\" data-id=\"3582\" class=\"alignnone wp-image-3582\" src=\"https:\/\/lhivernu.com\/wp-content\/uploads\/2023\/10\/20231014_232608-768x1024.jpg\" alt=\"\" width=\"768\" height=\"1024\" srcset=\"https:\/\/lhivernu.com\/wp-content\/uploads\/2023\/10\/20231014_232608-768x1024.jpg 768w, https:\/\/lhivernu.com\/wp-content\/uploads\/2023\/10\/20231014_232608-225x300.jpg 225w, https:\/\/lhivernu.com\/wp-content\/uploads\/2023\/10\/20231014_232608-300x400.jpg 300w, https:\/\/lhivernu.com\/wp-content\/uploads\/2023\/10\/20231014_232608-1152x1536.jpg 1152w, https:\/\/lhivernu.com\/wp-content\/uploads\/2023\/10\/20231014_232608-1536x2048.jpg 1536w, https:\/\/lhivernu.com\/wp-content\/uploads\/2023\/10\/20231014_232608-830x1107.jpg 830w, https:\/\/lhivernu.com\/wp-content\/uploads\/2023\/10\/20231014_232608-230x307.jpg 230w, https:\/\/lhivernu.com\/wp-content\/uploads\/2023\/10\/20231014_232608-350x467.jpg 350w, https:\/\/lhivernu.com\/wp-content\/uploads\/2023\/10\/20231014_232608-480x640.jpg 480w, https:\/\/lhivernu.com\/wp-content\/uploads\/2023\/10\/20231014_232608-scaled.jpg 1920w\" sizes=\"(max-width: 768px) 100vw, 768px\" \/><\/a><\/figure>\n<\/figure>\n\n<div class=\"wp-block-spacer\" style=\"height: 15px;\" aria-hidden=\"true\">\u00a0<\/div>\n\n<p><strong>10h &#8211; 16h ATELIERS MARIONETTES POUR LES ADOS<\/strong><\/p>\n\n<p>Le Puppet Sporting Club est une compagnie de th\u00e9\u00e2tre sp\u00e9cialis\u00e9 dans la fabrication et la manipulation de marionnettes. Ils vont animer un atelier de sensibilisation contre le harc\u00e8lement aupr\u00e8s des adolescents.<strong><br \/>Pour les adultes<br \/><\/strong>On papote, on bricole \u2026 et on \u00e9pluche pour le repas du soir.<br \/>Pour les peintres et autres bricoleurs, de petits chantiers collectifs se mettent en place pour entretenir et am\u00e9nager les locaux de la fabrique. Autour de la pr\u00e9paration du banquet, c\u2019est aussi l\u2019occasion de partager les savoirs des uns et des autres. C\u2019est l\u00e0 que naissent les id\u00e9es, les propositions pour la suite. Ces ateliers libres sont ainsi le pr\u00e9texte \u00e0 ce que chacun puisse s\u2019approprier le lieu et l\u2019\u00e9v\u00e9nement.<\/p>\n\n<div class=\"wp-block-spacer\" style=\"height: 15px;\" aria-hidden=\"true\">\u00a0<\/div>\n\n<p><strong>16h &#8211; UNE BALADE NATURALISTE ENTRE LANUEJOLS ET LA FABRIQUE<\/strong><\/p>\n\n<div class=\"wp-block-spacer\" style=\"height: 23px;\" aria-hidden=\"true\">\u00a0<\/div>\n\n<p><strong>16h-18h UNE APR\u00c8S-MIDI AU TH\u00c9\u00c2TRE<\/strong><\/p>\n\n<p><strong>Pour les enfants de 4 \u00e0 13 ans<\/strong>, l\u2019apr\u00e8s-midi est consacr\u00e9e \u00e0 la d\u00e9couverte du th\u00e9\u00e2tre contemporain et de l\u2019art pour la jeunesse. Nous d\u00e9butons par une lecture. Suit une discussion autour de l\u2019\u0153uvre, un go\u00fbter puis un atelier de pratique. Il peut s\u2019agir d\u2019un atelier de jeu th\u00e9\u00e2tral, de confection de masques de th\u00e9\u00e2tre, de costumes, d\u2019accessoires, de d\u00e9cors, d\u2019un atelier autour de la voix, du corps, d\u2019arts plastiques ou parfois de conversations libres.<\/p>\n\n<p><strong>18h30 &#8211; INAUGURATION DU TH\u00c9\u00c2TRE DES MILIEUX<br \/><\/strong>La fabrique th\u00e9atrale du Viala devient un lieu de cr\u00e9ation centr\u00e9 autour du rapport au vivant et c&rsquo;est ce dont vont nous parler Claire et Baptiste puis peut-etre les banquistes (les b\u00e9n\u00e9voles).<\/p>\n\n<p>Nous pourrons ensuite \u00e9changer avec la compagnie Puppet Sporting Club pour connaitre le travail r\u00e9alis\u00e9 durant la r\u00e9sidence au Viala.<\/p>\n\n<figure class=\"wp-block-gallery has-nested-images columns-default is-cropped wp-block-gallery-5 is-layout-flex wp-block-gallery-is-layout-flex\">\n<figure class=\"wp-block-image size-large\"><a href=\"https:\/\/lhivernu.com\/wp-content\/uploads\/2023\/10\/20231014_194608-scaled.jpg\"><img loading=\"lazy\" decoding=\"async\" data-id=\"3591\" class=\"alignnone wp-image-3591 size-medium\" src=\"https:\/\/lhivernu.com\/wp-content\/uploads\/2023\/10\/20231014_194608-300x225.jpg\" alt=\"\" width=\"300\" height=\"225\" srcset=\"https:\/\/lhivernu.com\/wp-content\/uploads\/2023\/10\/20231014_194608-300x225.jpg 300w, https:\/\/lhivernu.com\/wp-content\/uploads\/2023\/10\/20231014_194608-1024x768.jpg 1024w, https:\/\/lhivernu.com\/wp-content\/uploads\/2023\/10\/20231014_194608-768x576.jpg 768w, https:\/\/lhivernu.com\/wp-content\/uploads\/2023\/10\/20231014_194608-1536x1152.jpg 1536w, https:\/\/lhivernu.com\/wp-content\/uploads\/2023\/10\/20231014_194608-2048x1536.jpg 2048w, https:\/\/lhivernu.com\/wp-content\/uploads\/2023\/10\/20231014_194608-830x623.jpg 830w, https:\/\/lhivernu.com\/wp-content\/uploads\/2023\/10\/20231014_194608-230x173.jpg 230w, https:\/\/lhivernu.com\/wp-content\/uploads\/2023\/10\/20231014_194608-350x263.jpg 350w, https:\/\/lhivernu.com\/wp-content\/uploads\/2023\/10\/20231014_194608-480x360.jpg 480w\" sizes=\"(max-width: 300px) 100vw, 300px\" \/><\/a><\/figure>\n\n<figure class=\"wp-block-image size-large\"><a href=\"https:\/\/lhivernu.com\/wp-content\/uploads\/2023\/10\/20231014_194632-scaled.jpg\"><img loading=\"lazy\" decoding=\"async\" data-id=\"3592\" class=\"alignnone wp-image-3592 size-medium\" src=\"https:\/\/lhivernu.com\/wp-content\/uploads\/2023\/10\/20231014_194632-225x300.jpg\" alt=\"\" width=\"225\" height=\"300\" srcset=\"https:\/\/lhivernu.com\/wp-content\/uploads\/2023\/10\/20231014_194632-225x300.jpg 225w, https:\/\/lhivernu.com\/wp-content\/uploads\/2023\/10\/20231014_194632-768x1024.jpg 768w, https:\/\/lhivernu.com\/wp-content\/uploads\/2023\/10\/20231014_194632-300x400.jpg 300w, https:\/\/lhivernu.com\/wp-content\/uploads\/2023\/10\/20231014_194632-1152x1536.jpg 1152w, https:\/\/lhivernu.com\/wp-content\/uploads\/2023\/10\/20231014_194632-1536x2048.jpg 1536w, https:\/\/lhivernu.com\/wp-content\/uploads\/2023\/10\/20231014_194632-830x1107.jpg 830w, https:\/\/lhivernu.com\/wp-content\/uploads\/2023\/10\/20231014_194632-230x307.jpg 230w, https:\/\/lhivernu.com\/wp-content\/uploads\/2023\/10\/20231014_194632-350x467.jpg 350w, https:\/\/lhivernu.com\/wp-content\/uploads\/2023\/10\/20231014_194632-480x640.jpg 480w, https:\/\/lhivernu.com\/wp-content\/uploads\/2023\/10\/20231014_194632-scaled.jpg 1920w\" sizes=\"(max-width: 225px) 100vw, 225px\" \/><\/a><\/figure>\n\n<figure class=\"wp-block-image size-large\"><a href=\"https:\/\/lhivernu.com\/wp-content\/uploads\/2023\/10\/20231014_204933-scaled.jpg\"><img loading=\"lazy\" decoding=\"async\" data-id=\"3593\" class=\"alignnone wp-image-3593 size-medium\" src=\"https:\/\/lhivernu.com\/wp-content\/uploads\/2023\/10\/20231014_204933-300x225.jpg\" alt=\"\" width=\"300\" height=\"225\" srcset=\"https:\/\/lhivernu.com\/wp-content\/uploads\/2023\/10\/20231014_204933-300x225.jpg 300w, https:\/\/lhivernu.com\/wp-content\/uploads\/2023\/10\/20231014_204933-1024x768.jpg 1024w, https:\/\/lhivernu.com\/wp-content\/uploads\/2023\/10\/20231014_204933-768x576.jpg 768w, https:\/\/lhivernu.com\/wp-content\/uploads\/2023\/10\/20231014_204933-1536x1152.jpg 1536w, https:\/\/lhivernu.com\/wp-content\/uploads\/2023\/10\/20231014_204933-2048x1536.jpg 2048w, https:\/\/lhivernu.com\/wp-content\/uploads\/2023\/10\/20231014_204933-830x623.jpg 830w, https:\/\/lhivernu.com\/wp-content\/uploads\/2023\/10\/20231014_204933-230x173.jpg 230w, https:\/\/lhivernu.com\/wp-content\/uploads\/2023\/10\/20231014_204933-350x263.jpg 350w, https:\/\/lhivernu.com\/wp-content\/uploads\/2023\/10\/20231014_204933-480x360.jpg 480w\" sizes=\"(max-width: 300px) 100vw, 300px\" \/><\/a><\/figure>\n<\/figure>\n\n<p><strong>20h30 &#8211; BANQUET &amp; BAL\u00a0<\/strong><br \/>Le repas est partag\u00e9 sous forme de banquet dans une ambiance chaleureuse qui invite \u00e0 terminer la soir\u00e9e sous forme de bal, men\u00e9 cette fois ci par le DJ &#8211; Set : Pardon Gar\u00e7on.<\/p>\n\n<figure class=\"wp-block-gallery has-nested-images columns-default is-cropped wp-block-gallery-6 is-layout-flex wp-block-gallery-is-layout-flex\">\n<figure class=\"wp-block-image size-large\"><a href=\"https:\/\/lhivernu.com\/wp-content\/uploads\/2023\/10\/20231014_205036-scaled.jpg\"><img loading=\"lazy\" decoding=\"async\" data-id=\"3585\" class=\"alignnone wp-image-3585\" src=\"https:\/\/lhivernu.com\/wp-content\/uploads\/2023\/10\/20231014_205036-1024x768.jpg\" alt=\"\" width=\"1024\" height=\"768\" srcset=\"https:\/\/lhivernu.com\/wp-content\/uploads\/2023\/10\/20231014_205036-1024x768.jpg 1024w, https:\/\/lhivernu.com\/wp-content\/uploads\/2023\/10\/20231014_205036-300x225.jpg 300w, https:\/\/lhivernu.com\/wp-content\/uploads\/2023\/10\/20231014_205036-768x576.jpg 768w, https:\/\/lhivernu.com\/wp-content\/uploads\/2023\/10\/20231014_205036-1536x1152.jpg 1536w, https:\/\/lhivernu.com\/wp-content\/uploads\/2023\/10\/20231014_205036-2048x1536.jpg 2048w, https:\/\/lhivernu.com\/wp-content\/uploads\/2023\/10\/20231014_205036-830x623.jpg 830w, https:\/\/lhivernu.com\/wp-content\/uploads\/2023\/10\/20231014_205036-230x173.jpg 230w, https:\/\/lhivernu.com\/wp-content\/uploads\/2023\/10\/20231014_205036-350x263.jpg 350w, https:\/\/lhivernu.com\/wp-content\/uploads\/2023\/10\/20231014_205036-480x360.jpg 480w\" sizes=\"(max-width: 1024px) 100vw, 1024px\" \/><\/a><\/figure>\n\n<figure class=\"wp-block-image size-large\"><a href=\"https:\/\/lhivernu.com\/wp-content\/uploads\/2023\/10\/20231014_211920-scaled.jpg\"><img loading=\"lazy\" decoding=\"async\" data-id=\"3586\" class=\"alignnone wp-image-3586\" src=\"https:\/\/lhivernu.com\/wp-content\/uploads\/2023\/10\/20231014_211920-768x1024.jpg\" alt=\"\" width=\"768\" height=\"1024\" srcset=\"https:\/\/lhivernu.com\/wp-content\/uploads\/2023\/10\/20231014_211920-768x1024.jpg 768w, https:\/\/lhivernu.com\/wp-content\/uploads\/2023\/10\/20231014_211920-225x300.jpg 225w, https:\/\/lhivernu.com\/wp-content\/uploads\/2023\/10\/20231014_211920-300x400.jpg 300w, https:\/\/lhivernu.com\/wp-content\/uploads\/2023\/10\/20231014_211920-1152x1536.jpg 1152w, https:\/\/lhivernu.com\/wp-content\/uploads\/2023\/10\/20231014_211920-1536x2048.jpg 1536w, https:\/\/lhivernu.com\/wp-content\/uploads\/2023\/10\/20231014_211920-830x1107.jpg 830w, https:\/\/lhivernu.com\/wp-content\/uploads\/2023\/10\/20231014_211920-230x307.jpg 230w, https:\/\/lhivernu.com\/wp-content\/uploads\/2023\/10\/20231014_211920-350x467.jpg 350w, https:\/\/lhivernu.com\/wp-content\/uploads\/2023\/10\/20231014_211920-480x640.jpg 480w, https:\/\/lhivernu.com\/wp-content\/uploads\/2023\/10\/20231014_211920-scaled.jpg 1920w\" sizes=\"(max-width: 768px) 100vw, 768px\" \/><\/a><\/figure>\n\n<figure class=\"wp-block-image size-large\"><a href=\"https:\/\/lhivernu.com\/wp-content\/uploads\/2023\/10\/20231014_213856-scaled.jpg\"><img loading=\"lazy\" decoding=\"async\" data-id=\"3587\" class=\"alignnone wp-image-3587\" src=\"https:\/\/lhivernu.com\/wp-content\/uploads\/2023\/10\/20231014_213856-768x1024.jpg\" alt=\"\" width=\"768\" height=\"1024\" srcset=\"https:\/\/lhivernu.com\/wp-content\/uploads\/2023\/10\/20231014_213856-768x1024.jpg 768w, https:\/\/lhivernu.com\/wp-content\/uploads\/2023\/10\/20231014_213856-225x300.jpg 225w, https:\/\/lhivernu.com\/wp-content\/uploads\/2023\/10\/20231014_213856-300x400.jpg 300w, https:\/\/lhivernu.com\/wp-content\/uploads\/2023\/10\/20231014_213856-1152x1536.jpg 1152w, https:\/\/lhivernu.com\/wp-content\/uploads\/2023\/10\/20231014_213856-1536x2048.jpg 1536w, https:\/\/lhivernu.com\/wp-content\/uploads\/2023\/10\/20231014_213856-830x1107.jpg 830w, https:\/\/lhivernu.com\/wp-content\/uploads\/2023\/10\/20231014_213856-230x307.jpg 230w, https:\/\/lhivernu.com\/wp-content\/uploads\/2023\/10\/20231014_213856-350x467.jpg 350w, https:\/\/lhivernu.com\/wp-content\/uploads\/2023\/10\/20231014_213856-480x640.jpg 480w, https:\/\/lhivernu.com\/wp-content\/uploads\/2023\/10\/20231014_213856-scaled.jpg 1920w\" sizes=\"(max-width: 768px) 100vw, 768px\" \/><\/a><\/figure>\n<\/figure>\n\t\t\t\t\t\t\t\t<\/div>\n\t\t\t\t<\/div>\n\t\t\t\t\t<\/div>\n\t\t<\/div>\n\t\t\t\t\t<\/div>\n\t\t<\/section>\n\t\t\t\t<\/div>\n\t\t","protected":false},"excerpt":{"rendered":"<p>Une fois par mois, la Fabrique du Viala ouvre ses portes pour une apr\u00e8s-midi et une soir\u00e9e d\u2019\u00e9changes et de rencontres entre artistes et habitants. Toute la journ\u00e9e &#8211; Exposition plastique de Nathalie Massenet 10h &#8211; 16h ATELIERS MARIONETTES POUR LES ADOS Le Puppet Sporting Club est une compagnie de th\u00e9\u00e2tre sp\u00e9cialis\u00e9 dans la fabrication et la manipulation de marionnettes. Ils vont animer un atelier de sensibilisation contre le harc\u00e8lement aupr\u00e8s des adolescents.Pour les adultesOn papote, on bricole \u2026 et on \u00e9pluche pour le repas du soir.Pour les peintres et autres bricoleurs, de petits chantiers collectifs se mettent en place pour entretenir et am\u00e9nager les locaux de la fabrique. Autour de la pr\u00e9paration du banquet, c\u2019est aussi l\u2019occasion de partager les savoirs des uns et des autres. C\u2019est l\u00e0 que naissent les id\u00e9es, les propositions pour la suite. Ces ateliers libres sont ainsi le pr\u00e9texte \u00e0 ce que chacun puisse s\u2019approprier le lieu et l\u2019\u00e9v\u00e9nement. 16h &#8211; UNE BALADE NATURALISTE ENTRE LANUEJOLS ET LA FABRIQUE 16h-18h UNE APR\u00c8S-MIDI AU TH\u00c9\u00c2TRE Pour les enfants de 4 \u00e0 13 ans, l\u2019apr\u00e8s-midi est consacr\u00e9e \u00e0 la d\u00e9couverte du th\u00e9\u00e2tre contemporain et de l\u2019art pour la jeunesse. Nous d\u00e9butons par une lecture. Suit une [&hellip;]<\/p>\n","protected":false},"author":4,"featured_media":0,"parent":0,"menu_order":0,"comment_status":"closed","ping_status":"closed","template":"","meta":{"_themeisle_gutenberg_block_has_review":false,"footnotes":""},"class_list":["post-3462","page","type-page","status-publish","hentry"],"_links":{"self":[{"href":"https:\/\/lhivernu.com\/index.php\/wp-json\/wp\/v2\/pages\/3462","targetHints":{"allow":["GET"]}}],"collection":[{"href":"https:\/\/lhivernu.com\/index.php\/wp-json\/wp\/v2\/pages"}],"about":[{"href":"https:\/\/lhivernu.com\/index.php\/wp-json\/wp\/v2\/types\/page"}],"author":[{"embeddable":true,"href":"https:\/\/lhivernu.com\/index.php\/wp-json\/wp\/v2\/users\/4"}],"replies":[{"embeddable":true,"href":"https:\/\/lhivernu.com\/index.php\/wp-json\/wp\/v2\/comments?post=3462"}],"version-history":[{"count":10,"href":"https:\/\/lhivernu.com\/index.php\/wp-json\/wp\/v2\/pages\/3462\/revisions"}],"predecessor-version":[{"id":5441,"href":"https:\/\/lhivernu.com\/index.php\/wp-json\/wp\/v2\/pages\/3462\/revisions\/5441"}],"wp:attachment":[{"href":"https:\/\/lhivernu.com\/index.php\/wp-json\/wp\/v2\/media?parent=3462"}],"curies":[{"name":"wp","href":"https:\/\/api.w.org\/{rel}","templated":true}]}}