{"id":3520,"date":"2023-09-28T13:20:37","date_gmt":"2023-09-28T11:20:37","guid":{"rendered":"http:\/\/lhivernu.com\/?page_id=3520"},"modified":"2024-05-21T11:38:35","modified_gmt":"2024-05-21T09:38:35","slug":"newsletters","status":"publish","type":"page","link":"https:\/\/lhivernu.com\/index.php\/newsletters\/","title":{"rendered":"Newsletters"},"content":{"rendered":"\n<p>Retrouvez ci-dessous les anciennes newsletters \u00e0 t\u00e9l\u00e9charger.<\/p>\n\n\n\n<div class=\"wp-block-file\"><a id=\"wp-block-file--media-c791ae8c-6db8-4072-ab7a-d84de3f6b7ee\" href=\"https:\/\/lhivernu.com\/wp-content\/uploads\/2023\/09\/Octobre.pdf\" target=\"_blank\" rel=\"noreferrer noopener\">&gt;&gt; Octobre 2023<\/a><\/div>\n\n\n\n<div class=\"wp-block-file\"><a id=\"wp-block-file--media-c791ae8c-6db8-4072-ab7a-d84de3f6b7ee\" href=\"https:\/\/lhivernu.com\/wp-content\/uploads\/2023\/09\/Septembre.pdf\" target=\"_blank\" rel=\"noreferrer noopener\">&gt;&gt; Septembre 2023<\/a><\/div>\n\n\n\n<div class=\"wp-block-file\"><a id=\"wp-block-file--media-c791ae8c-6db8-4072-ab7a-d84de3f6b7ee\" href=\"https:\/\/lhivernu.com\/wp-content\/uploads\/2023\/09\/Juin.pdf\" target=\"_blank\" rel=\"noreferrer noopener\">&gt;&gt; Juin 2023<\/a><\/div>\n\n\n\n<div class=\"wp-block-file\"><a id=\"wp-block-file--media-c791ae8c-6db8-4072-ab7a-d84de3f6b7ee\" href=\"https:\/\/lhivernu.com\/wp-content\/uploads\/2023\/09\/Mai.pdf\" target=\"_blank\" rel=\"noreferrer noopener\">&gt;&gt; Mai 2023<\/a><\/div>\n\n\n\n<div class=\"wp-block-file\"><a id=\"wp-block-file--media-c791ae8c-6db8-4072-ab7a-d84de3f6b7ee\" href=\"https:\/\/lhivernu.com\/wp-content\/uploads\/2023\/09\/Avril2.pdf\" target=\"_blank\" rel=\"noreferrer noopener\">&gt;&gt; Avril 2023 _ 2<\/a><\/div>\n\n\n\n<div class=\"wp-block-file\"><a id=\"wp-block-file--media-c791ae8c-6db8-4072-ab7a-d84de3f6b7ee\" href=\"https:\/\/lhivernu.com\/wp-content\/uploads\/2023\/09\/Avril1.pdf\" target=\"_blank\" rel=\"noreferrer noopener\">&gt;&gt; Avril 2023 _ 1<\/a><\/div>\n\n\n\n<div class=\"wp-block-file\"><a id=\"wp-block-file--media-c791ae8c-6db8-4072-ab7a-d84de3f6b7ee\" href=\"https:\/\/lhivernu.com\/wp-content\/uploads\/2023\/09\/Mars.pdf\" target=\"_blank\" rel=\"noreferrer noopener\">&gt;&gt; Mars 2023<\/a><\/div>\n\n\n\n<div class=\"wp-block-file\"><a id=\"wp-block-file--media-c791ae8c-6db8-4072-ab7a-d84de3f6b7ee\" href=\"https:\/\/lhivernu.com\/wp-content\/uploads\/2023\/09\/Fevrier.pdf\" target=\"_blank\" rel=\"noreferrer noopener\">&gt;&gt; Fevrier 2023<\/a><\/div>\n\n\n\n<div class=\"wp-block-file\"><a id=\"wp-block-file--media-c791ae8c-6db8-4072-ab7a-d84de3f6b7ee\" href=\"https:\/\/lhivernu.com\/wp-content\/uploads\/2023\/09\/Janvier.pdf\" target=\"_blank\" rel=\"noreferrer noopener\">&gt;&gt; Janvier 2023<\/a><\/div>\n","protected":false},"excerpt":{"rendered":"<p>Retrouvez ci-dessous les anciennes newsletters \u00e0 t\u00e9l\u00e9charger.<\/p>\n","protected":false},"author":4,"featured_media":0,"parent":0,"menu_order":0,"comment_status":"closed","ping_status":"closed","template":"","meta":{"_themeisle_gutenberg_block_has_review":false,"footnotes":""},"class_list":["post-3520","page","type-page","status-publish","hentry"],"_links":{"self":[{"href":"https:\/\/lhivernu.com\/index.php\/wp-json\/wp\/v2\/pages\/3520","targetHints":{"allow":["GET"]}}],"collection":[{"href":"https:\/\/lhivernu.com\/index.php\/wp-json\/wp\/v2\/pages"}],"about":[{"href":"https:\/\/lhivernu.com\/index.php\/wp-json\/wp\/v2\/types\/page"}],"author":[{"embeddable":true,"href":"https:\/\/lhivernu.com\/index.php\/wp-json\/wp\/v2\/users\/4"}],"replies":[{"embeddable":true,"href":"https:\/\/lhivernu.com\/index.php\/wp-json\/wp\/v2\/comments?post=3520"}],"version-history":[{"count":2,"href":"https:\/\/lhivernu.com\/index.php\/wp-json\/wp\/v2\/pages\/3520\/revisions"}],"predecessor-version":[{"id":3532,"href":"https:\/\/lhivernu.com\/index.php\/wp-json\/wp\/v2\/pages\/3520\/revisions\/3532"}],"wp:attachment":[{"href":"https:\/\/lhivernu.com\/index.php\/wp-json\/wp\/v2\/media?parent=3520"}],"curies":[{"name":"wp","href":"https:\/\/api.w.org\/{rel}","templated":true}]}}