{"id":3552,"date":"2023-09-29T09:36:39","date_gmt":"2023-09-29T07:36:39","guid":{"rendered":"http:\/\/lhivernu.com\/?page_id=3552"},"modified":"2024-05-21T11:38:48","modified_gmt":"2024-05-21T09:38:48","slug":"acces-libre","status":"publish","type":"page","link":"https:\/\/lhivernu.com\/index.php\/acces-libre\/","title":{"rendered":"Acc\u00e8s Libre"},"content":{"rendered":"\n<p>Acc\u00e8s libre est une <strong>carte blanche<\/strong> \u00e0 des artistes de tous horizons. Chaque ann\u00e9e au mois de novembre, nous invitons un.e artiste dont nous nous sentons proches \u00e0 venir \u00e0 la Fabrique du Viala avec une \u00e9quipe de son choix, pour <strong>quelques jours de r\u00e9sidence et deux jours de rencontres publiques<\/strong>. Autour d\u2019une th\u00e9matique que nous \u00e9laborons ensemble, Acc\u00e8s Libre est l\u2019occasion d\u2019un v\u00e9ritable partage cr\u00e9atif entre les artistes de l\u2019hiver nu et les artistes invit\u00e9s d\u2019une part, entre les artistes et les habitants de la vall\u00e9e d\u2019autre part.<\/p>\n","protected":false},"excerpt":{"rendered":"<p>Acc\u00e8s libre est une carte blanche \u00e0 des artistes de tous horizons. Chaque ann\u00e9e au mois de novembre, nous invitons un.e artiste dont nous nous sentons proches \u00e0 venir \u00e0 la Fabrique du Viala avec une \u00e9quipe de son choix, pour quelques jours de r\u00e9sidence et deux jours de rencontres publiques. Autour d\u2019une th\u00e9matique que nous \u00e9laborons ensemble, Acc\u00e8s Libre est l\u2019occasion d\u2019un v\u00e9ritable partage cr\u00e9atif entre les artistes de l\u2019hiver nu et les artistes invit\u00e9s d\u2019une part, entre les artistes et les habitants de la vall\u00e9e d\u2019autre part.<\/p>\n","protected":false},"author":4,"featured_media":0,"parent":0,"menu_order":0,"comment_status":"closed","ping_status":"closed","template":"","meta":{"_themeisle_gutenberg_block_has_review":false,"footnotes":""},"class_list":["post-3552","page","type-page","status-publish","hentry"],"_links":{"self":[{"href":"https:\/\/lhivernu.com\/index.php\/wp-json\/wp\/v2\/pages\/3552","targetHints":{"allow":["GET"]}}],"collection":[{"href":"https:\/\/lhivernu.com\/index.php\/wp-json\/wp\/v2\/pages"}],"about":[{"href":"https:\/\/lhivernu.com\/index.php\/wp-json\/wp\/v2\/types\/page"}],"author":[{"embeddable":true,"href":"https:\/\/lhivernu.com\/index.php\/wp-json\/wp\/v2\/users\/4"}],"replies":[{"embeddable":true,"href":"https:\/\/lhivernu.com\/index.php\/wp-json\/wp\/v2\/comments?post=3552"}],"version-history":[{"count":1,"href":"https:\/\/lhivernu.com\/index.php\/wp-json\/wp\/v2\/pages\/3552\/revisions"}],"predecessor-version":[{"id":3554,"href":"https:\/\/lhivernu.com\/index.php\/wp-json\/wp\/v2\/pages\/3552\/revisions\/3554"}],"wp:attachment":[{"href":"https:\/\/lhivernu.com\/index.php\/wp-json\/wp\/v2\/media?parent=3552"}],"curies":[{"name":"wp","href":"https:\/\/api.w.org\/{rel}","templated":true}]}}