{"id":3652,"date":"2023-10-31T14:46:43","date_gmt":"2023-10-31T13:46:43","guid":{"rendered":"http:\/\/lhivernu.com\/?page_id=3652"},"modified":"2024-05-21T11:38:35","modified_gmt":"2024-05-21T09:38:35","slug":"mon-ptit-doigt-ma-dit-2024","status":"publish","type":"page","link":"https:\/\/lhivernu.com\/index.php\/mon-ptit-doigt-ma-dit-2024\/","title":{"rendered":"Mon p&rsquo;tit doigt m&rsquo;a dit 2024"},"content":{"rendered":"\n<p><a href=\"https:\/\/lhivernu.com\/index.php\/mon-ptit-doigt-ma-dit\/\"><strong><mark style=\"background-color:rgba(0, 0, 0, 0)\" class=\"has-inline-color has-pale-cyan-blue-color\">Cliquez pour &#8211; En savoir plus sur le pourquoi du comment de cet \u00e9v\u00e8nement<\/mark><\/strong><\/a><\/p>\n\n\n\n<p>Une grande F\u00eate artistique par et pour les enfants qui revient chaque ann\u00e9e le week-end de Pentec\u00f4te.<\/p>\n\n\n\n<h2 class=\"wp-block-heading alignwide\">18 et 19 mai : planning<\/h2>\n\n\n\n<p class=\"has-medium-font-size\"><strong>Samedi 18 mai :<\/strong><\/p>\n\n\n\n<div class=\"wp-block-columns alignwide is-layout-flex wp-container-core-columns-is-layout-28f84493 wp-block-columns-is-layout-flex\">\n<div class=\"wp-block-column is-layout-flow wp-block-column-is-layout-flow\" style=\"flex-basis:66.66%\">\n<p><strong>11h :<\/strong>&nbsp;Balade en for\u00eat<\/p>\n\n\n\n<p>glanage pour r\u00e9aliser la d\u00e9coration v\u00e9g\u00e9tale des diff\u00e9rents espaces. : pensez \u00e0 vous inscrire au 0466455647<\/p>\n\n\n\n<p><strong>12h30 :<\/strong>&nbsp;pique nique partag\u00e9&nbsp;<\/p>\n\n\n\n<p><strong>13h30 \u00e0 17h30 :&nbsp;<\/strong>Ateliers en libre participation :<\/p>\n\n\n\n<p>-Arts plastiques (peinture, sculpture, assemblages) autour de la th\u00e9matique des jardins.<\/p>\n\n\n\n<p>\u2013 bricolage: r\u00e9alisation d\u2019un \u00e9pouvantail collectif<\/p>\n\n\n\n<p>\u2013 \u00e9criture et arts de la parole : raconte-moi ton jardin,<\/p>\n\n\n\n<p>\u2013 cuisine : r\u00e9alise les sauces de tes r\u00eaves pour la pasta party du grand banquet \/ atelier p\u00e2tisserie<\/p>\n\n\n\n<p>\u2013 coin lecture et jeux de soci\u00e9t\u00e9s<\/p>\n\n\n\n<p><strong>De 14h \u00e0 15h<\/strong>&nbsp;: Atelier th\u00e9\u00e2tre avec la compagnie Imbido<\/p>\n\n\n\n<p>ouvert \u00e0 tous.tes, De 7 ans \u00e0 12 ans (places limit\u00e9s)<\/p>\n\n\n\n<p>\u00e9chauffement, jeux th\u00e9\u00e2traux, r\u00e9alisation de tableaux vivants. En deuxi\u00e8me partie d\u2019atelier, Camille Briffa propose \u00e0 celles et ceux qui veulent de r\u00e9p\u00e9ter une tr\u00e8s courte s\u00e9quence chorale, afin d\u2019int\u00e9grer la repr\u00e9sentation du lendemain.<\/p>\n\n\n\n<p><strong>Tout au long de l\u2019apr\u00e8s-midi, un grand jeu de piste te permet de d\u00e9couvrir les lieux et l\u2019ensemble des ateliers.<\/strong><\/p>\n\n\n\n<p><strong>17h30<\/strong>&nbsp;Repr\u00e9sentation th\u00e9\u00e2tre des enfants du foyer rural de Langlade<\/p>\n\n\n\n<p>Notre arbre, spectacle de th\u00e9\u00e2tre et d\u2019ombres<\/p>\n\n\n\n<p><strong>18h&nbsp;<\/strong>Concert de Laurent Montagne<\/p>\n\n\n\n<p>co-accueilli avec les Sc\u00e8nes Crois\u00e9es de Loz\u00e8re (tarif 6 euros)<\/p>\n\n\n\n<p><strong>A 19h :<\/strong>&nbsp;grand Banquet \u00e0 prix libre et conscient<\/p>\n\n\n\n<p>Le menu et les plats ont \u00e9t\u00e9 pens\u00e9 et pr\u00e9par\u00e9 avec les enfants et les adolescents : Bar \u00e0 p\u00e2tes et farandole de desserts.<\/p>\n\n\n\n<p><strong>20h<\/strong>&nbsp;Sc\u00e8ne Ouverte Enfants\/Ados<\/p>\n\n\n\n<p>(inscription n\u00e9cessaire \u00e0 l\u2019adresse&nbsp;<a href=\"mailto:communication@lhivernu.com\">communication@lhivernu.com<\/a>&nbsp;ou \u00e0 l\u2019accueil le jour m\u00eame)<\/p>\n<\/div>\n\n\n\n<div class=\"wp-block-column is-layout-flow wp-block-column-is-layout-flow\" style=\"flex-basis:33.33%\">\n<figure class=\"wp-block-image size-large is-resized\"><img fetchpriority=\"high\" decoding=\"async\" width=\"1024\" height=\"683\" src=\"https:\/\/lhivernu.com\/wp-content\/uploads\/2022\/05\/MG_4363-1-1024x683.jpg\" alt=\"\" class=\"wp-image-2999\" style=\"aspect-ratio:1.499267935578331;width:612px;height:auto\" srcset=\"https:\/\/lhivernu.com\/wp-content\/uploads\/2022\/05\/MG_4363-1-1024x683.jpg 1024w, https:\/\/lhivernu.com\/wp-content\/uploads\/2022\/05\/MG_4363-1-300x200.jpg 300w, https:\/\/lhivernu.com\/wp-content\/uploads\/2022\/05\/MG_4363-1-768x512.jpg 768w, https:\/\/lhivernu.com\/wp-content\/uploads\/2022\/05\/MG_4363-1-391x260.jpg 391w, https:\/\/lhivernu.com\/wp-content\/uploads\/2022\/05\/MG_4363-1-1536x1024.jpg 1536w, https:\/\/lhivernu.com\/wp-content\/uploads\/2022\/05\/MG_4363-1-2048x1365.jpg 2048w, https:\/\/lhivernu.com\/wp-content\/uploads\/2022\/05\/MG_4363-1-830x553.jpg 830w, https:\/\/lhivernu.com\/wp-content\/uploads\/2022\/05\/MG_4363-1-230x153.jpg 230w, https:\/\/lhivernu.com\/wp-content\/uploads\/2022\/05\/MG_4363-1-350x233.jpg 350w, https:\/\/lhivernu.com\/wp-content\/uploads\/2022\/05\/MG_4363-1-480x320.jpg 480w\" sizes=\"(max-width: 1024px) 100vw, 1024px\" \/><\/figure>\n\n\n\n<figure class=\"wp-block-image size-large is-resized\"><img decoding=\"async\" width=\"1024\" height=\"683\" src=\"https:\/\/lhivernu.com\/wp-content\/uploads\/2022\/05\/MG_4776-1024x683.jpg\" alt=\"\" class=\"wp-image-2993\" style=\"aspect-ratio:1.499267935578331;width:611px;height:auto\" srcset=\"https:\/\/lhivernu.com\/wp-content\/uploads\/2022\/05\/MG_4776-1024x683.jpg 1024w, https:\/\/lhivernu.com\/wp-content\/uploads\/2022\/05\/MG_4776-300x200.jpg 300w, https:\/\/lhivernu.com\/wp-content\/uploads\/2022\/05\/MG_4776-768x512.jpg 768w, https:\/\/lhivernu.com\/wp-content\/uploads\/2022\/05\/MG_4776-391x260.jpg 391w, https:\/\/lhivernu.com\/wp-content\/uploads\/2022\/05\/MG_4776-1536x1024.jpg 1536w, https:\/\/lhivernu.com\/wp-content\/uploads\/2022\/05\/MG_4776-2048x1365.jpg 2048w, https:\/\/lhivernu.com\/wp-content\/uploads\/2022\/05\/MG_4776-830x553.jpg 830w, https:\/\/lhivernu.com\/wp-content\/uploads\/2022\/05\/MG_4776-230x153.jpg 230w, https:\/\/lhivernu.com\/wp-content\/uploads\/2022\/05\/MG_4776-350x233.jpg 350w, https:\/\/lhivernu.com\/wp-content\/uploads\/2022\/05\/MG_4776-480x320.jpg 480w\" sizes=\"(max-width: 1024px) 100vw, 1024px\" \/><\/figure>\n<\/div>\n<\/div>\n\n\n\n<p class=\"has-medium-font-size\"><strong>Dimanche :<\/strong><\/p>\n\n\n\n<div class=\"wp-block-columns alignwide is-layout-flex wp-container-core-columns-is-layout-28f84493 wp-block-columns-is-layout-flex\">\n<div class=\"wp-block-column is-layout-flow wp-block-column-is-layout-flow\" style=\"flex-basis:33.33%\">\n<figure class=\"wp-block-image size-full is-resized\"><img decoding=\"async\" width=\"540\" height=\"540\" src=\"https:\/\/lhivernu.com\/wp-content\/uploads\/2023\/09\/Theatre-enfant2-edited-2.jpg\" alt=\"\" class=\"wp-image-3251\" style=\"aspect-ratio:1;width:356px;height:auto\" srcset=\"https:\/\/lhivernu.com\/wp-content\/uploads\/2023\/09\/Theatre-enfant2-edited-2.jpg 540w, https:\/\/lhivernu.com\/wp-content\/uploads\/2023\/09\/Theatre-enfant2-edited-2-300x300.jpg 300w, https:\/\/lhivernu.com\/wp-content\/uploads\/2023\/09\/Theatre-enfant2-edited-2-150x150.jpg 150w, https:\/\/lhivernu.com\/wp-content\/uploads\/2023\/09\/Theatre-enfant2-edited-2-230x230.jpg 230w, https:\/\/lhivernu.com\/wp-content\/uploads\/2023\/09\/Theatre-enfant2-edited-2-350x350.jpg 350w, https:\/\/lhivernu.com\/wp-content\/uploads\/2023\/09\/Theatre-enfant2-edited-2-480x480.jpg 480w\" sizes=\"(max-width: 540px) 100vw, 540px\" \/><\/figure>\n<\/div>\n\n\n\n<div class=\"wp-block-column is-layout-flow wp-block-column-is-layout-flow\" style=\"flex-basis:66.66%\">\n<p class=\"has-medium-font-size\"><strong>10h30<\/strong> Atelier Danse Parents\/Enfants (45 minutes \u00e0 1h)<\/p>\n\n\n\n<p>&nbsp;&nbsp;&nbsp; &nbsp;&nbsp;&nbsp; \u00c0 travers des propositions ludiques adapt\u00e9es, chacun pourra choisir des fa\u00e7ons de se mouvoir, d&rsquo;entrer dans la danse et de communiquer corporellement, de se rencontrer et de s&rsquo;entraider, de cr\u00e9er, d&rsquo;entrer en r\u00e9sonance avec la musique, l&rsquo;espace, les autres \u00e0 son propre rythme.<\/p>\n\n\n\n<p class=\"has-medium-font-size\"><strong>10h30-12h30<\/strong> Reprise des ateliers  <\/p>\n\n\n\n<p>arts plastiques \/ construction \/ \u00e9criture \/ atelier p\u00e2tisseries<\/p>\n\n\n\n<p>coin lecture et jeux de soci\u00e9t\u00e9s<\/p>\n\n\n\n<p class=\"has-medium-font-size\"><strong>Pique-nique et grillade partag\u00e9 le midi<\/strong><\/p>\n\n\n\n<p class=\"has-medium-font-size\"><strong>14h<\/strong> Repr\u00e9sentations amateurs<\/p>\n\n\n\n<p>atelier th\u00e9\u00e2tre de Langlade-Brenoux \/ atelier th\u00e9\u00e2tre d&rsquo;Ispagnac \/ atelier th\u00e9\u00e2tre du coll\u00e8ge Henri Bourillon (Mende)\/ Option th\u00e9\u00e2tre du lyc\u00e9e Chaptal&nbsp;<\/p>\n\n\n\n<p class=\"has-medium-font-size\"><strong>vers 16h30-17h<\/strong><\/p>\n\n\n\n<p>D\u00e9fil\u00e9 de g\u00e2teau et inauguration de l&rsquo;exposition r\u00e9alis\u00e9e tout au long du week-end<\/p>\n\n\n\n<p>Cl\u00f4ture collective<\/p>\n<\/div>\n<\/div>\n\n\n\n<figure class=\"wp-block-image size-large\"><img loading=\"lazy\" decoding=\"async\" width=\"1024\" height=\"70\" src=\"https:\/\/lhivernu.com\/wp-content\/uploads\/2024\/04\/logo-1024x70.png\" alt=\"\" class=\"wp-image-4046\" srcset=\"https:\/\/lhivernu.com\/wp-content\/uploads\/2024\/04\/logo-1024x70.png 1024w, https:\/\/lhivernu.com\/wp-content\/uploads\/2024\/04\/logo-300x20.png 300w, https:\/\/lhivernu.com\/wp-content\/uploads\/2024\/04\/logo-768x52.png 768w, https:\/\/lhivernu.com\/wp-content\/uploads\/2024\/04\/logo-830x57.png 830w, https:\/\/lhivernu.com\/wp-content\/uploads\/2024\/04\/logo-230x16.png 230w, https:\/\/lhivernu.com\/wp-content\/uploads\/2024\/04\/logo-350x24.png 350w, https:\/\/lhivernu.com\/wp-content\/uploads\/2024\/04\/logo-480x33.png 480w, https:\/\/lhivernu.com\/wp-content\/uploads\/2024\/04\/logo.png 1453w\" sizes=\"(max-width: 1024px) 100vw, 1024px\" \/><\/figure>\n","protected":false},"excerpt":{"rendered":"<p>Cliquez pour &#8211; En savoir plus sur le pourquoi du comment de cet \u00e9v\u00e8nement Une grande F\u00eate artistique par et pour les enfants qui revient chaque ann\u00e9e le week-end de Pentec\u00f4te. 18 et 19 mai : planning Samedi 18 mai : 11h :&nbsp;Balade en for\u00eat glanage pour r\u00e9aliser la d\u00e9coration v\u00e9g\u00e9tale des diff\u00e9rents espaces. : pensez \u00e0 vous inscrire au 0466455647 12h30 :&nbsp;pique nique partag\u00e9&nbsp; 13h30 \u00e0 17h30 :&nbsp;Ateliers en libre participation : -Arts plastiques (peinture, sculpture, assemblages) autour de la th\u00e9matique des jardins. \u2013 bricolage: r\u00e9alisation d\u2019un \u00e9pouvantail collectif \u2013 \u00e9criture et arts de la parole : raconte-moi ton jardin, \u2013 cuisine : r\u00e9alise les sauces de tes r\u00eaves pour la pasta party du grand banquet \/ atelier p\u00e2tisserie \u2013 coin lecture et jeux de soci\u00e9t\u00e9s De 14h \u00e0 15h&nbsp;: Atelier th\u00e9\u00e2tre avec la compagnie Imbido ouvert \u00e0 tous.tes, De 7 ans \u00e0 12 ans (places limit\u00e9s) \u00e9chauffement, jeux th\u00e9\u00e2traux, r\u00e9alisation de tableaux vivants. En deuxi\u00e8me partie d\u2019atelier, Camille Briffa propose \u00e0 celles et ceux qui veulent de r\u00e9p\u00e9ter une tr\u00e8s courte s\u00e9quence chorale, afin d\u2019int\u00e9grer la repr\u00e9sentation du lendemain. Tout au long de l\u2019apr\u00e8s-midi, un grand jeu de piste te permet de d\u00e9couvrir les lieux et l\u2019ensemble des [&hellip;]<\/p>\n","protected":false},"author":4,"featured_media":0,"parent":0,"menu_order":0,"comment_status":"closed","ping_status":"closed","template":"","meta":{"_themeisle_gutenberg_block_has_review":false,"footnotes":""},"class_list":["post-3652","page","type-page","status-publish","hentry"],"_links":{"self":[{"href":"https:\/\/lhivernu.com\/index.php\/wp-json\/wp\/v2\/pages\/3652","targetHints":{"allow":["GET"]}}],"collection":[{"href":"https:\/\/lhivernu.com\/index.php\/wp-json\/wp\/v2\/pages"}],"about":[{"href":"https:\/\/lhivernu.com\/index.php\/wp-json\/wp\/v2\/types\/page"}],"author":[{"embeddable":true,"href":"https:\/\/lhivernu.com\/index.php\/wp-json\/wp\/v2\/users\/4"}],"replies":[{"embeddable":true,"href":"https:\/\/lhivernu.com\/index.php\/wp-json\/wp\/v2\/comments?post=3652"}],"version-history":[{"count":10,"href":"https:\/\/lhivernu.com\/index.php\/wp-json\/wp\/v2\/pages\/3652\/revisions"}],"predecessor-version":[{"id":4081,"href":"https:\/\/lhivernu.com\/index.php\/wp-json\/wp\/v2\/pages\/3652\/revisions\/4081"}],"wp:attachment":[{"href":"https:\/\/lhivernu.com\/index.php\/wp-json\/wp\/v2\/media?parent=3652"}],"curies":[{"name":"wp","href":"https:\/\/api.w.org\/{rel}","templated":true}]}}