{"id":3654,"date":"2023-10-31T15:04:24","date_gmt":"2023-10-31T14:04:24","guid":{"rendered":"http:\/\/lhivernu.com\/?page_id=3654"},"modified":"2025-05-30T14:58:30","modified_gmt":"2025-05-30T12:58:30","slug":"mon-ptit-doigt-ma-dit","status":"publish","type":"page","link":"https:\/\/lhivernu.com\/index.php\/mon-ptit-doigt-ma-dit\/","title":{"rendered":"Mon p&rsquo;tit doigt m&rsquo;a dit"},"content":{"rendered":"\n<figure class=\"wp-block-image size-large is-resized\"><img fetchpriority=\"high\" decoding=\"async\" width=\"1024\" height=\"683\" src=\"https:\/\/lhivernu.com\/wp-content\/uploads\/2022\/05\/MG_4776-1024x683.jpg\" alt=\"\" class=\"wp-image-2993\" style=\"aspect-ratio:1.499267935578331;width:525px;height:auto\" srcset=\"https:\/\/lhivernu.com\/wp-content\/uploads\/2022\/05\/MG_4776-1024x683.jpg 1024w, https:\/\/lhivernu.com\/wp-content\/uploads\/2022\/05\/MG_4776-300x200.jpg 300w, https:\/\/lhivernu.com\/wp-content\/uploads\/2022\/05\/MG_4776-768x512.jpg 768w, https:\/\/lhivernu.com\/wp-content\/uploads\/2022\/05\/MG_4776-391x260.jpg 391w, https:\/\/lhivernu.com\/wp-content\/uploads\/2022\/05\/MG_4776-1536x1024.jpg 1536w, https:\/\/lhivernu.com\/wp-content\/uploads\/2022\/05\/MG_4776-2048x1365.jpg 2048w, https:\/\/lhivernu.com\/wp-content\/uploads\/2022\/05\/MG_4776-830x553.jpg 830w, https:\/\/lhivernu.com\/wp-content\/uploads\/2022\/05\/MG_4776-230x153.jpg 230w, https:\/\/lhivernu.com\/wp-content\/uploads\/2022\/05\/MG_4776-350x233.jpg 350w, https:\/\/lhivernu.com\/wp-content\/uploads\/2022\/05\/MG_4776-480x320.jpg 480w\" sizes=\"(max-width: 1024px) 100vw, 1024px\" \/><\/figure>\n\n\n\n<h2 class=\"wp-block-heading\"><strong><mark style=\"background-color:rgba(0, 0, 0, 0)\" class=\"has-inline-color has-luminous-vivid-orange-color\">F\u00eate artistique pour et par les enfants<\/mark><\/strong><\/h2>\n\n\n\n<p><strong>Mettre en valeur la d\u00e9marche artistique des enfants et des adolescents<\/strong><br>Le th\u00e9\u00e2tre contemporain \u00e9crit pour la jeunesse r\u00e9v\u00e8le une inventivit\u00e9 et un foisonnement passionnants. Humour, actualit\u00e9, distorsion du langage, une grande libert\u00e9 \u00e9mane des nombreux textes qui voient le jour chaque ann\u00e9e en th\u00e9\u00e2tre enfant.<br>Par ailleurs, nous pensons que les plus jeunes g\u00e9n\u00e9rations sont capables de faire preuve d\u2019une inventivit\u00e9 et d\u2019une capacit\u00e9 de cr\u00e9ation \u00e9tonnante pour peu qu\u2019on en favorise l\u2019\u00e9mergence.<br>En proposant deux jours de spectacles et de travaux plastiques men\u00e9s par les enfants pour tous les publics, c\u2019est avant tout la singularit\u00e9 des d\u00e9marches de cr\u00e9ateurs d\u2019horizons divers et l\u2019exigence et la qualit\u00e9 artistique des enfants que nous souhaitons mettre en valeur.<br>Des ateliers d\u2019expression corporelle, de vid\u00e9o, d\u00e9cor naturel, th\u00e9\u00e2tre, une chorale, des spectacles de th\u00e9\u00e2tre et de danse, permettront aux participants de d\u00e9couvrir de nombreuses d\u00e9marches artistiques, d\u2019\u00eatre tour \u00e0 tour<br>acteurs et spectateurs, mais aussi de prendre le temps d\u2019analyser et de comprendre ensemble ce qu\u2019ils voient ou produisent (temps d\u2019\u00e9changes autour des spectacles vus, des \u0153uvres r\u00e9alis\u00e9es)<\/p>\n\n\n\n<p><strong>Mettre l\u2019accent sur la spontan\u00e9it\u00e9 et l\u2019autonomie des enfants<\/strong><br>Ce qui fait la particularit\u00e9 de ce week-end, c\u2019est qu\u2019\u00e0 partir du cadre que nous posons, nous souhaitons que les enfants et les adolescents qui y participent puissent en \u00eatre le plus possible les moteurs.<br>Ainsi, nous incitons chaque enfant \u00e0 faire part de ses propres d\u00e9sirs, et \u00e0 partager sa pratique (mener un exercice de th\u00e9\u00e2tre, apprendre aux autres un pas de danse, imaginer un sujet de cr\u00e9ation, proposer un d\u00e9cor\u2026).<br>Par ailleurs, les enfants sont associ\u00e9s \u00e0 la pr\u00e9paration des menus, des repas de la soir\u00e9e du samedi soir.<\/p>\n\n\n\n<div style=\"height:46px\" aria-hidden=\"true\" class=\"wp-block-spacer\"><\/div>\n\n\n\n<p>Organis\u00e9 avec les avec le soutien de l&rsquo;Europe, la DRAC Occitanie, la R\u00e9gion Occitanie, du D\u00e9partement de la Loz\u00e8re, de la Communaut\u00e9 de Communes Mont -Loz\u00e8re, des Communes de Lanu\u00e9jols, Brenoux, Saint-\u00c9tienne du Valdonnez, Saint-Bauzile et le Foyer Rural de Langlade Brenoux.<\/p>\n\n\n\n<figure class=\"wp-block-image size-large\"><img decoding=\"async\" width=\"1024\" height=\"283\" src=\"https:\/\/lhivernu.com\/wp-content\/uploads\/2025\/05\/Design-sans-titre2-2-1024x283.png\" alt=\"\" class=\"wp-image-4549\" srcset=\"https:\/\/lhivernu.com\/wp-content\/uploads\/2025\/05\/Design-sans-titre2-2-1024x283.png 1024w, https:\/\/lhivernu.com\/wp-content\/uploads\/2025\/05\/Design-sans-titre2-2-300x83.png 300w, https:\/\/lhivernu.com\/wp-content\/uploads\/2025\/05\/Design-sans-titre2-2-768x212.png 768w, https:\/\/lhivernu.com\/wp-content\/uploads\/2025\/05\/Design-sans-titre2-2-1536x425.png 1536w, https:\/\/lhivernu.com\/wp-content\/uploads\/2025\/05\/Design-sans-titre2-2-830x230.png 830w, https:\/\/lhivernu.com\/wp-content\/uploads\/2025\/05\/Design-sans-titre2-2-230x64.png 230w, https:\/\/lhivernu.com\/wp-content\/uploads\/2025\/05\/Design-sans-titre2-2-350x97.png 350w, https:\/\/lhivernu.com\/wp-content\/uploads\/2025\/05\/Design-sans-titre2-2-480x133.png 480w, https:\/\/lhivernu.com\/wp-content\/uploads\/2025\/05\/Design-sans-titre2-2.png 1768w\" sizes=\"(max-width: 1024px) 100vw, 1024px\" \/><\/figure>\n","protected":false},"excerpt":{"rendered":"<p>F\u00eate artistique pour et par les enfants Mettre en valeur la d\u00e9marche artistique des enfants et des adolescentsLe th\u00e9\u00e2tre contemporain \u00e9crit pour la jeunesse r\u00e9v\u00e8le une inventivit\u00e9 et un foisonnement passionnants. Humour, actualit\u00e9, distorsion du langage, une grande libert\u00e9 \u00e9mane des nombreux textes qui voient le jour chaque ann\u00e9e en th\u00e9\u00e2tre enfant.Par ailleurs, nous pensons que les plus jeunes g\u00e9n\u00e9rations sont capables de faire preuve d\u2019une inventivit\u00e9 et d\u2019une capacit\u00e9 de cr\u00e9ation \u00e9tonnante pour peu qu\u2019on en favorise l\u2019\u00e9mergence.En proposant deux jours de spectacles et de travaux plastiques men\u00e9s par les enfants pour tous les publics, c\u2019est avant tout la singularit\u00e9 des d\u00e9marches de cr\u00e9ateurs d\u2019horizons divers et l\u2019exigence et la qualit\u00e9 artistique des enfants que nous souhaitons mettre en valeur.Des ateliers d\u2019expression corporelle, de vid\u00e9o, d\u00e9cor naturel, th\u00e9\u00e2tre, une chorale, des spectacles de th\u00e9\u00e2tre et de danse, permettront aux participants de d\u00e9couvrir de nombreuses d\u00e9marches artistiques, d\u2019\u00eatre tour \u00e0 touracteurs et spectateurs, mais aussi de prendre le temps d\u2019analyser et de comprendre ensemble ce qu\u2019ils voient ou produisent (temps d\u2019\u00e9changes autour des spectacles vus, des \u0153uvres r\u00e9alis\u00e9es) Mettre l\u2019accent sur la spontan\u00e9it\u00e9 et l\u2019autonomie des enfantsCe qui fait la particularit\u00e9 de ce week-end, c\u2019est qu\u2019\u00e0 partir du cadre que [&hellip;]<\/p>\n","protected":false},"author":4,"featured_media":0,"parent":0,"menu_order":0,"comment_status":"closed","ping_status":"closed","template":"","meta":{"_themeisle_gutenberg_block_has_review":false,"footnotes":""},"class_list":["post-3654","page","type-page","status-publish","hentry"],"_links":{"self":[{"href":"https:\/\/lhivernu.com\/index.php\/wp-json\/wp\/v2\/pages\/3654","targetHints":{"allow":["GET"]}}],"collection":[{"href":"https:\/\/lhivernu.com\/index.php\/wp-json\/wp\/v2\/pages"}],"about":[{"href":"https:\/\/lhivernu.com\/index.php\/wp-json\/wp\/v2\/types\/page"}],"author":[{"embeddable":true,"href":"https:\/\/lhivernu.com\/index.php\/wp-json\/wp\/v2\/users\/4"}],"replies":[{"embeddable":true,"href":"https:\/\/lhivernu.com\/index.php\/wp-json\/wp\/v2\/comments?post=3654"}],"version-history":[{"count":4,"href":"https:\/\/lhivernu.com\/index.php\/wp-json\/wp\/v2\/pages\/3654\/revisions"}],"predecessor-version":[{"id":4551,"href":"https:\/\/lhivernu.com\/index.php\/wp-json\/wp\/v2\/pages\/3654\/revisions\/4551"}],"wp:attachment":[{"href":"https:\/\/lhivernu.com\/index.php\/wp-json\/wp\/v2\/media?parent=3654"}],"curies":[{"name":"wp","href":"https:\/\/api.w.org\/{rel}","templated":true}]}}