{"id":4395,"date":"2025-02-03T11:58:17","date_gmt":"2025-02-03T10:58:17","guid":{"rendered":"http:\/\/lhivernu.com\/?page_id=4395"},"modified":"2026-03-12T17:06:11","modified_gmt":"2026-03-12T16:06:11","slug":"louer-la-fabrique-du-viala","status":"publish","type":"page","link":"https:\/\/lhivernu.com\/index.php\/louer-la-fabrique-du-viala\/","title":{"rendered":"Louer la Fabrique du Viala"},"content":{"rendered":"\n<p>Pour des temps de cr\u00e9ation artistique, pour des stages ou des ateliers en tous genres\u2026<br>Pour des r\u00e9unions, des s\u00e9minaires, des conf\u00e9rences, des d\u00e9bats\u2026<br>Pour des anniversaires, des mariages, des f\u00eates de famille\u2026<\/p>\n\n\n\n<h4 class=\"wp-block-heading\">La fabrique se compose de plusieurs espaces<\/h4>\n\n\n\n<ul class=\"wp-block-list\">\n<li><strong>Le th\u00e9\u00e2tre :<\/strong> compos\u00e9 d\u2019un plateau de 5,5 m x 12 m, 50 si\u00e8ges, sur une superficie d\u2019environ 120 m2 avec tout le mat\u00e9riel son et lumi\u00e8re n\u00e9cessaire.<\/li>\n\n\n\n<li><strong>La salle de r\u00e9p\u00e9tition :<\/strong> un plateau de 5 m par 10 m<\/li>\n\n\n\n<li><strong>La loge :<\/strong> avec sanitaires et douches<\/li>\n\n\n\n<li><strong>L\u2019espace ext\u00e9rieur :<\/strong> avec une grande toile stretch, des caravanes et un th\u00e9\u00e2tre de verdure.<\/li>\n\n\n\n<li><strong>Le foyer :<\/strong> avec une cuisine, un bar, des sanitaires. Possibilit\u00e9 d\u2019accueillir une soixantaine de personne.<\/li>\n<\/ul>\n\n\n\n<p>Si vous \u00eates int\u00e9ress\u00e9s par la location et pour recevoir de plus amples d\u00e9tails, contactez-nous : <a href=\"mailto:communication@lhivernu.com\">communication@lhivernu.com<\/a><\/p>\n","protected":false},"excerpt":{"rendered":"<p>Pour des temps de cr\u00e9ation artistique, pour des stages ou des ateliers en tous genres\u2026Pour des r\u00e9unions, des s\u00e9minaires, des conf\u00e9rences, des d\u00e9bats\u2026Pour des anniversaires, des mariages, des f\u00eates de famille\u2026 La fabrique se compose de plusieurs espaces Si vous \u00eates int\u00e9ress\u00e9s par la location et pour recevoir de plus amples d\u00e9tails, contactez-nous : communication@lhivernu.com<\/p>\n","protected":false},"author":4,"featured_media":4274,"parent":0,"menu_order":0,"comment_status":"closed","ping_status":"closed","template":"","meta":{"_themeisle_gutenberg_block_has_review":false,"footnotes":""},"class_list":["post-4395","page","type-page","status-publish","has-post-thumbnail","hentry"],"_links":{"self":[{"href":"https:\/\/lhivernu.com\/index.php\/wp-json\/wp\/v2\/pages\/4395","targetHints":{"allow":["GET"]}}],"collection":[{"href":"https:\/\/lhivernu.com\/index.php\/wp-json\/wp\/v2\/pages"}],"about":[{"href":"https:\/\/lhivernu.com\/index.php\/wp-json\/wp\/v2\/types\/page"}],"author":[{"embeddable":true,"href":"https:\/\/lhivernu.com\/index.php\/wp-json\/wp\/v2\/users\/4"}],"replies":[{"embeddable":true,"href":"https:\/\/lhivernu.com\/index.php\/wp-json\/wp\/v2\/comments?post=4395"}],"version-history":[{"count":15,"href":"https:\/\/lhivernu.com\/index.php\/wp-json\/wp\/v2\/pages\/4395\/revisions"}],"predecessor-version":[{"id":5340,"href":"https:\/\/lhivernu.com\/index.php\/wp-json\/wp\/v2\/pages\/4395\/revisions\/5340"}],"wp:featuredmedia":[{"embeddable":true,"href":"https:\/\/lhivernu.com\/index.php\/wp-json\/wp\/v2\/media\/4274"}],"wp:attachment":[{"href":"https:\/\/lhivernu.com\/index.php\/wp-json\/wp\/v2\/media?parent=4395"}],"curies":[{"name":"wp","href":"https:\/\/api.w.org\/{rel}","templated":true}]}}