{"id":4553,"date":"2025-05-30T15:03:34","date_gmt":"2025-05-30T13:03:34","guid":{"rendered":"https:\/\/lhivernu.com\/?page_id=4553"},"modified":"2026-04-16T12:25:00","modified_gmt":"2026-04-16T10:25:00","slug":"mon-ptit-doigt-ma-dit-2025","status":"publish","type":"page","link":"https:\/\/lhivernu.com\/index.php\/mon-ptit-doigt-ma-dit-2025\/","title":{"rendered":"Mon p&rsquo;tit doigt m&rsquo;a dit 2025"},"content":{"rendered":"\t\t<div data-elementor-type=\"wp-page\" data-elementor-id=\"4553\" class=\"elementor elementor-4553\">\n\t\t\t\t\t\t<section class=\"elementor-section elementor-top-section elementor-element elementor-element-690c6eb2 elementor-section-boxed elementor-section-height-default elementor-section-height-default\" data-id=\"690c6eb2\" data-element_type=\"section\" data-e-type=\"section\">\n\t\t\t\t\t\t<div class=\"elementor-container elementor-column-gap-default\">\n\t\t\t\t\t<div class=\"elementor-column elementor-col-100 elementor-top-column elementor-element elementor-element-5a0eb51\" data-id=\"5a0eb51\" data-element_type=\"column\" data-e-type=\"column\">\n\t\t\t<div class=\"elementor-widget-wrap elementor-element-populated\">\n\t\t\t\t\t\t<div class=\"elementor-element elementor-element-2fff649 elementor-widget elementor-widget-text-editor\" data-id=\"2fff649\" data-element_type=\"widget\" data-e-type=\"widget\" data-widget_type=\"text-editor.default\">\n\t\t\t\t<div class=\"elementor-widget-container\">\n\t\t\t\t\t\t\t\t\t\n<figure class=\"wp-block-image size-large is-resized\"><a href=\"https:\/\/lhivernu.com\/wp-content\/uploads\/2025\/05\/MG_4776-scaled.jpg\"><img fetchpriority=\"high\" decoding=\"async\" class=\"alignnone wp-image-4520\" style=\"aspect-ratio: 1.499267935578331; width: 411px; height: auto;\" src=\"https:\/\/lhivernu.com\/wp-content\/uploads\/2025\/05\/MG_4776-1024x683.jpg\" alt=\"\" width=\"1024\" height=\"683\" srcset=\"https:\/\/lhivernu.com\/wp-content\/uploads\/2025\/05\/MG_4776-1024x683.jpg 1024w, https:\/\/lhivernu.com\/wp-content\/uploads\/2025\/05\/MG_4776-300x200.jpg 300w, https:\/\/lhivernu.com\/wp-content\/uploads\/2025\/05\/MG_4776-768x512.jpg 768w, https:\/\/lhivernu.com\/wp-content\/uploads\/2025\/05\/MG_4776-391x260.jpg 391w, https:\/\/lhivernu.com\/wp-content\/uploads\/2025\/05\/MG_4776-1536x1024.jpg 1536w, https:\/\/lhivernu.com\/wp-content\/uploads\/2025\/05\/MG_4776-2048x1365.jpg 2048w, https:\/\/lhivernu.com\/wp-content\/uploads\/2025\/05\/MG_4776-830x553.jpg 830w, https:\/\/lhivernu.com\/wp-content\/uploads\/2025\/05\/MG_4776-230x153.jpg 230w, https:\/\/lhivernu.com\/wp-content\/uploads\/2025\/05\/MG_4776-350x233.jpg 350w, https:\/\/lhivernu.com\/wp-content\/uploads\/2025\/05\/MG_4776-480x320.jpg 480w\" sizes=\"(max-width: 1024px) 100vw, 1024px\" \/><\/a><\/figure>\n\n<div class=\"wp-block-spacer\" style=\"height: 28px;\" aria-hidden=\"true\">\u00a0<\/div>\n\n<p>Mon p\u2019tit doigt m\u2019a dit est\u00a0<strong>un \u00e9v\u00e8nement par et pour les enfants<\/strong> qui a lieu chaque ann\u00e9e \u00e0 la Fabrique du Viala. En 2025 il s&rsquo;est d\u00e9roul\u00e9 le week-end du <strong>07 et 08 juin<\/strong>. Le fil rouge de cette \u00e9dition \u00e9tait <strong>\u00ab\u00a0Les mondes sauvages et imaginaires\u00a0\u00bb<\/strong> des enfants c\u00e9l\u00e9br\u00e9s dans toutes les activit\u00e9s propos\u00e9es.<\/p>\n\n<p class=\"has-luminous-vivid-orange-color has-text-color\"><strong>Mon p&rsquo;tit doigt m&rsquo;a dit est organis\u00e9 par l&rsquo;hiver nu et le Foyer Rural de Langlade-Brenoux<\/strong><\/p>\n\n<p class=\"has-luminous-vivid-orange-color has-text-color\"><a href=\"https:\/\/lhivernu.com\/index.php\/mon-ptit-doigt-ma-dit\/\"><strong>Cliquez pour &#8211; En savoir plus sur le pourquoi du comment de cet \u00e9v\u00e8nement<\/strong><\/a><\/p>\n\n<figure class=\"wp-block-gallery has-nested-images columns-default is-cropped wp-block-gallery-6 is-layout-flex wp-block-gallery-is-layout-flex\">\n<figure class=\"wp-block-image size-large\"><a href=\"https:\/\/lhivernu.com\/wp-content\/uploads\/2026\/03\/Atelier-1.png\"><img decoding=\"async\" data-id=\"5255\" class=\"alignnone wp-image-5255\" src=\"https:\/\/lhivernu.com\/wp-content\/uploads\/2026\/03\/Atelier-1-683x1024.png\" alt=\"\" width=\"683\" height=\"1024\" srcset=\"https:\/\/lhivernu.com\/wp-content\/uploads\/2026\/03\/Atelier-1-683x1024.png 683w, https:\/\/lhivernu.com\/wp-content\/uploads\/2026\/03\/Atelier-1-200x300.png 200w, https:\/\/lhivernu.com\/wp-content\/uploads\/2026\/03\/Atelier-1-768x1152.png 768w, https:\/\/lhivernu.com\/wp-content\/uploads\/2026\/03\/Atelier-1-1024x1536.png 1024w, https:\/\/lhivernu.com\/wp-content\/uploads\/2026\/03\/Atelier-1-1365x2048.png 1365w, https:\/\/lhivernu.com\/wp-content\/uploads\/2026\/03\/Atelier-1-830x1245.png 830w, https:\/\/lhivernu.com\/wp-content\/uploads\/2026\/03\/Atelier-1-230x345.png 230w, https:\/\/lhivernu.com\/wp-content\/uploads\/2026\/03\/Atelier-1-350x525.png 350w, https:\/\/lhivernu.com\/wp-content\/uploads\/2026\/03\/Atelier-1-480x720.png 480w\" sizes=\"(max-width: 683px) 100vw, 683px\" \/><\/a><\/figure>\n\n<figure class=\"wp-block-image size-large\"><a href=\"https:\/\/lhivernu.com\/wp-content\/uploads\/2026\/03\/Mon-ptit-doigt-ma-dit-070625-008_MG_9623_HD-scaled.jpg\"><img decoding=\"async\" data-id=\"5256\" class=\"alignnone wp-image-5256\" src=\"https:\/\/lhivernu.com\/wp-content\/uploads\/2026\/03\/Mon-ptit-doigt-ma-dit-070625-008_MG_9623_HD-683x1024.jpg\" alt=\"\" width=\"683\" height=\"1024\" srcset=\"https:\/\/lhivernu.com\/wp-content\/uploads\/2026\/03\/Mon-ptit-doigt-ma-dit-070625-008_MG_9623_HD-683x1024.jpg 683w, https:\/\/lhivernu.com\/wp-content\/uploads\/2026\/03\/Mon-ptit-doigt-ma-dit-070625-008_MG_9623_HD-200x300.jpg 200w, https:\/\/lhivernu.com\/wp-content\/uploads\/2026\/03\/Mon-ptit-doigt-ma-dit-070625-008_MG_9623_HD-768x1152.jpg 768w, https:\/\/lhivernu.com\/wp-content\/uploads\/2026\/03\/Mon-ptit-doigt-ma-dit-070625-008_MG_9623_HD-1024x1536.jpg 1024w, https:\/\/lhivernu.com\/wp-content\/uploads\/2026\/03\/Mon-ptit-doigt-ma-dit-070625-008_MG_9623_HD-1365x2048.jpg 1365w, https:\/\/lhivernu.com\/wp-content\/uploads\/2026\/03\/Mon-ptit-doigt-ma-dit-070625-008_MG_9623_HD-830x1245.jpg 830w, https:\/\/lhivernu.com\/wp-content\/uploads\/2026\/03\/Mon-ptit-doigt-ma-dit-070625-008_MG_9623_HD-230x345.jpg 230w, https:\/\/lhivernu.com\/wp-content\/uploads\/2026\/03\/Mon-ptit-doigt-ma-dit-070625-008_MG_9623_HD-350x525.jpg 350w, https:\/\/lhivernu.com\/wp-content\/uploads\/2026\/03\/Mon-ptit-doigt-ma-dit-070625-008_MG_9623_HD-480x720.jpg 480w, https:\/\/lhivernu.com\/wp-content\/uploads\/2026\/03\/Mon-ptit-doigt-ma-dit-070625-008_MG_9623_HD-scaled.jpg 1707w\" sizes=\"(max-width: 683px) 100vw, 683px\" \/><\/a><\/figure>\n<\/figure>\n\n<div class=\"wp-block-spacer\" style=\"height: 19px;\" aria-hidden=\"true\">\u00a0<\/div>\n\n<h2 class=\"wp-block-heading\">Samedi 07 juin<\/h2>\n\n<p class=\"has-black-color has-text-color\"><strong><mark class=\"has-inline-color has-luminous-vivid-orange-color\" style=\"background-color: rgba(0, 0, 0, 0);\">14h00 \u00e0 17h00<\/mark><\/strong> <strong>Ateliers<\/strong><\/p>\n\n<p>Pour cette \u00e9dition les enfants ont \u00e9t\u00e9 convi\u00e9s-es \u00e0 un grand jeu dans lequel ils et elles devaient inventer ensemble les aventures d&rsquo;enfants qui se r\u00e9veillent myst\u00e9rieusement dans un monde sauvage inconnu. Au gr\u00e9 des diff\u00e9rents ateliers propos\u00e9s ils et elles ont tiss\u00e9 les fils d&rsquo;un r\u00e9cit aux formes multiples (cr\u00e9ations manuelles et de marionnettes, construction, son, \u00e9criture&#8230;). La r\u00e9alisation finale, assembl\u00e9e a \u00e9t\u00e9 pr\u00e9sent\u00e9e \u00e0 tous et toutes (enfants et parents) d\u00e8s le samedi puis le dimanche en fin de journ\u00e9e.<\/p>\n\n<figure class=\"wp-block-gallery has-nested-images columns-default is-cropped wp-block-gallery-7 is-layout-flex wp-block-gallery-is-layout-flex\">\n<figure class=\"wp-block-image size-large\"><a href=\"https:\/\/lhivernu.com\/wp-content\/uploads\/2026\/03\/Mon-ptit-doigt-ma-dit-070625-021_MG_9660_HD-scaled.jpg\"><img loading=\"lazy\" decoding=\"async\" data-id=\"5257\" class=\"alignnone wp-image-5257\" src=\"https:\/\/lhivernu.com\/wp-content\/uploads\/2026\/03\/Mon-ptit-doigt-ma-dit-070625-021_MG_9660_HD-1024x683.jpg\" alt=\"\" width=\"1024\" height=\"683\" srcset=\"https:\/\/lhivernu.com\/wp-content\/uploads\/2026\/03\/Mon-ptit-doigt-ma-dit-070625-021_MG_9660_HD-1024x683.jpg 1024w, https:\/\/lhivernu.com\/wp-content\/uploads\/2026\/03\/Mon-ptit-doigt-ma-dit-070625-021_MG_9660_HD-300x200.jpg 300w, https:\/\/lhivernu.com\/wp-content\/uploads\/2026\/03\/Mon-ptit-doigt-ma-dit-070625-021_MG_9660_HD-768x512.jpg 768w, https:\/\/lhivernu.com\/wp-content\/uploads\/2026\/03\/Mon-ptit-doigt-ma-dit-070625-021_MG_9660_HD-391x260.jpg 391w, https:\/\/lhivernu.com\/wp-content\/uploads\/2026\/03\/Mon-ptit-doigt-ma-dit-070625-021_MG_9660_HD-1536x1024.jpg 1536w, https:\/\/lhivernu.com\/wp-content\/uploads\/2026\/03\/Mon-ptit-doigt-ma-dit-070625-021_MG_9660_HD-2048x1365.jpg 2048w, https:\/\/lhivernu.com\/wp-content\/uploads\/2026\/03\/Mon-ptit-doigt-ma-dit-070625-021_MG_9660_HD-830x553.jpg 830w, https:\/\/lhivernu.com\/wp-content\/uploads\/2026\/03\/Mon-ptit-doigt-ma-dit-070625-021_MG_9660_HD-230x153.jpg 230w, https:\/\/lhivernu.com\/wp-content\/uploads\/2026\/03\/Mon-ptit-doigt-ma-dit-070625-021_MG_9660_HD-350x233.jpg 350w, https:\/\/lhivernu.com\/wp-content\/uploads\/2026\/03\/Mon-ptit-doigt-ma-dit-070625-021_MG_9660_HD-480x320.jpg 480w\" sizes=\"(max-width: 1024px) 100vw, 1024px\" \/><\/a><\/figure>\n\n<figure class=\"wp-block-image size-large\"><a href=\"https:\/\/lhivernu.com\/wp-content\/uploads\/2026\/03\/Mon-ptit-doigt-ma-dit-070625-022_MG_9662_HD-scaled.jpg\"><img loading=\"lazy\" decoding=\"async\" data-id=\"5258\" class=\"alignnone wp-image-5258\" src=\"https:\/\/lhivernu.com\/wp-content\/uploads\/2026\/03\/Mon-ptit-doigt-ma-dit-070625-022_MG_9662_HD-683x1024.jpg\" alt=\"\" width=\"683\" height=\"1024\" srcset=\"https:\/\/lhivernu.com\/wp-content\/uploads\/2026\/03\/Mon-ptit-doigt-ma-dit-070625-022_MG_9662_HD-683x1024.jpg 683w, https:\/\/lhivernu.com\/wp-content\/uploads\/2026\/03\/Mon-ptit-doigt-ma-dit-070625-022_MG_9662_HD-200x300.jpg 200w, https:\/\/lhivernu.com\/wp-content\/uploads\/2026\/03\/Mon-ptit-doigt-ma-dit-070625-022_MG_9662_HD-768x1152.jpg 768w, https:\/\/lhivernu.com\/wp-content\/uploads\/2026\/03\/Mon-ptit-doigt-ma-dit-070625-022_MG_9662_HD-1024x1536.jpg 1024w, https:\/\/lhivernu.com\/wp-content\/uploads\/2026\/03\/Mon-ptit-doigt-ma-dit-070625-022_MG_9662_HD-1365x2048.jpg 1365w, https:\/\/lhivernu.com\/wp-content\/uploads\/2026\/03\/Mon-ptit-doigt-ma-dit-070625-022_MG_9662_HD-830x1245.jpg 830w, https:\/\/lhivernu.com\/wp-content\/uploads\/2026\/03\/Mon-ptit-doigt-ma-dit-070625-022_MG_9662_HD-230x345.jpg 230w, https:\/\/lhivernu.com\/wp-content\/uploads\/2026\/03\/Mon-ptit-doigt-ma-dit-070625-022_MG_9662_HD-350x525.jpg 350w, https:\/\/lhivernu.com\/wp-content\/uploads\/2026\/03\/Mon-ptit-doigt-ma-dit-070625-022_MG_9662_HD-480x720.jpg 480w, https:\/\/lhivernu.com\/wp-content\/uploads\/2026\/03\/Mon-ptit-doigt-ma-dit-070625-022_MG_9662_HD-scaled.jpg 1707w\" sizes=\"(max-width: 683px) 100vw, 683px\" \/><\/a><\/figure>\n<\/figure>\n\n<div class=\"wp-block-spacer\" style=\"height: 19px;\" aria-hidden=\"true\">\u00a0<\/div>\n\n<p>Tout au long de cette belle apr\u00e8s-midi s&rsquo;est d\u00e9roul\u00e9 un atelier p\u00e2tisserie, un coin lecture, un jeu de piste et une kermesse imaginaire.<\/p>\n\n<figure class=\"wp-block-gallery has-nested-images columns-default is-cropped wp-block-gallery-8 is-layout-flex wp-block-gallery-is-layout-flex\">\n<figure class=\"wp-block-image size-large\"><a href=\"https:\/\/lhivernu.com\/wp-content\/uploads\/2026\/03\/Mon-ptit-doigt-ma-dit-070625-004_MG_9614_HD-scaled.jpg\"><img loading=\"lazy\" decoding=\"async\" data-id=\"5260\" class=\"alignnone wp-image-5260\" src=\"https:\/\/lhivernu.com\/wp-content\/uploads\/2026\/03\/Mon-ptit-doigt-ma-dit-070625-004_MG_9614_HD-1024x683.jpg\" alt=\"\" width=\"1024\" height=\"683\" srcset=\"https:\/\/lhivernu.com\/wp-content\/uploads\/2026\/03\/Mon-ptit-doigt-ma-dit-070625-004_MG_9614_HD-1024x683.jpg 1024w, https:\/\/lhivernu.com\/wp-content\/uploads\/2026\/03\/Mon-ptit-doigt-ma-dit-070625-004_MG_9614_HD-300x200.jpg 300w, https:\/\/lhivernu.com\/wp-content\/uploads\/2026\/03\/Mon-ptit-doigt-ma-dit-070625-004_MG_9614_HD-768x512.jpg 768w, https:\/\/lhivernu.com\/wp-content\/uploads\/2026\/03\/Mon-ptit-doigt-ma-dit-070625-004_MG_9614_HD-391x260.jpg 391w, https:\/\/lhivernu.com\/wp-content\/uploads\/2026\/03\/Mon-ptit-doigt-ma-dit-070625-004_MG_9614_HD-1536x1024.jpg 1536w, https:\/\/lhivernu.com\/wp-content\/uploads\/2026\/03\/Mon-ptit-doigt-ma-dit-070625-004_MG_9614_HD-2048x1365.jpg 2048w, https:\/\/lhivernu.com\/wp-content\/uploads\/2026\/03\/Mon-ptit-doigt-ma-dit-070625-004_MG_9614_HD-830x553.jpg 830w, https:\/\/lhivernu.com\/wp-content\/uploads\/2026\/03\/Mon-ptit-doigt-ma-dit-070625-004_MG_9614_HD-230x153.jpg 230w, https:\/\/lhivernu.com\/wp-content\/uploads\/2026\/03\/Mon-ptit-doigt-ma-dit-070625-004_MG_9614_HD-350x233.jpg 350w, https:\/\/lhivernu.com\/wp-content\/uploads\/2026\/03\/Mon-ptit-doigt-ma-dit-070625-004_MG_9614_HD-480x320.jpg 480w\" sizes=\"(max-width: 1024px) 100vw, 1024px\" \/><\/a>\n<figcaption class=\"wp-element-caption\">En cuisine<\/figcaption>\n<\/figure>\n\n<figure class=\"wp-block-image size-large\"><a href=\"https:\/\/lhivernu.com\/wp-content\/uploads\/2026\/03\/Mon-ptit-doigt-ma-dit-070625-014_MG_9641_HD-1-scaled.jpg\"><img loading=\"lazy\" decoding=\"async\" data-id=\"5261\" class=\"alignnone wp-image-5261\" src=\"https:\/\/lhivernu.com\/wp-content\/uploads\/2026\/03\/Mon-ptit-doigt-ma-dit-070625-014_MG_9641_HD-1-683x1024.jpg\" alt=\"\" width=\"683\" height=\"1024\" srcset=\"https:\/\/lhivernu.com\/wp-content\/uploads\/2026\/03\/Mon-ptit-doigt-ma-dit-070625-014_MG_9641_HD-1-683x1024.jpg 683w, https:\/\/lhivernu.com\/wp-content\/uploads\/2026\/03\/Mon-ptit-doigt-ma-dit-070625-014_MG_9641_HD-1-200x300.jpg 200w, https:\/\/lhivernu.com\/wp-content\/uploads\/2026\/03\/Mon-ptit-doigt-ma-dit-070625-014_MG_9641_HD-1-768x1152.jpg 768w, https:\/\/lhivernu.com\/wp-content\/uploads\/2026\/03\/Mon-ptit-doigt-ma-dit-070625-014_MG_9641_HD-1-1024x1536.jpg 1024w, https:\/\/lhivernu.com\/wp-content\/uploads\/2026\/03\/Mon-ptit-doigt-ma-dit-070625-014_MG_9641_HD-1-1365x2048.jpg 1365w, https:\/\/lhivernu.com\/wp-content\/uploads\/2026\/03\/Mon-ptit-doigt-ma-dit-070625-014_MG_9641_HD-1-830x1245.jpg 830w, https:\/\/lhivernu.com\/wp-content\/uploads\/2026\/03\/Mon-ptit-doigt-ma-dit-070625-014_MG_9641_HD-1-230x345.jpg 230w, https:\/\/lhivernu.com\/wp-content\/uploads\/2026\/03\/Mon-ptit-doigt-ma-dit-070625-014_MG_9641_HD-1-350x525.jpg 350w, https:\/\/lhivernu.com\/wp-content\/uploads\/2026\/03\/Mon-ptit-doigt-ma-dit-070625-014_MG_9641_HD-1-480x720.jpg 480w, https:\/\/lhivernu.com\/wp-content\/uploads\/2026\/03\/Mon-ptit-doigt-ma-dit-070625-014_MG_9641_HD-1-scaled.jpg 1707w\" sizes=\"(max-width: 683px) 100vw, 683px\" \/><\/a>\n<figcaption class=\"wp-element-caption\">Kermesse imaginaire<\/figcaption>\n<\/figure>\n\n<figure class=\"wp-block-image\"><img decoding=\"async\" src=\"blob:https:\/\/lhivernu.com\/ed1a8eb1-f54c-47a3-a33f-349c56763a8e\" alt=\"\" \/><\/figure>\n<\/figure>\n\n<div class=\"wp-block-spacer\" style=\"height: 19px;\" aria-hidden=\"true\">\u00a0<\/div>\n\n<p><strong><mark class=\"has-inline-color has-luminous-vivid-orange-color\" style=\"background-color: rgba(0, 0, 0, 0);\">18h00<\/mark> Spectacle<\/strong><br \/>Les petits et les grands ont interrompu les ateliers pour profiter du spectacle <em><a href=\"https:\/\/www.compagniedessingeshurleurs.fr\/le-papalagui\/\">Le Papalagui<\/a><\/em> par la <a href=\"https:\/\/www.compagniedessingeshurleurs.fr\/\">Cie des singes hurleurs<\/a> jou\u00e9 dans le th\u00e9\u00e2tre.<br \/>\u00ab\u00a0Touiavii, le chef d\u2019une tribu samoane, a voyag\u00e9 en Europe, en 1900. Il est venu, il a vu et\u2026 il est reparti ! Il a alors racont\u00e9 \u00e0 son peuple tout ce qu\u2019il a vu et la fa\u00e7on dont vivent les Papalagui. Papalagui, en samoan, signifie le Blanc, l\u2019Europ\u00e9en, l\u2019Occidental. Les PAPALAGUIS, c\u2019est nous ! Le spectacle parle de nous ! Et ce point de vue n\u2019est pas banal. Car comment raconter une ville, l\u2019argent, \u00e0 qui n\u2019en n\u2019a jamais vu ? Une dr\u00f4le de professeure, emp\u00eatr\u00e9e dans ses nombreux objets, gestes et pens\u00e9es typiquement \u201cpapalaguesque\u201d, s\u2019empare de la parole de Touiavii. Elle m\u00e8ne son public \u00e0 la baguette dans un rythme endiabl\u00e9, et tente de mettre en pratique les d\u00e9monstrations de Touiavii, alternant le jeu d\u2019acteur et la marionnette.\u00a0\u00bb<\/p>\n\n<figure class=\"wp-block-gallery has-nested-images columns-default is-cropped wp-block-gallery-9 is-layout-flex wp-block-gallery-is-layout-flex\">\n<figure class=\"wp-block-image size-large\"><a href=\"https:\/\/lhivernu.com\/wp-content\/uploads\/2025\/05\/Papalagui-3.jpg\"><img loading=\"lazy\" decoding=\"async\" data-id=\"4521\" class=\"alignnone wp-image-4521\" style=\"aspect-ratio: 1.6759410801963994;\" src=\"https:\/\/lhivernu.com\/wp-content\/uploads\/2025\/05\/Papalagui-3-1024x611.jpg\" alt=\"\" width=\"1024\" height=\"611\" srcset=\"https:\/\/lhivernu.com\/wp-content\/uploads\/2025\/05\/Papalagui-3-1024x611.jpg 1024w, https:\/\/lhivernu.com\/wp-content\/uploads\/2025\/05\/Papalagui-3-300x179.jpg 300w, https:\/\/lhivernu.com\/wp-content\/uploads\/2025\/05\/Papalagui-3-768x458.jpg 768w, https:\/\/lhivernu.com\/wp-content\/uploads\/2025\/05\/Papalagui-3-830x495.jpg 830w, https:\/\/lhivernu.com\/wp-content\/uploads\/2025\/05\/Papalagui-3-230x137.jpg 230w, https:\/\/lhivernu.com\/wp-content\/uploads\/2025\/05\/Papalagui-3-350x209.jpg 350w, https:\/\/lhivernu.com\/wp-content\/uploads\/2025\/05\/Papalagui-3-480x286.jpg 480w, https:\/\/lhivernu.com\/wp-content\/uploads\/2025\/05\/Papalagui-3.jpg 1529w\" sizes=\"(max-width: 1024px) 100vw, 1024px\" \/><\/a><\/figure>\n<\/figure>\n\n<div class=\"wp-block-spacer\" style=\"height: 19px;\" aria-hidden=\"true\">\u00a0<\/div>\n\n<p><strong>Conception, jeu et manipulation<\/strong> : M\u00e9lanie Devold\u00e8re<br \/><strong>Adaptation et mise en sc\u00e8ne<\/strong> : M\u00e9lanie Devold\u00e8re et Ga\u00ebl Mass\u00e9<br \/><strong>Musique originale<\/strong> : Thierry Jahn<br \/><strong>Texte Original<\/strong> : paroles retranscrites en 1920 par Erich Scheurmann et traduites de l\u2019allemand par Dominique Roudi\u00e8re.<\/p>\n\n<p><strong><mark class=\"has-inline-color has-luminous-vivid-orange-color\" style=\"background-color: rgba(0, 0, 0, 0);\">19h30<\/mark> Banquet<\/strong><br \/>La journ\u00e9e s&rsquo;est achev\u00e9e comme les autres ann\u00e9es par le banquet des enfants.<\/p>\n\n<p><strong><mark class=\"has-inline-color has-luminous-vivid-orange-color\" style=\"background-color: rgba(0, 0, 0, 0);\">20h30<\/mark> Sc\u00e8ne ouverte<\/strong><\/p>\n\n<p>Les enfants et les adolescent-es pr\u00e9sent-es ont profit\u00e9 de cette sc\u00e8ne ouverte pour faire briller leur talent.<\/p>\n\n<h2 class=\"wp-block-heading\">Dimanche 08 juin<\/h2>\n\n<p><strong><mark class=\"has-inline-color has-luminous-vivid-orange-color\" style=\"background-color: rgba(0, 0, 0, 0);\">10h30<\/mark> Reprise des ateliers<\/strong><br \/>T\u00f4t le matin les enfants \u00e9taient convi\u00e9s pour reprendre les ateliers (cr\u00e9ations manuelles et de marionnettes, construction, son, \u00e9criture&#8230;).<\/p>\n\n<p><strong><mark class=\"has-inline-color has-luminous-vivid-orange-color\" style=\"background-color: rgba(0, 0, 0, 0);\">11h00<\/mark> Atelier danse parents et enfants<\/strong><br \/>Comme l&rsquo;an dernier les familles pouvaient participer \u00e0 un atelier de danse.<\/p>\n\n<p><strong><mark class=\"has-inline-color has-luminous-vivid-orange-color\" style=\"background-color: rgba(0, 0, 0, 0);\">12h30<\/mark> Grillades et pique nique partag\u00e9<\/strong><\/p>\n\n<figure class=\"wp-block-gallery has-nested-images columns-default is-cropped wp-block-gallery-10 is-layout-flex wp-block-gallery-is-layout-flex\">\n<figure class=\"wp-block-image size-large\"><a href=\"https:\/\/lhivernu.com\/wp-content\/uploads\/2026\/03\/Mon-ptit-doigt-ma-dit-070625-029_MG_9673_HD-scaled.jpg\"><img loading=\"lazy\" decoding=\"async\" data-id=\"5262\" class=\"alignnone wp-image-5262\" src=\"https:\/\/lhivernu.com\/wp-content\/uploads\/2026\/03\/Mon-ptit-doigt-ma-dit-070625-029_MG_9673_HD-1024x683.jpg\" alt=\"\" width=\"1024\" height=\"683\" srcset=\"https:\/\/lhivernu.com\/wp-content\/uploads\/2026\/03\/Mon-ptit-doigt-ma-dit-070625-029_MG_9673_HD-1024x683.jpg 1024w, https:\/\/lhivernu.com\/wp-content\/uploads\/2026\/03\/Mon-ptit-doigt-ma-dit-070625-029_MG_9673_HD-300x200.jpg 300w, https:\/\/lhivernu.com\/wp-content\/uploads\/2026\/03\/Mon-ptit-doigt-ma-dit-070625-029_MG_9673_HD-768x512.jpg 768w, https:\/\/lhivernu.com\/wp-content\/uploads\/2026\/03\/Mon-ptit-doigt-ma-dit-070625-029_MG_9673_HD-391x260.jpg 391w, https:\/\/lhivernu.com\/wp-content\/uploads\/2026\/03\/Mon-ptit-doigt-ma-dit-070625-029_MG_9673_HD-1536x1024.jpg 1536w, https:\/\/lhivernu.com\/wp-content\/uploads\/2026\/03\/Mon-ptit-doigt-ma-dit-070625-029_MG_9673_HD-2048x1365.jpg 2048w, https:\/\/lhivernu.com\/wp-content\/uploads\/2026\/03\/Mon-ptit-doigt-ma-dit-070625-029_MG_9673_HD-830x553.jpg 830w, https:\/\/lhivernu.com\/wp-content\/uploads\/2026\/03\/Mon-ptit-doigt-ma-dit-070625-029_MG_9673_HD-230x153.jpg 230w, https:\/\/lhivernu.com\/wp-content\/uploads\/2026\/03\/Mon-ptit-doigt-ma-dit-070625-029_MG_9673_HD-350x233.jpg 350w, https:\/\/lhivernu.com\/wp-content\/uploads\/2026\/03\/Mon-ptit-doigt-ma-dit-070625-029_MG_9673_HD-480x320.jpg 480w\" sizes=\"(max-width: 1024px) 100vw, 1024px\" \/><\/a><\/figure>\n<\/figure>\n\n<p><strong><mark class=\"has-inline-color has-luminous-vivid-orange-color\" style=\"background-color: rgba(0, 0, 0, 0);\">14h00 \u00e0 17h00<\/mark> Vernissage et spectacles<\/strong><br \/>Lors du vernissage le public a pu d\u00e9couvrir les r\u00e9alisations des enfants qui ont particip\u00e9 au stage \u00ab\u00a0\u00e9criture et arts plastiques\u00a0\u00bb \u00e0 Allenc en avril avec Claire Perraudeau et Nathalie Massenet.<br \/>A l&rsquo;issue du vernissage les troupes amateurs d&rsquo;enfants et d&rsquo;adolescents de Loz\u00e8re ont jou\u00e9 leur spectacle ou un extrait de leur futur spectacle. Ce f\u00fbt l&rsquo;occasion de d\u00e9couvrir :<\/p>\n\n<ul class=\"wp-block-list\">\n<li>un extraits de <em>L&rsquo;\u00c2ne d&rsquo;or<\/em> d&rsquo;Apul\u00e9e par la troupe d&rsquo;Ispagnac &#8211; <a href=\"https:\/\/cieimbido.wixsite.com\/theatre\">Cie Imbido<\/a> &#8211; Camille Briffa<\/li>\n\n<li><em>Z\u00e9phyr et Aliz\u00e9e<\/em> de Fabien Arca par la troupe de Langlade &#8211; Cie l&rsquo;hiver nu &#8211; Claire Perraudeau<\/li>\n\n<li><em>D\u00e9brayage<\/em> de R\u00e9mi De Vos par la troupe ados de la Fabrique &#8211; Cie l&rsquo;hiver nu &#8211; Th\u00e9o Guilhem Gu\u00e9ry<\/li>\n\n<li><em>La M\u00e9tamorphose\u00a0<\/em>par la troupe ado de La Canourgue &#8211; Cie Le Plateau des Sources Rouges soutenue par l&rsquo;EVS Familles Actives &#8211; Roxane Rizvi<\/li>\n<\/ul>\n\t\t\t\t\t\t\t\t<\/div>\n\t\t\t\t<\/div>\n\t\t\t\t\t<\/div>\n\t\t<\/div>\n\t\t\t\t\t<\/div>\n\t\t<\/section>\n\t\t\t\t<\/div>\n\t\t","protected":false},"excerpt":{"rendered":"<p>Mon p\u2019tit doigt m\u2019a dit est\u00a0un \u00e9v\u00e8nement par et pour les enfants qui a lieu chaque ann\u00e9e \u00e0 la Fabrique du Viala. En 2025 il s&rsquo;est d\u00e9roul\u00e9 le week-end du 07 et 08 juin. Le fil rouge de cette \u00e9dition \u00e9tait \u00ab\u00a0Les mondes sauvages et imaginaires\u00a0\u00bb des enfants c\u00e9l\u00e9br\u00e9s dans toutes les activit\u00e9s propos\u00e9es. Mon p&rsquo;tit doigt m&rsquo;a dit est organis\u00e9 par l&rsquo;hiver nu et le Foyer Rural de Langlade-Brenoux Cliquez pour &#8211; En savoir plus sur le pourquoi du comment de cet \u00e9v\u00e8nement Samedi 07 juin 14h00 \u00e0 17h00 Ateliers Pour cette \u00e9dition les enfants ont \u00e9t\u00e9 convi\u00e9s-es \u00e0 un grand jeu dans lequel ils et elles devaient inventer ensemble les aventures d&rsquo;enfants qui se r\u00e9veillent myst\u00e9rieusement dans un monde sauvage inconnu. Au gr\u00e9 des diff\u00e9rents ateliers propos\u00e9s ils et elles ont tiss\u00e9 les fils d&rsquo;un r\u00e9cit aux formes multiples (cr\u00e9ations manuelles et de marionnettes, construction, son, \u00e9criture&#8230;). La r\u00e9alisation finale, assembl\u00e9e a \u00e9t\u00e9 pr\u00e9sent\u00e9e \u00e0 tous et toutes (enfants et parents) d\u00e8s le samedi puis le dimanche en fin de journ\u00e9e. Tout au long de cette belle apr\u00e8s-midi s&rsquo;est d\u00e9roul\u00e9 un atelier p\u00e2tisserie, un coin lecture, un jeu de piste et une kermesse imaginaire. 18h00 SpectacleLes petits et [&hellip;]<\/p>\n","protected":false},"author":4,"featured_media":0,"parent":0,"menu_order":0,"comment_status":"closed","ping_status":"closed","template":"","meta":{"_themeisle_gutenberg_block_has_review":false,"footnotes":""},"class_list":["post-4553","page","type-page","status-publish","hentry"],"_links":{"self":[{"href":"https:\/\/lhivernu.com\/index.php\/wp-json\/wp\/v2\/pages\/4553","targetHints":{"allow":["GET"]}}],"collection":[{"href":"https:\/\/lhivernu.com\/index.php\/wp-json\/wp\/v2\/pages"}],"about":[{"href":"https:\/\/lhivernu.com\/index.php\/wp-json\/wp\/v2\/types\/page"}],"author":[{"embeddable":true,"href":"https:\/\/lhivernu.com\/index.php\/wp-json\/wp\/v2\/users\/4"}],"replies":[{"embeddable":true,"href":"https:\/\/lhivernu.com\/index.php\/wp-json\/wp\/v2\/comments?post=4553"}],"version-history":[{"count":12,"href":"https:\/\/lhivernu.com\/index.php\/wp-json\/wp\/v2\/pages\/4553\/revisions"}],"predecessor-version":[{"id":5447,"href":"https:\/\/lhivernu.com\/index.php\/wp-json\/wp\/v2\/pages\/4553\/revisions\/5447"}],"wp:attachment":[{"href":"https:\/\/lhivernu.com\/index.php\/wp-json\/wp\/v2\/media?parent=4553"}],"curies":[{"name":"wp","href":"https:\/\/api.w.org\/{rel}","templated":true}]}}