{"id":820,"date":"2017-03-20T16:56:27","date_gmt":"2017-03-20T15:56:27","guid":{"rendered":"https:\/\/lhivernu.wordpress.com\/?page_id=820"},"modified":"2026-04-16T12:01:28","modified_gmt":"2026-04-16T10:01:28","slug":"oedipe-sur-la-route","status":"publish","type":"page","link":"https:\/\/lhivernu.com\/index.php\/creations\/oedipe-sur-la-route\/","title":{"rendered":"Oedipe sur la route"},"content":{"rendered":"\t\t<div data-elementor-type=\"wp-page\" data-elementor-id=\"820\" class=\"elementor elementor-820\">\n\t\t\t\t\t\t<section class=\"elementor-section elementor-top-section elementor-element elementor-element-a086587 elementor-section-boxed elementor-section-height-default elementor-section-height-default\" data-id=\"a086587\" data-element_type=\"section\" data-e-type=\"section\">\n\t\t\t\t\t\t<div class=\"elementor-container elementor-column-gap-default\">\n\t\t\t\t\t<div class=\"elementor-column elementor-col-100 elementor-top-column elementor-element elementor-element-5f216b4b\" data-id=\"5f216b4b\" data-element_type=\"column\" data-e-type=\"column\">\n\t\t\t<div class=\"elementor-widget-wrap elementor-element-populated\">\n\t\t\t\t\t\t<div class=\"elementor-element elementor-element-242045c7 elementor-widget elementor-widget-text-editor\" data-id=\"242045c7\" data-element_type=\"widget\" data-e-type=\"widget\" data-widget_type=\"text-editor.default\">\n\t\t\t\t<div class=\"elementor-widget-container\">\n\t\t\t\t\t\t\t\t\t<h2><span style=\"color: #800000;\">Cr\u00e9ation 2010<\/span><\/h2><p>Lecture-concert<\/p><p>\u00c0 partir des romans \u00e9ponymes d\u2019<span style=\"color: #800000;\">Henry Bauchau<\/span><\/p><p>Mise en sc\u00e8ne\u00a0: <span style=\"color: #800000;\">Baptiste Etard<\/span> \/ Jeu\u00a0: <span style=\"color: #800000;\">Claire Perraudeau et Jean-Luc Vincent<\/span> \/ Univers sonore\u00a0: <span style=\"color: #800000;\">Fran\u00e7ois Tarot<\/span> \/ R\u00e9gie\u00a0: <span style=\"color: #800000;\">Herv\u00e9 Chapelon<\/span><\/p><p>Dans son roman <em>\u0152dipe sur la route<\/em>, \u00e9crit dans les ann\u00e9es quatre-vingt, Henry Bauchau invente un \u00e9pisode oubli\u00e9 par les r\u00e9cits antiques\u00a0: le voyage de l\u2019ancien roi de Th\u00e8bes, qui, se d\u00e9couvrant incestueux et parricide, s\u2019est crev\u00e9 les yeux. Il mettra dix ans pour rejoindre Colone, accompagn\u00e9 par la tr\u00e8s jeune Antigone. Son r\u00e9cit se transforme en une \u00e9pop\u00e9e foisonnante et fait de cette errance une longue reconqu\u00eate de soi. Sur la route, \u0152dipe devient un po\u00e8te-chanteur, un a\u00e8de, et r\u00e9int\u00e8gre, de cette fa\u00e7on, la communaut\u00e9 des hommes dont il s\u2019\u00e9tait exclu.<\/p><p>Pour transmettre ce r\u00e9cit mythique, deux com\u00e9diens et un musicien s\u2019installent dans la ville avec leur remorque transform\u00e9e en studio d\u2019enregistrement nomade. Invitant le public \u00e0 les \u00e9couter au casque, ils proposent des extraits du roman. Ils naviguent entre lecture, concert et conte radiophonique.<\/p><p><a href=\"https:\/\/lhivernu.com\/wp-content\/uploads\/2016\/09\/filage-spectacle-time-lapse-404.jpg\"><img fetchpriority=\"high\" decoding=\"async\" class=\"alignnone wp-image-297 size-full\" src=\"https:\/\/lhivernu.com\/wp-content\/uploads\/2016\/09\/filage-spectacle-time-lapse-404.jpg\" alt=\"filage-spectacle-time-lapse-404\" width=\"4288\" height=\"2848\" srcset=\"https:\/\/lhivernu.com\/wp-content\/uploads\/2016\/09\/filage-spectacle-time-lapse-404.jpg 4288w, https:\/\/lhivernu.com\/wp-content\/uploads\/2016\/09\/filage-spectacle-time-lapse-404-300x199.jpg 300w, https:\/\/lhivernu.com\/wp-content\/uploads\/2016\/09\/filage-spectacle-time-lapse-404-768x510.jpg 768w, https:\/\/lhivernu.com\/wp-content\/uploads\/2016\/09\/filage-spectacle-time-lapse-404-1024x680.jpg 1024w\" sizes=\"(max-width: 4288px) 100vw, 4288px\" \/><\/a><\/p><div id='gallery-1' class='gallery galleryid-820 gallery-columns-3 gallery-size-medium'><figure class='gallery-item'>\n\t\t\t<div class='gallery-icon portrait'>\n\t\t\t\t<a href='https:\/\/lhivernu.com\/index.php\/le-viala\/img_0079\/'><img decoding=\"async\" width=\"225\" height=\"300\" src=\"https:\/\/lhivernu.com\/wp-content\/uploads\/2016\/09\/img_0079-225x300.jpg\" class=\"attachment-medium size-medium\" alt=\"\" srcset=\"https:\/\/lhivernu.com\/wp-content\/uploads\/2016\/09\/img_0079-225x300.jpg 225w, https:\/\/lhivernu.com\/wp-content\/uploads\/2016\/09\/img_0079-768x1024.jpg 768w, https:\/\/lhivernu.com\/wp-content\/uploads\/2016\/09\/img_0079.jpg 1536w\" sizes=\"(max-width: 225px) 100vw, 225px\" \/><\/a>\n\t\t\t<\/div><\/figure><figure class='gallery-item'>\n\t\t\t<div class='gallery-icon landscape'>\n\t\t\t\t<a href='https:\/\/lhivernu.com\/index.php\/le-viala\/filage-spectacle-time-lapse-364\/'><img decoding=\"async\" width=\"300\" height=\"112\" src=\"https:\/\/lhivernu.com\/wp-content\/uploads\/2016\/09\/filage-spectacle-time-lapse-364-300x112.jpg\" class=\"attachment-medium size-medium\" alt=\"\" srcset=\"https:\/\/lhivernu.com\/wp-content\/uploads\/2016\/09\/filage-spectacle-time-lapse-364-300x112.jpg 300w, https:\/\/lhivernu.com\/wp-content\/uploads\/2016\/09\/filage-spectacle-time-lapse-364-768x286.jpg 768w, https:\/\/lhivernu.com\/wp-content\/uploads\/2016\/09\/filage-spectacle-time-lapse-364-1024x381.jpg 1024w\" sizes=\"(max-width: 300px) 100vw, 300px\" \/><\/a>\n\t\t\t<\/div><\/figure><figure class='gallery-item'>\n\t\t\t<div class='gallery-icon portrait'>\n\t\t\t\t<a href='https:\/\/lhivernu.com\/index.php\/creations\/oedipe-sur-la-route\/antigone-069\/'><img loading=\"lazy\" decoding=\"async\" width=\"199\" height=\"300\" src=\"https:\/\/lhivernu.com\/wp-content\/uploads\/2017\/03\/antigone-069-199x300.jpg\" class=\"attachment-medium size-medium\" alt=\"\" srcset=\"https:\/\/lhivernu.com\/wp-content\/uploads\/2017\/03\/antigone-069-199x300.jpg 199w, https:\/\/lhivernu.com\/wp-content\/uploads\/2017\/03\/antigone-069-768x1156.jpg 768w, https:\/\/lhivernu.com\/wp-content\/uploads\/2017\/03\/antigone-069-680x1024.jpg 680w\" sizes=\"(max-width: 199px) 100vw, 199px\" \/><\/a>\n\t\t\t<\/div><\/figure>\n\t\t<\/div>\n<p>\u00a0<\/p><p>En coproduction avec <span style=\"color: #800000;\">L\u2019Adda. Sc\u00e8nes Crois\u00e9es de Loz\u00e8re.<\/span><\/p><p>Avec le soutien de l<span style=\"color: #800000;\">a DRAC Languedoc-Roussillon, de la r\u00e9gion Languedoc-Roussillon, du Conseil G\u00e9n\u00e9ral de la Loz\u00e8re, de la communaut\u00e9 de communes du Valdonnez, des communes de Lanu\u00e9jols, Saint-Bauzile, Balsi\u00e8ges, de la ville de Mende, de la Baignoire (Montpellier), de la Maison du geste et de l\u2019image (Paris) et de la NEF (Pantin).<\/span><\/p><p>Merci aux <span style=\"color: #800000;\">associations Rude Boy Crew, AquI O\u00ef et le Vallon du Villaret.<\/span><\/p><p>\u00a0<\/p>\t\t\t\t\t\t\t\t<\/div>\n\t\t\t\t<\/div>\n\t\t\t\t\t<\/div>\n\t\t<\/div>\n\t\t\t\t\t<\/div>\n\t\t<\/section>\n\t\t\t\t<\/div>\n\t\t","protected":false},"excerpt":{"rendered":"<p>Cr\u00e9ation 2010 Lecture-concert \u00c0 partir des romans \u00e9ponymes d\u2019Henry Bauchau Mise en sc\u00e8ne\u00a0: Baptiste Etard \/ Jeu\u00a0: Claire Perraudeau et Jean-Luc Vincent \/ Univers sonore\u00a0: Fran\u00e7ois Tarot \/ R\u00e9gie\u00a0: Herv\u00e9 Chapelon Dans son roman \u0152dipe sur la route, \u00e9crit dans les ann\u00e9es quatre-vingt, Henry Bauchau invente un \u00e9pisode oubli\u00e9 par les r\u00e9cits antiques\u00a0: le voyage de l\u2019ancien roi de Th\u00e8bes, qui, se d\u00e9couvrant incestueux et parricide, s\u2019est crev\u00e9 les yeux. Il mettra dix ans pour rejoindre Colone, accompagn\u00e9 par la tr\u00e8s jeune Antigone. Son r\u00e9cit se transforme en une \u00e9pop\u00e9e foisonnante et fait de cette errance une longue reconqu\u00eate de soi. Sur la route, \u0152dipe devient un po\u00e8te-chanteur, un a\u00e8de, et r\u00e9int\u00e8gre, de cette fa\u00e7on, la communaut\u00e9 des hommes dont il s\u2019\u00e9tait exclu. Pour transmettre ce r\u00e9cit mythique, deux com\u00e9diens et un musicien s\u2019installent dans la ville avec leur remorque transform\u00e9e en studio d\u2019enregistrement nomade. Invitant le public \u00e0 les \u00e9couter au casque, ils proposent des extraits du roman. Ils naviguent entre lecture, concert et conte radiophonique. \u00a0 En coproduction avec L\u2019Adda. Sc\u00e8nes Crois\u00e9es de Loz\u00e8re. Avec le soutien de la DRAC Languedoc-Roussillon, de la r\u00e9gion Languedoc-Roussillon, du Conseil G\u00e9n\u00e9ral de la Loz\u00e8re, de la communaut\u00e9 de communes du Valdonnez, [&hellip;]<\/p>\n","protected":false},"author":1,"featured_media":297,"parent":140,"menu_order":0,"comment_status":"closed","ping_status":"closed","template":"","meta":{"_themeisle_gutenberg_block_has_review":false,"footnotes":""},"class_list":["post-820","page","type-page","status-publish","has-post-thumbnail","hentry"],"_links":{"self":[{"href":"https:\/\/lhivernu.com\/index.php\/wp-json\/wp\/v2\/pages\/820","targetHints":{"allow":["GET"]}}],"collection":[{"href":"https:\/\/lhivernu.com\/index.php\/wp-json\/wp\/v2\/pages"}],"about":[{"href":"https:\/\/lhivernu.com\/index.php\/wp-json\/wp\/v2\/types\/page"}],"author":[{"embeddable":true,"href":"https:\/\/lhivernu.com\/index.php\/wp-json\/wp\/v2\/users\/1"}],"replies":[{"embeddable":true,"href":"https:\/\/lhivernu.com\/index.php\/wp-json\/wp\/v2\/comments?post=820"}],"version-history":[{"count":5,"href":"https:\/\/lhivernu.com\/index.php\/wp-json\/wp\/v2\/pages\/820\/revisions"}],"predecessor-version":[{"id":5426,"href":"https:\/\/lhivernu.com\/index.php\/wp-json\/wp\/v2\/pages\/820\/revisions\/5426"}],"up":[{"embeddable":true,"href":"https:\/\/lhivernu.com\/index.php\/wp-json\/wp\/v2\/pages\/140"}],"wp:featuredmedia":[{"embeddable":true,"href":"https:\/\/lhivernu.com\/index.php\/wp-json\/wp\/v2\/media\/297"}],"wp:attachment":[{"href":"https:\/\/lhivernu.com\/index.php\/wp-json\/wp\/v2\/media?parent=820"}],"curies":[{"name":"wp","href":"https:\/\/api.w.org\/{rel}","templated":true}]}}