{"id":944,"date":"2016-09-19T11:13:43","date_gmt":"2016-09-19T09:13:43","guid":{"rendered":"http:\/\/lhivernu.wordpress.com\/?page_id=1"},"modified":"2026-04-16T14:04:06","modified_gmt":"2026-04-16T12:04:06","slug":"a-propos","status":"publish","type":"page","link":"https:\/\/lhivernu.com\/index.php\/a-propos\/","title":{"rendered":"La compagnie"},"content":{"rendered":"\t\t<div data-elementor-type=\"wp-page\" data-elementor-id=\"944\" class=\"elementor elementor-944\">\n\t\t\t\t\t\t<section class=\"elementor-section elementor-top-section elementor-element elementor-element-7a76cddb elementor-section-boxed elementor-section-height-default elementor-section-height-default\" data-id=\"7a76cddb\" data-element_type=\"section\" data-e-type=\"section\">\n\t\t\t\t\t\t<div class=\"elementor-container elementor-column-gap-default\">\n\t\t\t\t\t<div class=\"elementor-column elementor-col-100 elementor-top-column elementor-element elementor-element-1bbaa376\" data-id=\"1bbaa376\" data-element_type=\"column\" data-e-type=\"column\">\n\t\t\t<div class=\"elementor-widget-wrap elementor-element-populated\">\n\t\t\t\t\t\t<div class=\"elementor-element elementor-element-3e5cfa18 elementor-widget elementor-widget-text-editor\" data-id=\"3e5cfa18\" data-element_type=\"widget\" data-e-type=\"widget\" data-widget_type=\"text-editor.default\">\n\t\t\t\t<div class=\"elementor-widget-container\">\n\t\t\t\t\t\t\t\t\t<div class=\"center-text-v\"><p style=\"text-align: justify;\">La Cie L\u2019hiver Nu, cr\u00e9\u00e9e en mars 2007 \u00e0 Pantin (93), est install\u00e9e depuis 2009 \u00e0 Lanu\u00e9jols (48). <strong>Claire Perraudeau<\/strong> et <strong>Baptiste Etard<\/strong> se sont form\u00e9s \u00e0 l\u2019\u00e9cole du Samovar au d\u00e9but des ann\u00e9es 2000. \u00c0 l\u2019image de cette \u00e9cole \u00e0 l\u2019\u00e9poque pluridisciplinaire, leur parcours professionnel leur a permis de voyager dans des formes th\u00e9\u00e2trales vari\u00e9es. Ils affirment aujourd\u2019hui l\u2019identit\u00e9 singuli\u00e8re de leur compagnie riche de l\u2019ensemble des rencontres faites en th\u00e9\u00e2tre de texte avec Philippe Malone et Sylvain Levey, en th\u00e9\u00e2tre gestuel avec Catherine Dubois (proche du Th\u00e9\u00e2tre du Mouvement), en th\u00e9\u00e2tre visuel avec Serge Noyelle et en th\u00e9\u00e2tre de marionnettes avec Jean- Louis Heckel (La NEF).<\/p><p style=\"text-align: justify;\">Ils collaborent depuis la cr\u00e9ation de la compagnie avec Jean-Luc Vincent (com\u00e9dien et dramaturge des Chiens de Navarre) et ont exp\u00e9riment\u00e9 l\u2019improvisation et l\u2019\u00e9criture au plateau durant plus d\u2019un an de recherche avec Sylvain Creuzevault. Depuis deux ans, ils entretiennent des liens \u00e9troits avec la Cie \/\/ Interstice, dans la r\u00e9flexion et l\u2019exp\u00e9rimentation.<\/p><p style=\"text-align: justify;\">Leur recherche artistique se d\u00e9ploie aussi bien au sein des cr\u00e9ations, que dans l\u2019invention de nouveaux rapports au public et dans la mise en place d\u2019un lieu de compagnie d\u00e9di\u00e9 \u00e0 la cr\u00e9ation th\u00e9\u00e2trale contemporaine.<\/p><p style=\"text-align: justify;\"><strong>L&rsquo;Hiver Nu est compagnie complice aux Sc\u00e8nes Crois\u00e9es de Loz\u00e8re jusqu&rsquo;en 2021.<\/strong><\/p><p style=\"text-align: justify;\">\u00a0<\/p><\/div>\t\t\t\t\t\t\t\t<\/div>\n\t\t\t\t<\/div>\n\t\t\t\t<div class=\"elementor-element elementor-element-a22a160 elementor-widget elementor-widget-image\" data-id=\"a22a160\" data-element_type=\"widget\" data-e-type=\"widget\" data-widget_type=\"image.default\">\n\t\t\t\t<div class=\"elementor-widget-container\">\n\t\t\t\t\t\t\t\t\t\t\t\t\t\t\t\t<a href=\"https:\/\/lhivernu.com\/wp-content\/uploads\/2016\/09\/antigone-291x1.jpg\" data-elementor-open-lightbox=\"yes\" data-elementor-lightbox-title=\"antigone-291x\" data-e-action-hash=\"#elementor-action%3Aaction%3Dlightbox%26settings%3DeyJpZCI6MzI5LCJ1cmwiOiJodHRwczpcL1wvbGhpdmVybnUuY29tXC93cC1jb250ZW50XC91cGxvYWRzXC8yMDE2XC8wOVwvYW50aWdvbmUtMjkxeDEuanBnIn0%3D\">\n\t\t\t\t\t\t\t<img fetchpriority=\"high\" decoding=\"async\" width=\"768\" height=\"555\" src=\"https:\/\/lhivernu.com\/wp-content\/uploads\/2016\/09\/antigone-291x1-768x555.jpg\" class=\"attachment-medium_large size-medium_large wp-image-329\" alt=\"\" srcset=\"https:\/\/lhivernu.com\/wp-content\/uploads\/2016\/09\/antigone-291x1-768x555.jpg 768w, https:\/\/lhivernu.com\/wp-content\/uploads\/2016\/09\/antigone-291x1-300x217.jpg 300w, https:\/\/lhivernu.com\/wp-content\/uploads\/2016\/09\/antigone-291x1-1024x740.jpg 1024w\" sizes=\"(max-width: 768px) 100vw, 768px\" \/>\t\t\t\t\t\t\t\t<\/a>\n\t\t\t\t\t\t\t\t\t\t\t\t\t\t\t<\/div>\n\t\t\t\t<\/div>\n\t\t\t\t<div class=\"elementor-element elementor-element-44dd9c6 elementor-widget elementor-widget-text-editor\" data-id=\"44dd9c6\" data-element_type=\"widget\" data-e-type=\"widget\" data-widget_type=\"text-editor.default\">\n\t\t\t\t<div class=\"elementor-widget-container\">\n\t\t\t\t\t\t\t\t\t<p style=\"text-align: justify;\"><span style=\"font-weight: 600;\">Quelques dates :<\/span><\/p><p style=\"text-align: justify;\"><span style=\"font-weight: 600;\">En 2008<\/span>, la compagnie cr\u00e9e un feuilleton de th\u00e9\u00e2tre chez l\u2019habitant en 9 \u00e9pisodes :\u00a0<em>J\u2019ai March\u00e9 sous les Pierres<\/em>. Le projet a fait l\u2019objet d\u2019une commande d\u2019\u00e9criture \u00e0 4 auteurs : Marine Auriol, Perrine Griselin, Yannick Le Nagard et Sylvain Levey. Ce fut un v\u00e9ritable marathon th\u00e9\u00e2tral, avec une cr\u00e9ation par mois pendant un an.<\/p><p style=\"text-align: justify;\"><span style=\"font-weight: 600;\">En 2010-2011<\/span>, en parall\u00e8le de son installation en Loz\u00e8re, la compagnie m\u00e8ne une seconde cr\u00e9ation :\u00a0<em>Oedipe sur la route<\/em>\u00a0et\u00a0<em>Antigone<\/em>, diptyque th\u00e9\u00e2tral d\u2019apr\u00e8s les romans \u00e9ponymes d\u2019Henry Bauchau. Il s\u2019agissait d\u00e9j\u00e0 pour les spectateurs d\u2019un voyage entre la rue et le th\u00e9\u00e2tre de salle.<\/p><p style=\"text-align: justify;\"><span style=\"font-weight: 600;\">En 2013<\/span>, la rencontre avec Sylvain Creuzevault \u00e0 l\u2019occasion de sa cr\u00e9ation\u00a0<em>Le Capital et son Singe<\/em>\u00a0engage l\u2019\u00e9quipe de l\u2019Hiver Nu \u00e0 mettre la compagnie entre parenth\u00e8ses pour 2 ans.<\/p><p style=\"text-align: justify;\"><span style=\"font-weight: 600;\">2015<\/span>\u00a0est donc l\u2019ann\u00e9e de la reprise des activit\u00e9s de la Cie : accueils en r\u00e9sidences, ateliers de pratique et mise en place des Banquets d\u2019hiver : cette ouverture mensuelle du lieu se fait en lien direct avec la recherche artistique de la Cie par le biais de lectures, de performances et de propositions artistiques d\u00e9cal\u00e9es. Le lieu devient alors espace de r\u00e9flexion et de cr\u00e9ation permanente&#8230;<\/p><p style=\"text-align: justify;\"><span style=\"font-weight: 600;\">2015<\/span>\u00a0est aussi l\u2019ann\u00e9e de la cr\u00e9ation de\u00a0<em>Toute la joie possible des Apaches<\/em>, spectacle de th\u00e9\u00e2tre, ombres et marionnettes, con\u00e7u par Claire Perraudeau. Avec Baptiste Etard, ils affirment dans cette cr\u00e9ation une esth\u00e9tique et une d\u00e9marche d\u2019\u00e9criture propre, dite Kal\u00e9idoscopique. Ils y d\u00e9terminent aussi leur n\u00e9cessit\u00e9 d\u2019int\u00e9grer leur r\u00e9flexion de cr\u00e9ation au champ politique et social. Cr\u00e9\u00e9 en Loz\u00e8re, ce spectacle a ensuite \u00e9t\u00e9 repris en r\u00e9gion parisienne.<\/p><p style=\"text-align: justify;\">En f\u00e9vrier\u00a0<span style=\"font-weight: 600;\">2017<\/span>, la compagnie l\u2019Hiver Nu cr\u00e9e\u00a0<em>Souliers de Sable<\/em>, de Suzanne Lebeau, spectacle de th\u00e9\u00e2tre et d\u2019ombres \u00e0 partir de 4 ans, et commence l\u2019\u00e9laboration de la prochaine cr\u00e9ation\u00a0<em>Un Pas au milieu des Dragons<\/em>.<\/p>\t\t\t\t\t\t\t\t<\/div>\n\t\t\t\t<\/div>\n\t\t\t\t\t<\/div>\n\t\t<\/div>\n\t\t\t\t\t<\/div>\n\t\t<\/section>\n\t\t\t\t<section class=\"elementor-section elementor-top-section elementor-element elementor-element-71bcf1e elementor-section-boxed elementor-section-height-default elementor-section-height-default\" data-id=\"71bcf1e\" data-element_type=\"section\" data-e-type=\"section\">\n\t\t\t\t\t\t<div class=\"elementor-container elementor-column-gap-default\">\n\t\t\t\t\t<div class=\"elementor-column elementor-col-33 elementor-top-column elementor-element elementor-element-3ac5560\" data-id=\"3ac5560\" data-element_type=\"column\" data-e-type=\"column\">\n\t\t\t<div class=\"elementor-widget-wrap elementor-element-populated\">\n\t\t\t\t\t\t<div class=\"elementor-element elementor-element-f99e689 elementor-widget elementor-widget-image\" data-id=\"f99e689\" data-element_type=\"widget\" data-e-type=\"widget\" data-widget_type=\"image.default\">\n\t\t\t\t<div class=\"elementor-widget-container\">\n\t\t\t\t\t\t\t\t\t\t\t\t\t\t\t\t<a href=\"https:\/\/lhivernu.com\/wp-content\/uploads\/2017\/10\/dragons.jpg\" data-elementor-open-lightbox=\"yes\" data-elementor-lightbox-title=\"Dragons\" data-e-action-hash=\"#elementor-action%3Aaction%3Dlightbox%26settings%3DeyJpZCI6MTE1OCwidXJsIjoiaHR0cHM6XC9cL2xoaXZlcm51LmNvbVwvd3AtY29udGVudFwvdXBsb2Fkc1wvMjAxN1wvMTBcL2RyYWdvbnMuanBnIn0%3D\">\n\t\t\t\t\t\t\t<img decoding=\"async\" width=\"300\" height=\"300\" src=\"https:\/\/lhivernu.com\/wp-content\/uploads\/2017\/10\/dragons-300x300.jpg\" class=\"attachment-medium size-medium wp-image-1158\" alt=\"\" srcset=\"https:\/\/lhivernu.com\/wp-content\/uploads\/2017\/10\/dragons-300x300.jpg 300w, https:\/\/lhivernu.com\/wp-content\/uploads\/2017\/10\/dragons-150x150.jpg 150w, https:\/\/lhivernu.com\/wp-content\/uploads\/2017\/10\/dragons-100x100.jpg 100w, https:\/\/lhivernu.com\/wp-content\/uploads\/2017\/10\/dragons.jpg 415w\" sizes=\"(max-width: 300px) 100vw, 300px\" \/>\t\t\t\t\t\t\t\t<\/a>\n\t\t\t\t\t\t\t\t\t\t\t\t\t\t\t<\/div>\n\t\t\t\t<\/div>\n\t\t\t\t\t<\/div>\n\t\t<\/div>\n\t\t\t\t<div class=\"elementor-column elementor-col-33 elementor-top-column elementor-element elementor-element-7bd9266\" data-id=\"7bd9266\" data-element_type=\"column\" data-e-type=\"column\">\n\t\t\t<div class=\"elementor-widget-wrap elementor-element-populated\">\n\t\t\t\t\t\t<div class=\"elementor-element elementor-element-9ede706 elementor-widget elementor-widget-image\" data-id=\"9ede706\" data-element_type=\"widget\" data-e-type=\"widget\" data-widget_type=\"image.default\">\n\t\t\t\t<div class=\"elementor-widget-container\">\n\t\t\t\t\t\t\t\t\t\t\t\t\t\t\t\t<a href=\"https:\/\/lhivernu.com\/wp-content\/uploads\/2017\/03\/p1000397.jpg\" data-elementor-open-lightbox=\"yes\" data-elementor-lightbox-title=\"P1000397\" data-e-action-hash=\"#elementor-action%3Aaction%3Dlightbox%26settings%3DeyJpZCI6NzIyLCJ1cmwiOiJodHRwczpcL1wvbGhpdmVybnUuY29tXC93cC1jb250ZW50XC91cGxvYWRzXC8yMDE3XC8wM1wvcDEwMDAzOTcuanBnIn0%3D\">\n\t\t\t\t\t\t\t<img decoding=\"async\" width=\"300\" height=\"225\" src=\"https:\/\/lhivernu.com\/wp-content\/uploads\/2017\/03\/p1000397-300x225.jpg\" class=\"attachment-medium size-medium wp-image-722\" alt=\"\" srcset=\"https:\/\/lhivernu.com\/wp-content\/uploads\/2017\/03\/p1000397-300x225.jpg 300w, https:\/\/lhivernu.com\/wp-content\/uploads\/2017\/03\/p1000397-768x577.jpg 768w, https:\/\/lhivernu.com\/wp-content\/uploads\/2017\/03\/p1000397-1024x769.jpg 1024w\" sizes=\"(max-width: 300px) 100vw, 300px\" \/>\t\t\t\t\t\t\t\t<\/a>\n\t\t\t\t\t\t\t\t\t\t\t\t\t\t\t<\/div>\n\t\t\t\t<\/div>\n\t\t\t\t\t<\/div>\n\t\t<\/div>\n\t\t\t\t<div class=\"elementor-column elementor-col-33 elementor-top-column elementor-element elementor-element-287d8ad\" data-id=\"287d8ad\" data-element_type=\"column\" data-e-type=\"column\">\n\t\t\t<div class=\"elementor-widget-wrap elementor-element-populated\">\n\t\t\t\t\t\t<div class=\"elementor-element elementor-element-5a92dfa elementor-widget elementor-widget-image\" data-id=\"5a92dfa\" data-element_type=\"widget\" data-e-type=\"widget\" data-widget_type=\"image.default\">\n\t\t\t\t<div class=\"elementor-widget-container\">\n\t\t\t\t\t\t\t\t\t\t\t\t\t\t\t\t<a href=\"https:\/\/lhivernu.com\/wp-content\/uploads\/2017\/03\/profil-ombre.jpeg\" data-elementor-open-lightbox=\"yes\" data-elementor-lightbox-title=\"profil-ombre\" data-e-action-hash=\"#elementor-action%3Aaction%3Dlightbox%26settings%3DeyJpZCI6ODA2LCJ1cmwiOiJodHRwczpcL1wvbGhpdmVybnUuY29tXC93cC1jb250ZW50XC91cGxvYWRzXC8yMDE3XC8wM1wvcHJvZmlsLW9tYnJlLmpwZWcifQ%3D%3D\">\n\t\t\t\t\t\t\t<img loading=\"lazy\" decoding=\"async\" width=\"300\" height=\"225\" src=\"https:\/\/lhivernu.com\/wp-content\/uploads\/2017\/03\/profil-ombre-300x225.jpeg\" class=\"attachment-medium size-medium wp-image-806\" alt=\"\" srcset=\"https:\/\/lhivernu.com\/wp-content\/uploads\/2017\/03\/profil-ombre-300x225.jpeg 300w, https:\/\/lhivernu.com\/wp-content\/uploads\/2017\/03\/profil-ombre-768x575.jpeg 768w, https:\/\/lhivernu.com\/wp-content\/uploads\/2017\/03\/profil-ombre-1024x767.jpeg 1024w, https:\/\/lhivernu.com\/wp-content\/uploads\/2017\/03\/profil-ombre.jpeg 1280w\" sizes=\"(max-width: 300px) 100vw, 300px\" \/>\t\t\t\t\t\t\t\t<\/a>\n\t\t\t\t\t\t\t\t\t\t\t\t\t\t\t<\/div>\n\t\t\t\t<\/div>\n\t\t\t\t\t<\/div>\n\t\t<\/div>\n\t\t\t\t\t<\/div>\n\t\t<\/section>\n\t\t\t\t<section class=\"elementor-section elementor-top-section elementor-element elementor-element-3b20d0d elementor-section-boxed elementor-section-height-default elementor-section-height-default\" data-id=\"3b20d0d\" data-element_type=\"section\" data-e-type=\"section\">\n\t\t\t\t\t\t<div class=\"elementor-container elementor-column-gap-default\">\n\t\t\t\t\t<div class=\"elementor-column elementor-col-33 elementor-top-column elementor-element elementor-element-76c0aec\" data-id=\"76c0aec\" data-element_type=\"column\" data-e-type=\"column\">\n\t\t\t<div class=\"elementor-widget-wrap elementor-element-populated\">\n\t\t\t\t\t\t<div class=\"elementor-element elementor-element-e17d3e1 elementor-widget elementor-widget-image\" data-id=\"e17d3e1\" data-element_type=\"widget\" data-e-type=\"widget\" data-widget_type=\"image.default\">\n\t\t\t\t<div class=\"elementor-widget-container\">\n\t\t\t\t\t\t\t\t\t\t\t\t\t\t\t\t<a href=\"https:\/\/lhivernu.com\/wp-content\/uploads\/2016\/09\/antigone-320.jpg\" data-elementor-open-lightbox=\"yes\" data-elementor-lightbox-title=\"antigone-320\" data-e-action-hash=\"#elementor-action%3Aaction%3Dlightbox%26settings%3DeyJpZCI6MzQwLCJ1cmwiOiJodHRwczpcL1wvbGhpdmVybnUuY29tXC93cC1jb250ZW50XC91cGxvYWRzXC8yMDE2XC8wOVwvYW50aWdvbmUtMzIwLmpwZyJ9\">\n\t\t\t\t\t\t\t<img loading=\"lazy\" decoding=\"async\" width=\"300\" height=\"199\" src=\"https:\/\/lhivernu.com\/wp-content\/uploads\/2016\/09\/antigone-320-300x199.jpg\" class=\"attachment-medium size-medium wp-image-340\" alt=\"\" srcset=\"https:\/\/lhivernu.com\/wp-content\/uploads\/2016\/09\/antigone-320-300x199.jpg 300w, https:\/\/lhivernu.com\/wp-content\/uploads\/2016\/09\/antigone-320-768x510.jpg 768w, https:\/\/lhivernu.com\/wp-content\/uploads\/2016\/09\/antigone-320-1024x680.jpg 1024w\" sizes=\"(max-width: 300px) 100vw, 300px\" \/>\t\t\t\t\t\t\t\t<\/a>\n\t\t\t\t\t\t\t\t\t\t\t\t\t\t\t<\/div>\n\t\t\t\t<\/div>\n\t\t\t\t\t<\/div>\n\t\t<\/div>\n\t\t\t\t<div class=\"elementor-column elementor-col-33 elementor-top-column elementor-element elementor-element-4647181\" data-id=\"4647181\" data-element_type=\"column\" data-e-type=\"column\">\n\t\t\t<div class=\"elementor-widget-wrap elementor-element-populated\">\n\t\t\t\t\t\t<div class=\"elementor-element elementor-element-d769e73 elementor-widget elementor-widget-image\" data-id=\"d769e73\" data-element_type=\"widget\" data-e-type=\"widget\" data-widget_type=\"image.default\">\n\t\t\t\t<div class=\"elementor-widget-container\">\n\t\t\t\t\t\t\t\t\t\t\t\t\t\t\t\t<a href=\"https:\/\/lhivernu.com\/wp-content\/uploads\/2016\/09\/filage-spectacle-time-lapse-404.jpg\" data-elementor-open-lightbox=\"yes\" data-elementor-lightbox-title=\"filage-spectacle-time-lapse-404\" data-e-action-hash=\"#elementor-action%3Aaction%3Dlightbox%26settings%3DeyJpZCI6Mjk3LCJ1cmwiOiJodHRwczpcL1wvbGhpdmVybnUuY29tXC93cC1jb250ZW50XC91cGxvYWRzXC8yMDE2XC8wOVwvZmlsYWdlLXNwZWN0YWNsZS10aW1lLWxhcHNlLTQwNC5qcGcifQ%3D%3D\">\n\t\t\t\t\t\t\t<img loading=\"lazy\" decoding=\"async\" width=\"300\" height=\"199\" src=\"https:\/\/lhivernu.com\/wp-content\/uploads\/2016\/09\/filage-spectacle-time-lapse-404-300x199.jpg\" class=\"attachment-medium size-medium wp-image-297\" alt=\"\" srcset=\"https:\/\/lhivernu.com\/wp-content\/uploads\/2016\/09\/filage-spectacle-time-lapse-404-300x199.jpg 300w, https:\/\/lhivernu.com\/wp-content\/uploads\/2016\/09\/filage-spectacle-time-lapse-404-768x510.jpg 768w, https:\/\/lhivernu.com\/wp-content\/uploads\/2016\/09\/filage-spectacle-time-lapse-404-1024x680.jpg 1024w\" sizes=\"(max-width: 300px) 100vw, 300px\" \/>\t\t\t\t\t\t\t\t<\/a>\n\t\t\t\t\t\t\t\t\t\t\t\t\t\t\t<\/div>\n\t\t\t\t<\/div>\n\t\t\t\t\t<\/div>\n\t\t<\/div>\n\t\t\t\t<div class=\"elementor-column elementor-col-33 elementor-top-column elementor-element elementor-element-f4ad938\" data-id=\"f4ad938\" data-element_type=\"column\" data-e-type=\"column\">\n\t\t\t<div class=\"elementor-widget-wrap elementor-element-populated\">\n\t\t\t\t\t\t<div class=\"elementor-element elementor-element-0fe55f0 elementor-widget elementor-widget-image\" data-id=\"0fe55f0\" data-element_type=\"widget\" data-e-type=\"widget\" data-widget_type=\"image.default\">\n\t\t\t\t<div class=\"elementor-widget-container\">\n\t\t\t\t\t\t\t\t\t\t\t\t\t\t\t\t<a href=\"https:\/\/lhivernu.com\/wp-content\/uploads\/2016\/09\/dscf4962.jpg\" data-elementor-open-lightbox=\"yes\" data-elementor-lightbox-title=\"dscf4962\" data-e-action-hash=\"#elementor-action%3Aaction%3Dlightbox%26settings%3DeyJpZCI6Mjk1LCJ1cmwiOiJodHRwczpcL1wvbGhpdmVybnUuY29tXC93cC1jb250ZW50XC91cGxvYWRzXC8yMDE2XC8wOVwvZHNjZjQ5NjIuanBnIn0%3D\">\n\t\t\t\t\t\t\t<img loading=\"lazy\" decoding=\"async\" width=\"225\" height=\"300\" src=\"https:\/\/lhivernu.com\/wp-content\/uploads\/2016\/09\/dscf4962-225x300.jpg\" class=\"attachment-medium size-medium wp-image-295\" alt=\"\" srcset=\"https:\/\/lhivernu.com\/wp-content\/uploads\/2016\/09\/dscf4962-225x300.jpg 225w, https:\/\/lhivernu.com\/wp-content\/uploads\/2016\/09\/dscf4962-768x1024.jpg 768w\" sizes=\"(max-width: 225px) 100vw, 225px\" \/>\t\t\t\t\t\t\t\t<\/a>\n\t\t\t\t\t\t\t\t\t\t\t\t\t\t\t<\/div>\n\t\t\t\t<\/div>\n\t\t\t\t\t<\/div>\n\t\t<\/div>\n\t\t\t\t\t<\/div>\n\t\t<\/section>\n\t\t\t\t<\/div>\n\t\t","protected":false},"excerpt":{"rendered":"<p>La Cie L\u2019hiver Nu, cr\u00e9\u00e9e en mars 2007 \u00e0 Pantin (93), est install\u00e9e depuis 2009 \u00e0 Lanu\u00e9jols (48). Claire Perraudeau et Baptiste Etard se sont form\u00e9s \u00e0 l\u2019\u00e9cole du Samovar au d\u00e9but des ann\u00e9es 2000. \u00c0 l\u2019image de cette \u00e9cole \u00e0 l\u2019\u00e9poque pluridisciplinaire, leur parcours professionnel leur a permis de voyager dans des formes th\u00e9\u00e2trales vari\u00e9es. Ils affirment aujourd\u2019hui l\u2019identit\u00e9 singuli\u00e8re de leur compagnie riche de l\u2019ensemble des rencontres faites en th\u00e9\u00e2tre de texte avec Philippe Malone et Sylvain Levey, en th\u00e9\u00e2tre gestuel avec Catherine Dubois (proche du Th\u00e9\u00e2tre du Mouvement), en th\u00e9\u00e2tre visuel avec Serge Noyelle et en th\u00e9\u00e2tre de marionnettes avec Jean- Louis Heckel (La NEF). Ils collaborent depuis la cr\u00e9ation de la compagnie avec Jean-Luc Vincent (com\u00e9dien et dramaturge des Chiens de Navarre) et ont exp\u00e9riment\u00e9 l\u2019improvisation et l\u2019\u00e9criture au plateau durant plus d\u2019un an de recherche avec Sylvain Creuzevault. Depuis deux ans, ils entretiennent des liens \u00e9troits avec la Cie \/\/ Interstice, dans la r\u00e9flexion et l\u2019exp\u00e9rimentation. Leur recherche artistique se d\u00e9ploie aussi bien au sein des cr\u00e9ations, que dans l\u2019invention de nouveaux rapports au public et dans la mise en place d\u2019un lieu de compagnie d\u00e9di\u00e9 \u00e0 la cr\u00e9ation th\u00e9\u00e2trale contemporaine. L&rsquo;Hiver Nu est compagnie [&hellip;]<\/p>\n","protected":false},"author":1,"featured_media":316,"parent":0,"menu_order":0,"comment_status":"closed","ping_status":"closed","template":"","meta":{"_themeisle_gutenberg_block_has_review":false,"footnotes":""},"class_list":["post-944","page","type-page","status-publish","has-post-thumbnail","hentry"],"_links":{"self":[{"href":"https:\/\/lhivernu.com\/index.php\/wp-json\/wp\/v2\/pages\/944","targetHints":{"allow":["GET"]}}],"collection":[{"href":"https:\/\/lhivernu.com\/index.php\/wp-json\/wp\/v2\/pages"}],"about":[{"href":"https:\/\/lhivernu.com\/index.php\/wp-json\/wp\/v2\/types\/page"}],"author":[{"embeddable":true,"href":"https:\/\/lhivernu.com\/index.php\/wp-json\/wp\/v2\/users\/1"}],"replies":[{"embeddable":true,"href":"https:\/\/lhivernu.com\/index.php\/wp-json\/wp\/v2\/comments?post=944"}],"version-history":[{"count":62,"href":"https:\/\/lhivernu.com\/index.php\/wp-json\/wp\/v2\/pages\/944\/revisions"}],"predecessor-version":[{"id":5458,"href":"https:\/\/lhivernu.com\/index.php\/wp-json\/wp\/v2\/pages\/944\/revisions\/5458"}],"wp:featuredmedia":[{"embeddable":true,"href":"https:\/\/lhivernu.com\/index.php\/wp-json\/wp\/v2\/media\/316"}],"wp:attachment":[{"href":"https:\/\/lhivernu.com\/index.php\/wp-json\/wp\/v2\/media?parent=944"}],"curies":[{"name":"wp","href":"https:\/\/api.w.org\/{rel}","templated":true}]}}